{"id":2159,"date":"2021-04-21T11:59:29","date_gmt":"2021-04-21T09:59:29","guid":{"rendered":"https:\/\/www.travel2srilanka.ch\/?page_id=2159"},"modified":"2021-09-30T14:35:34","modified_gmt":"2021-09-30T12:35:34","slug":"ueber-uns","status":"publish","type":"page","link":"https:\/\/www.travel2srilanka.ch\/pl\/ueber-uns\/","title":{"rendered":"O nas"},"content":{"rendered":"<div class=\"vc_row wpb_row vc_row-fluid\"><div class=\"wpb_column vc_column_container vc_col-sm-12\"><div class=\"vc_column-inner\"><div class=\"wpb_wrapper\"><div style=\"background-color:;height: 20px\" class=\"nicdark_section\"><\/div>\n\t<div class=\"wpb_text_column wpb_content_element\" >\n\t\t<div class=\"wpb_wrapper\">\n\t\t\t<h2><strong>Szwajcarska jako\u015b\u0107 z lankijskimi korzeniami<\/strong><\/h2>\n\n\t\t<\/div>\n\t<\/div>\n<div style=\"background-color:;height: 10px\" class=\"nicdark_section\"><\/div><\/div><\/div><\/div><\/div><div class=\"vc_row wpb_row vc_row-fluid\"><div class=\"wpb_column vc_column_container vc_col-sm-6\"><div class=\"vc_column-inner\"><div class=\"wpb_wrapper\"><div style=\"background-color:;height: 20px\" class=\"nicdark_section\"><\/div>\n\t<div class=\"wpb_text_column wpb_content_element\" >\n\t\t<div class=\"wpb_wrapper\">\n\t\t\t<p>Jeste\u015bmy ma\u0142\u0105 rodzinn\u0105 firm\u0105 z bogatym do\u015bwiadczeniem i g\u0142\u0119bokimi korzeniami zar\u00f3wno na Sri Lance, jak i w Szwajcarii. Fredy G\u00f6tsch sp\u0119dzi\u0142 pierwsze lata \u017cycia na Sri Lance i ucz\u0119szcza\u0142 do szko\u0142y w Kolombo, po czym wraz z rodzin\u0105 przeni\u00f3s\u0142 si\u0119 do Szwajcarii. Jako obywatel Szwajcarii doskonale zna wysokie wymagania i potrzeby szwajcarskich klient\u00f3w. Ju\u017c jako dziecko podr\u00f3\u017cowa\u0142 z rodzicami po Sri Lance i od tamtej pory co roku wraca, aby sp\u0119dzi\u0107 wakacje na tej wymarzonej wyspie z przyjaci\u00f3\u0142mi i krewnymi.<\/p>\n\n\t\t<\/div>\n\t<\/div>\n<div style=\"background-color:;height: 10px\" class=\"nicdark_section\"><\/div><\/div><\/div><\/div><div class=\"wpb_column vc_column_container vc_col-sm-6\"><div class=\"vc_column-inner\"><div class=\"wpb_wrapper\"><div style=\"background-color:;height: 20px\" class=\"nicdark_section\"><\/div>\n\t<div  class=\"wpb_single_image wpb_content_element vc_align_center\">\n\t\t\n\t\t<figure class=\"wpb_wrapper vc_figure\">\n\t\t\t<div class=\"vc_single_image-wrapper vc_box_rounded  vc_box_border_grey\"><img loading=\"lazy\" decoding=\"async\" width=\"300\" height=\"238\" src=\"https:\/\/www.travel2srilanka.ch\/wp-content\/uploads\/2021\/09\/IMG-2898-cut-1-300x238.jpg\" class=\"vc_single_image-img attachment-medium\" alt=\"\" title=\"IMG-2898 cut+\" srcset=\"https:\/\/www.travel2srilanka.ch\/wp-content\/uploads\/2021\/09\/IMG-2898-cut-1-300x238.jpg 300w, https:\/\/www.travel2srilanka.ch\/wp-content\/uploads\/2021\/09\/IMG-2898-cut-1-1024x812.jpg 1024w, https:\/\/www.travel2srilanka.ch\/wp-content\/uploads\/2021\/09\/IMG-2898-cut-1-768x609.jpg 768w, https:\/\/www.travel2srilanka.ch\/wp-content\/uploads\/2021\/09\/IMG-2898-cut-1-1536x1217.jpg 1536w, https:\/\/www.travel2srilanka.ch\/wp-content\/uploads\/2021\/09\/IMG-2898-cut-1-600x476.jpg 600w, https:\/\/www.travel2srilanka.ch\/wp-content\/uploads\/2021\/09\/IMG-2898-cut-1.jpg 1842w\" sizes=\"auto, (max-width: 300px) 100vw, 300px\" \/><\/div>\n\t\t<\/figure>\n\t<\/div>\n<div style=\"background-color:;height: 10px\" class=\"nicdark_section\"><\/div><\/div><\/div><\/div><\/div><div class=\"vc_row wpb_row vc_row-fluid\"><div class=\"wpb_column vc_column_container vc_col-sm-6\"><div class=\"vc_column-inner\"><div class=\"wpb_wrapper\"><div style=\"background-color:;height: 20px\" class=\"nicdark_section\"><\/div>\n\t<div class=\"wpb_text_column wpb_content_element\" >\n\t\t<div class=\"wpb_wrapper\">\n\t\t\t<p>Na miejscu za organizacj\u0119 wszystkich wycieczek odpowiada wujek Fredy'ego, Chris John. Chris jest zwi\u0105zany z bran\u017c\u0105 turystyczn\u0105 od ponad 25 lat, a od 18 lat pracuje dla szwajcarskiego touroperatora Kuoni. Zna wszystkie tradycyjne i nowe kierunki oraz trasy podr\u00f3\u017cy. Utrzymuje intensywne i sta\u0142e kontakty z najpopularniejszymi miejscami noclegowymi oraz lokalnymi organizatorami wycieczek i jest zawsze dost\u0119pny dla naszych klient\u00f3w. Oznacza to, \u017ce masz do dyspozycji osob\u0119 kontaktow\u0105 w Szwajcarii oraz na Sri Lance przez 24 godziny na dob\u0119, 7 dni w tygodniu.<\/p>\n\n\t\t<\/div>\n\t<\/div>\n<div style=\"background-color:;height: 10px\" class=\"nicdark_section\"><\/div><\/div><\/div><\/div><div class=\"wpb_column vc_column_container vc_col-sm-6\"><div class=\"vc_column-inner\"><div class=\"wpb_wrapper\"><div style=\"background-color:;height: 20px\" class=\"nicdark_section\"><\/div>\n\t<div  class=\"wpb_single_image wpb_content_element vc_align_center\">\n\t\t\n\t\t<figure class=\"wpb_wrapper vc_figure\">\n\t\t\t<div class=\"vc_single_image-wrapper vc_box_rounded  vc_box_border_grey\"><img loading=\"lazy\" decoding=\"async\" width=\"300\" height=\"247\" src=\"https:\/\/www.travel2srilanka.ch\/wp-content\/uploads\/2021\/09\/Chris-John-01-cut-300x247.jpg\" class=\"vc_single_image-img attachment-medium\" alt=\"\" title=\"Chris John 01 cut\" srcset=\"https:\/\/www.travel2srilanka.ch\/wp-content\/uploads\/2021\/09\/Chris-John-01-cut-300x247.jpg 300w, https:\/\/www.travel2srilanka.ch\/wp-content\/uploads\/2021\/09\/Chris-John-01-cut-768x633.jpg 768w, https:\/\/www.travel2srilanka.ch\/wp-content\/uploads\/2021\/09\/Chris-John-01-cut-600x495.jpg 600w, https:\/\/www.travel2srilanka.ch\/wp-content\/uploads\/2021\/09\/Chris-John-01-cut.jpg 820w\" sizes=\"auto, (max-width: 300px) 100vw, 300px\" \/><\/div>\n\t\t<\/figure>\n\t<\/div>\n<div style=\"background-color:;height: 10px\" class=\"nicdark_section\"><\/div><\/div><\/div><\/div><\/div><div class=\"vc_row wpb_row vc_row-fluid\"><div class=\"wpb_column vc_column_container vc_col-sm-12\"><div class=\"vc_column-inner\"><div class=\"wpb_wrapper\"><div style=\"background-color:;height: 20px\" class=\"nicdark_section\"><\/div>\n\t<div class=\"wpb_text_column wpb_content_element\" >\n\t\t<div class=\"wpb_wrapper\">\n\t\t\t<p>Wspiera nas lokalny zesp\u00f3\u0142 z kilkudziesi\u0119cioletnim do\u015bwiadczeniem turystycznym oraz rozbudowana sie\u0107 regionalnych i mi\u0119dzynarodowych hoteli, pensjonat\u00f3w, przewodnik\u00f3w i kierowc\u00f3w.<\/p>\n\n\t\t<\/div>\n\t<\/div>\n<div style=\"background-color:;height: 10px\" class=\"nicdark_section\"><\/div><\/div><\/div><\/div><\/div><div class=\"vc_row wpb_row vc_row-fluid\"><div class=\"wpb_column vc_column_container vc_col-sm-12\"><div class=\"vc_column-inner\"><div class=\"wpb_wrapper\"><div style=\"background-color:;height: 20px\" class=\"nicdark_section\"><\/div>\n\t<div class=\"wpb_text_column wpb_content_element\" >\n\t\t<div class=\"wpb_wrapper\">\n\t\t\t<p>Je\u015bli wolisz spotka\u0107 si\u0119 osobi\u015bcie, zapraszamy do odwiedzenia nas w Gossau SG. Z przyjemno\u015bci\u0105 po\u015bwi\u0119cimy czas na om\u00f3wienie z Pa\u0144stwem bezpo\u015brednio wymarzonych wakacji na Sri Lance. Jak przebiega proces rezerwacji i p\u0142atno\u015bci? Kliknij ten <a href=\"https:\/\/www.travel2srilanka.ch\/pl\/reiseabwicklung\/\" target=\"_blank\" rel=\"noopener\">Link<\/a>.<\/p>\n\n\t\t<\/div>\n\t<\/div>\n<\/div><\/div><\/div><\/div><div class=\"vc_row wpb_row vc_row-fluid\"><div class=\"wpb_column vc_column_container vc_col-sm-12\"><div class=\"vc_column-inner\"><div class=\"wpb_wrapper\"><div style=\"background-color:;height: 50px\" class=\"nicdark_section\"><\/div>\n\t<div class=\"wpb_text_column wpb_content_element\" >\n\t\t<div class=\"wpb_wrapper\">\n\t\t\t<h2 id=\"unsere-dienstleistungen\"><strong>Nasze us\u0142ugi<\/strong><\/h2>\n\n\t\t<\/div>\n\t<\/div>\n<div style=\"background-color:;height: 40px\" class=\"nicdark_section\"><\/div><\/div><\/div><\/div><\/div><div class=\"vc_row wpb_row vc_row-fluid\"><div class=\"wpb_column vc_column_container vc_col-sm-12\"><div class=\"vc_column-inner\"><div class=\"wpb_wrapper\">\n\n    <div class=\"nd_options_section nd_options_position_relative\">\n\n        <img decoding=\"async\" style=\"top:0px\" alt=\"\" class=\"nd_options_position_absolute nd_options_left_0\" width=\"50\" src=\"https:\/\/www.travel2srilanka.ch\/wp-content\/uploads\/2021\/09\/travel-girl.png\">\n\n        <div style=\"padding-left:70px\" class=\"nd_options_section nd_options_box_sizing_border_box\">\n            \n            <h3 class=\"nd_options_first_font\" style=\"margin:;color:;font-size:20px;line-height:20px\">Indywidualne podr\u00f3\u017cowanie<\/h3> \n            <p class=\"nd_options_first_font 14\" style=\"margin:10px 0px;color:;font-size:14px;line-height:24px\">Naszym g\u0142\u00f3wnym celem jest tworzenie wycieczek na Sri Lank\u0119 dostosowanych do indywidualnych potrzeb, tak aby\u015b m\u00f3g\u0142 z \u0142atwo\u015bci\u0105 cieszy\u0107 si\u0119 wymarzonymi wakacjami. Przetestowali\u015bmy wszystkie atrakcje i miejsca. Wycieczki obejmuj\u0105 r\u00f3wnie\u017c ca\u0142y transport i zakwaterowanie na Sri Lance. Loty mo\u017cna rezerwowa\u0107 samodzielnie lub przez nas.<\/p> \n            <a class=\"nd_options_display_inline_block\" style=\"font-size:14px;line-height:14px;border-radius:0px;border:0px solid;background-color:;padding:;color:#14b9d5\" rel=\"\" target=\"_blank\" href=\"https:\/\/www.travel2srilanka.ch\/pl\/kategorien\/\">Indywidualne podr\u00f3\u017cowanie<\/a>\n\n        <\/div>\n\n    <\/div>\n\n  <div style=\"background-color:;height: 30px\" class=\"nicdark_section\"><\/div><\/div><\/div><\/div><\/div><div class=\"vc_row wpb_row vc_row-fluid\"><div class=\"wpb_column vc_column_container vc_col-sm-12\"><div class=\"vc_column-inner\"><div class=\"wpb_wrapper\">\n\n    <div class=\"nd_options_section nd_options_position_relative\">\n\n        <img decoding=\"async\" style=\"top:0px\" alt=\"\" class=\"nd_options_position_absolute nd_options_left_0\" width=\"50\" src=\"https:\/\/www.travel2srilanka.ch\/wp-content\/uploads\/2021\/09\/brochure.png\">\n\n        <div style=\"padding-left:70px\" class=\"nd_options_section nd_options_box_sizing_border_box\">\n            \n            <h3 class=\"nd_options_first_font\" style=\"margin:;color:;font-size:20px;line-height:20px\">Pakiety wycieczek<\/h3> \n            <p class=\"nd_options_first_font 14\" style=\"margin:10px 0px;color:;font-size:14px;line-height:24px\">Posiadamy r\u00f3wnie\u017c wyb\u00f3r kompletnych pakiet\u00f3w wycieczkowych na Sri Lank\u0119. Zosta\u0142y one opracowane z my\u015bl\u0105 o r\u00f3\u017cnych zainteresowaniach i u\u0142atwiaj\u0105 wyb\u00f3r atrakcji i zaj\u0119\u0107. R\u00f3wnie\u017c w tym przypadku transport i zakwaterowanie na Sri Lance s\u0105 wliczone w cen\u0119, loty mo\u017cna zabukowa\u0107 samodzielnie lub przez nas.<\/p> \n            <a class=\"nd_options_display_inline_block\" style=\"font-size:14px;line-height:14px;border-radius:0px;border:0px solid;background-color:;padding:;color:#14b9d5\" rel=\"\" target=\"_blank\" href=\"https:\/\/www.travel2srilanka.ch\/pl\/destinations\/asia\/\">Pakiety wycieczek<\/a>\n\n        <\/div>\n\n    <\/div>\n\n  <div style=\"background-color:;height: 30px\" class=\"nicdark_section\"><\/div><\/div><\/div><\/div><\/div><div class=\"vc_row wpb_row vc_row-fluid\"><div class=\"wpb_column vc_column_container vc_col-sm-12\"><div class=\"vc_column-inner\"><div class=\"wpb_wrapper\">\n\n    <div class=\"nd_options_section nd_options_position_relative\">\n\n        <img decoding=\"async\" style=\"top:0px\" alt=\"\" class=\"nd_options_position_absolute nd_options_left_0\" width=\"50\" src=\"https:\/\/www.travel2srilanka.ch\/wp-content\/uploads\/2021\/09\/hotel.png\">\n\n        <div style=\"padding-left:70px\" class=\"nd_options_section nd_options_box_sizing_border_box\">\n            \n            <h3 class=\"nd_options_first_font\" style=\"margin:;color:;font-size:20px;line-height:20px\">Podr\u00f3\u017ce indywidualne, pakiety turystyczne i rezerwacje<\/h3> \n            <p class=\"nd_options_first_font 14\" style=\"margin:10px 0px;color:;font-size:14px;line-height:24px\">Zgodnie z powiedzeniem \"wszystko jest mo\u017cliwe\", na \u017cyczenie mo\u017cemy r\u00f3wnie\u017c zarezerwowa\u0107 dla Ciebie tylko poszczeg\u00f3lne atrakcje, zaj\u0119cia, hotele lub \u015brodki transportu, bez rezerwowania ca\u0142kowitej wycieczki. Korzystasz z naszego wieloletniego do\u015bwiadczenia i rozleg\u0142ych kontakt\u00f3w z dobrymi lokalnymi ofertami. Jest to szczeg\u00f3lnie przydatne dla os\u00f3b, kt\u00f3re np. chc\u0105 zaplanowa\u0107 tylko cz\u0119\u015b\u0107 swoich wakacji na Sri Lance.<\/p> \n            <a class=\"nd_options_display_inline_block\" style=\"font-size:14px;line-height:14px;border-radius:0px;border:0px solid;background-color:;padding:;color:#14b9d5\" rel=\"\" target=\"_blank\" href=\"https:\/\/www.travel2srilanka.ch\/pl\/kategorien\/\">Kontakt<\/a>\n\n        <\/div>\n\n    <\/div>\n\n  <div style=\"background-color:;height: 30px\" class=\"nicdark_section\"><\/div><\/div><\/div><\/div><\/div>","protected":false},"excerpt":{"rendered":"Schweizer Qualit\u00e4t mit Sri Lankischen Wurzeln Wir sind ein kleines Familienunternehmen mit grossem Erfahrungsschatz und tiefen Wurzeln in Sri Lanka sowie der Schweiz. Fredy G\u00f6tsch hat die ersten Lebensjahre in Sri Lanka verbracht und die Schule in Colombo besucht, bevor er mit seiner Familie in die Schweiz gezogen ist. Als Schweizer kennt er die hohen [...]","protected":false},"author":1,"featured_media":0,"parent":0,"menu_order":0,"comment_status":"closed","ping_status":"closed","template":"","meta":{"footnotes":""},"class_list":["post-2159","page","type-page","status-publish","hentry"],"_links":{"self":[{"href":"https:\/\/www.travel2srilanka.ch\/pl\/wp-json\/wp\/v2\/pages\/2159","targetHints":{"allow":["GET"]}}],"collection":[{"href":"https:\/\/www.travel2srilanka.ch\/pl\/wp-json\/wp\/v2\/pages"}],"about":[{"href":"https:\/\/www.travel2srilanka.ch\/pl\/wp-json\/wp\/v2\/types\/page"}],"author":[{"embeddable":true,"href":"https:\/\/www.travel2srilanka.ch\/pl\/wp-json\/wp\/v2\/users\/1"}],"replies":[{"embeddable":true,"href":"https:\/\/www.travel2srilanka.ch\/pl\/wp-json\/wp\/v2\/comments?post=2159"}],"version-history":[{"count":36,"href":"https:\/\/www.travel2srilanka.ch\/pl\/wp-json\/wp\/v2\/pages\/2159\/revisions"}],"predecessor-version":[{"id":2552,"href":"https:\/\/www.travel2srilanka.ch\/pl\/wp-json\/wp\/v2\/pages\/2159\/revisions\/2552"}],"wp:attachment":[{"href":"https:\/\/www.travel2srilanka.ch\/pl\/wp-json\/wp\/v2\/media?parent=2159"}],"curies":[{"name":"wp","href":"https:\/\/api.w.org\/{rel}","templated":true}]}}