{"id":2329,"date":"2021-05-09T23:37:41","date_gmt":"2021-05-09T21:37:41","guid":{"rendered":"https:\/\/www.travel2srilanka.ch\/?page_id=2329"},"modified":"2021-07-18T22:02:10","modified_gmt":"2021-07-18T20:02:10","slug":"kategorien","status":"publish","type":"page","link":"https:\/\/www.travel2srilanka.ch\/pl\/kategorien\/","title":{"rendered":"Kategorie"},"content":{"rendered":"<div class=\"vc_row wpb_row vc_row-fluid\"><div class=\"wpb_column vc_column_container vc_col-sm-12\"><div class=\"vc_column-inner\"><div class=\"wpb_wrapper\"><\/div><\/div><\/div><\/div><div class=\"vc_row wpb_row vc_row-fluid\"><div class=\"wpb_column vc_column_container vc_col-sm-12\"><div class=\"vc_column-inner\"><div class=\"wpb_wrapper\">\n\t<div class=\"wpb_text_column wpb_content_element\" >\n\t\t<div class=\"wpb_wrapper\">\n\t\t\t<p>Hier findest du alle Kategorien aufgelistet. Klicke einfach auf eine Kategorie, um die dazugeh\u00f6rigen Attraktionen und Aktivit\u00e4ten aufzuzeigen und anzuw\u00e4hlen.<\/p>\n\n\t\t<\/div>\n\t<\/div>\n<\/div><\/div><\/div><\/div><div class=\"vc_row wpb_row vc_row-fluid\"><div class=\"wpb_column vc_column_container vc_col-sm-12\"><div class=\"vc_column-inner\"><div class=\"wpb_wrapper\"><div style=\"background-color:;height: 20px\" class=\"nicdark_section\"><\/div><\/div><\/div><\/div><\/div><div class=\"vc_row wpb_row vc_row-fluid\"><div class=\"wpb_column vc_column_container vc_col-sm-12\"><div class=\"vc_column-inner\"><div class=\"wpb_wrapper\"><div class=\"woocommerce columns-4\"><ul class=\"products columns-4\">\n<li class=\"product-category product first\">\n\t<a aria-label=\"Przejd\u017a do kategorii produktu Abenteuer\" href=\"https:\/\/www.travel2srilanka.ch\/pl\/product-category\/abenteuer\/\" data-no-translation-aria-label=\"\"><img loading=\"lazy\" decoding=\"async\" src=\"https:\/\/www.travel2srilanka.ch\/wp-content\/uploads\/2022\/04\/Zipline-Ella-01-Travel2SriLanka.ch_-300x300.jpg\" alt=\"Abenteuer\" width=\"300\" height=\"300\" srcset=\"https:\/\/www.travel2srilanka.ch\/wp-content\/uploads\/2022\/04\/Zipline-Ella-01-Travel2SriLanka.ch_-300x300.jpg 300w, https:\/\/www.travel2srilanka.ch\/wp-content\/uploads\/2022\/04\/Zipline-Ella-01-Travel2SriLanka.ch_-150x150.jpg 150w, https:\/\/www.travel2srilanka.ch\/wp-content\/uploads\/2022\/04\/Zipline-Ella-01-Travel2SriLanka.ch_-720x720.jpg 720w, https:\/\/www.travel2srilanka.ch\/wp-content\/uploads\/2022\/04\/Zipline-Ella-01-Travel2SriLanka.ch_-100x100.jpg 100w\" sizes=\"auto, (max-width: 300px) 100vw, 300px\" \/>\t\t<h2 class=\"woocommerce-loop-category__title\">\n\t\t\tPrzygoda <mark class=\"count\">(14)<\/mark>\t\t<\/h2>\n\t\t<\/a><\/li>\n<li class=\"product-category product\">\n\t<a aria-label=\"Przejd\u017a do kategorii produktu Berge\" href=\"https:\/\/www.travel2srilanka.ch\/pl\/product-category\/natur-landschaften\/berge\/\" data-no-translation-aria-label=\"\"><img loading=\"lazy\" decoding=\"async\" src=\"https:\/\/www.travel2srilanka.ch\/wp-content\/uploads\/2022\/07\/IMG_3217-300x300.jpg\" alt=\"Berge\" width=\"300\" height=\"300\" srcset=\"https:\/\/www.travel2srilanka.ch\/wp-content\/uploads\/2022\/07\/IMG_3217-300x300.jpg 300w, https:\/\/www.travel2srilanka.ch\/wp-content\/uploads\/2022\/07\/IMG_3217-150x150.jpg 150w, https:\/\/www.travel2srilanka.ch\/wp-content\/uploads\/2022\/07\/IMG_3217-720x720.jpg 720w, https:\/\/www.travel2srilanka.ch\/wp-content\/uploads\/2022\/07\/IMG_3217-100x100.jpg 100w\" sizes=\"auto, (max-width: 300px) 100vw, 300px\" \/>\t\t<h2 class=\"woocommerce-loop-category__title\">\n\t\t\tG\u00f3ry <mark class=\"count\">(17)<\/mark>\t\t<\/h2>\n\t\t<\/a><\/li>\n<li class=\"product-category product\">\n\t<a aria-label=\"Przejd\u017a do kategorii produktu Entspannen &amp; Erholen\" href=\"https:\/\/www.travel2srilanka.ch\/pl\/product-category\/entspannen-erholen\/\" data-no-translation-aria-label=\"\"><img loading=\"lazy\" decoding=\"async\" src=\"https:\/\/www.travel2srilanka.ch\/wp-content\/uploads\/2021\/04\/Ella-07-300x300.jpg\" alt=\"Entspannen &amp; Erholen\" width=\"300\" height=\"300\" srcset=\"https:\/\/www.travel2srilanka.ch\/wp-content\/uploads\/2021\/04\/Ella-07-300x300.jpg 300w, https:\/\/www.travel2srilanka.ch\/wp-content\/uploads\/2021\/04\/Ella-07-100x100.jpg 100w, https:\/\/www.travel2srilanka.ch\/wp-content\/uploads\/2021\/04\/Ella-07-150x150.jpg 150w, https:\/\/www.travel2srilanka.ch\/wp-content\/uploads\/2021\/04\/Ella-07-720x720.jpg 720w\" sizes=\"auto, (max-width: 300px) 100vw, 300px\" \/>\t\t<h2 class=\"woocommerce-loop-category__title\">\n\t\t\tRelaks &amp; Wypoczynek <mark class=\"count\">(9)<\/mark>\t\t<\/h2>\n\t\t<\/a><\/li>\n<li class=\"product-category product last\">\n\t<a aria-label=\"Przejd\u017a do kategorii produktu Hotels\" href=\"https:\/\/www.travel2srilanka.ch\/pl\/product-category\/hotels\/\" data-no-translation-aria-label=\"\"><img loading=\"lazy\" decoding=\"async\" src=\"https:\/\/www.travel2srilanka.ch\/wp-content\/uploads\/2022\/11\/Heritance-Kandalama-01-Travel2SriLanka-300x300.jpg\" alt=\"Hotels\" width=\"300\" height=\"300\" srcset=\"https:\/\/www.travel2srilanka.ch\/wp-content\/uploads\/2022\/11\/Heritance-Kandalama-01-Travel2SriLanka-300x300.jpg 300w, https:\/\/www.travel2srilanka.ch\/wp-content\/uploads\/2022\/11\/Heritance-Kandalama-01-Travel2SriLanka-150x150.jpg 150w, https:\/\/www.travel2srilanka.ch\/wp-content\/uploads\/2022\/11\/Heritance-Kandalama-01-Travel2SriLanka-720x720.jpg 720w, https:\/\/www.travel2srilanka.ch\/wp-content\/uploads\/2022\/11\/Heritance-Kandalama-01-Travel2SriLanka-100x100.jpg 100w\" sizes=\"auto, (max-width: 300px) 100vw, 300px\" \/>\t\t<h2 class=\"woocommerce-loop-category__title\">\n\t\t\tHotele <mark class=\"count\">(3)<\/mark>\t\t<\/h2>\n\t\t<\/a><\/li>\n<li class=\"product-category product first\">\n\t<a aria-label=\"Przejd\u017a do kategorii produktu Instagram-Hotspots\" href=\"https:\/\/www.travel2srilanka.ch\/pl\/product-category\/instagram-hotspots\/\" data-no-translation-aria-label=\"\"><img loading=\"lazy\" decoding=\"async\" src=\"https:\/\/www.travel2srilanka.ch\/wp-content\/uploads\/2021\/04\/Nine-Arch-Bridge-01-scaled-300x300.jpg\" alt=\"Instagram-Hotspots\" width=\"300\" height=\"300\" srcset=\"https:\/\/www.travel2srilanka.ch\/wp-content\/uploads\/2021\/04\/Nine-Arch-Bridge-01-scaled-300x300.jpg 300w, https:\/\/www.travel2srilanka.ch\/wp-content\/uploads\/2021\/04\/Nine-Arch-Bridge-01-scaled-100x100.jpg 100w, https:\/\/www.travel2srilanka.ch\/wp-content\/uploads\/2021\/04\/Nine-Arch-Bridge-01-150x150.jpg 150w, https:\/\/www.travel2srilanka.ch\/wp-content\/uploads\/2021\/04\/Nine-Arch-Bridge-01-720x720.jpg 720w\" sizes=\"auto, (max-width: 300px) 100vw, 300px\" \/>\t\t<h2 class=\"woocommerce-loop-category__title\">\n\t\t\tInstagram-Hotspots <mark class=\"count\">(12)<\/mark>\t\t<\/h2>\n\t\t<\/a><\/li>\n<li class=\"product-category product\">\n\t<a aria-label=\"Przejd\u017a do kategorii produktu Kultur &amp; Geschichte\" href=\"https:\/\/www.travel2srilanka.ch\/pl\/product-category\/kultur\/\" data-no-translation-aria-label=\"\"><img loading=\"lazy\" decoding=\"async\" src=\"https:\/\/www.travel2srilanka.ch\/wp-content\/uploads\/2021\/04\/Sigiriya-01-Travel2SriLanka.ch_-300x300.jpg\" alt=\"Kultur &amp; Geschichte\" width=\"300\" height=\"300\" srcset=\"https:\/\/www.travel2srilanka.ch\/wp-content\/uploads\/2021\/04\/Sigiriya-01-Travel2SriLanka.ch_-300x300.jpg 300w, https:\/\/www.travel2srilanka.ch\/wp-content\/uploads\/2021\/04\/Sigiriya-01-Travel2SriLanka.ch_-150x150.jpg 150w, https:\/\/www.travel2srilanka.ch\/wp-content\/uploads\/2021\/04\/Sigiriya-01-Travel2SriLanka.ch_-720x720.jpg 720w, https:\/\/www.travel2srilanka.ch\/wp-content\/uploads\/2021\/04\/Sigiriya-01-Travel2SriLanka.ch_-100x100.jpg 100w\" sizes=\"auto, (max-width: 300px) 100vw, 300px\" \/>\t\t<h2 class=\"woocommerce-loop-category__title\">\n\t\t\tKultura &amp; Historia <mark class=\"count\">(15)<\/mark>\t\t<\/h2>\n\t\t<\/a><\/li>\n<li class=\"product-category product\">\n\t<a aria-label=\"Przejd\u017a do kategorii produktu Lagunen &amp; Mangroven\" href=\"https:\/\/www.travel2srilanka.ch\/pl\/product-category\/natur-landschaften\/lagunen-mangroven\/\" data-no-translation-aria-label=\"\"><img loading=\"lazy\" decoding=\"async\" src=\"https:\/\/www.travel2srilanka.ch\/wp-content\/uploads\/2022\/04\/River-Safari-06-Travel2SriLanka.ch_-300x300.jpg\" alt=\"Lagunen &amp; Mangroven\" width=\"300\" height=\"300\" srcset=\"https:\/\/www.travel2srilanka.ch\/wp-content\/uploads\/2022\/04\/River-Safari-06-Travel2SriLanka.ch_-300x300.jpg 300w, https:\/\/www.travel2srilanka.ch\/wp-content\/uploads\/2022\/04\/River-Safari-06-Travel2SriLanka.ch_-150x150.jpg 150w, https:\/\/www.travel2srilanka.ch\/wp-content\/uploads\/2022\/04\/River-Safari-06-Travel2SriLanka.ch_-720x720.jpg 720w, https:\/\/www.travel2srilanka.ch\/wp-content\/uploads\/2022\/04\/River-Safari-06-Travel2SriLanka.ch_-100x100.jpg 100w\" sizes=\"auto, (max-width: 300px) 100vw, 300px\" \/>\t\t<h2 class=\"woocommerce-loop-category__title\">\n\t\t\tLaguny &amp; Mangrowce <mark class=\"count\">(7)<\/mark>\t\t<\/h2>\n\t\t<\/a><\/li>\n<li class=\"product-category product last\">\n\t<a aria-label=\"Przejd\u017a do kategorii produktu Menschen &amp; Begegnungen\" href=\"https:\/\/www.travel2srilanka.ch\/pl\/product-category\/menschen-begegnungen\/\" data-no-translation-aria-label=\"\"><img loading=\"lazy\" decoding=\"async\" src=\"https:\/\/www.travel2srilanka.ch\/wp-content\/uploads\/2021\/04\/robin-noguier-xYZB10jkL2w-unsplash-300x300.jpg\" alt=\"Menschen &amp; Begegnungen\" width=\"300\" height=\"300\" srcset=\"https:\/\/www.travel2srilanka.ch\/wp-content\/uploads\/2021\/04\/robin-noguier-xYZB10jkL2w-unsplash-300x300.jpg 300w, https:\/\/www.travel2srilanka.ch\/wp-content\/uploads\/2021\/04\/robin-noguier-xYZB10jkL2w-unsplash-100x100.jpg 100w, https:\/\/www.travel2srilanka.ch\/wp-content\/uploads\/2021\/04\/robin-noguier-xYZB10jkL2w-unsplash-150x150.jpg 150w\" sizes=\"auto, (max-width: 300px) 100vw, 300px\" \/>\t\t<h2 class=\"woocommerce-loop-category__title\">\n\t\t\tLudzie &amp; Lokalne spotkania <mark class=\"count\">(9)<\/mark>\t\t<\/h2>\n\t\t<\/a><\/li>\n<li class=\"product-category product first\">\n\t<a aria-label=\"Przejd\u017a do kategorii produktu Nationalparks\" href=\"https:\/\/www.travel2srilanka.ch\/pl\/product-category\/natur-landschaften\/nationalparks\/\" data-no-translation-aria-label=\"\"><img loading=\"lazy\" decoding=\"async\" src=\"https:\/\/www.travel2srilanka.ch\/wp-content\/uploads\/2021\/04\/Minneriya-01-300x300.jpg\" alt=\"Nationalparks\" width=\"300\" height=\"300\" srcset=\"https:\/\/www.travel2srilanka.ch\/wp-content\/uploads\/2021\/04\/Minneriya-01-300x300.jpg 300w, https:\/\/www.travel2srilanka.ch\/wp-content\/uploads\/2021\/04\/Minneriya-01-100x100.jpg 100w, https:\/\/www.travel2srilanka.ch\/wp-content\/uploads\/2021\/04\/Minneriya-01-150x150.jpg 150w, https:\/\/www.travel2srilanka.ch\/wp-content\/uploads\/2021\/04\/Minneriya-01.jpg 600w\" sizes=\"auto, (max-width: 300px) 100vw, 300px\" \/>\t\t<h2 class=\"woocommerce-loop-category__title\">\n\t\t\tParki Narodowe <mark class=\"count\">(5)<\/mark>\t\t<\/h2>\n\t\t<\/a><\/li>\n<li class=\"product-category product\">\n\t<a aria-label=\"Przejd\u017a do kategorii produktu Natur &amp; Landschaften\" href=\"https:\/\/www.travel2srilanka.ch\/pl\/product-category\/natur-landschaften\/\" data-no-translation-aria-label=\"\"><img loading=\"lazy\" decoding=\"async\" src=\"https:\/\/www.travel2srilanka.ch\/wp-content\/uploads\/2021\/04\/Zugfahrt-01-300x300.jpg\" alt=\"Natur &amp; Landschaften\" width=\"300\" height=\"300\" srcset=\"https:\/\/www.travel2srilanka.ch\/wp-content\/uploads\/2021\/04\/Zugfahrt-01-300x300.jpg 300w, https:\/\/www.travel2srilanka.ch\/wp-content\/uploads\/2021\/04\/Zugfahrt-01-100x100.jpg 100w, https:\/\/www.travel2srilanka.ch\/wp-content\/uploads\/2021\/04\/Zugfahrt-01-150x150.jpg 150w, https:\/\/www.travel2srilanka.ch\/wp-content\/uploads\/2021\/04\/Zugfahrt-01-720x720.jpg 720w\" sizes=\"auto, (max-width: 300px) 100vw, 300px\" \/>\t\t<h2 class=\"woocommerce-loop-category__title\">\n\t\t\tNatura &amp; Krajobrazy <mark class=\"count\">(39)<\/mark>\t\t<\/h2>\n\t\t<\/a><\/li>\n<li class=\"product-category product\">\n\t<a aria-label=\"Przejd\u017a do kategorii produktu Nightlife\" href=\"https:\/\/www.travel2srilanka.ch\/pl\/product-category\/nightlife\/\" data-no-translation-aria-label=\"\"><img loading=\"lazy\" decoding=\"async\" src=\"https:\/\/www.travel2srilanka.ch\/wp-content\/uploads\/2021\/04\/Sunset-City-Safari-05-300x300.jpg\" alt=\"Nightlife\" width=\"300\" height=\"300\" srcset=\"https:\/\/www.travel2srilanka.ch\/wp-content\/uploads\/2021\/04\/Sunset-City-Safari-05-300x300.jpg 300w, https:\/\/www.travel2srilanka.ch\/wp-content\/uploads\/2021\/04\/Sunset-City-Safari-05-100x100.jpg 100w, https:\/\/www.travel2srilanka.ch\/wp-content\/uploads\/2021\/04\/Sunset-City-Safari-05-150x150.jpg 150w, https:\/\/www.travel2srilanka.ch\/wp-content\/uploads\/2021\/04\/Sunset-City-Safari-05-720x720.jpg 720w\" sizes=\"auto, (max-width: 300px) 100vw, 300px\" \/>\t\t<h2 class=\"woocommerce-loop-category__title\">\n\t\t\tNightlife <mark class=\"count\">(3)<\/mark>\t\t<\/h2>\n\t\t<\/a><\/li>\n<li class=\"product-category product last\">\n\t<a aria-label=\"Przejd\u017a do kategorii produktu Outdoors\" href=\"https:\/\/www.travel2srilanka.ch\/pl\/product-category\/outdoors\/\" data-no-translation-aria-label=\"\"><img loading=\"lazy\" decoding=\"async\" src=\"https:\/\/www.travel2srilanka.ch\/wp-content\/uploads\/2022\/07\/IMG_3412-300x300.jpg\" alt=\"Outdoors\" width=\"300\" height=\"300\" srcset=\"https:\/\/www.travel2srilanka.ch\/wp-content\/uploads\/2022\/07\/IMG_3412-300x300.jpg 300w, https:\/\/www.travel2srilanka.ch\/wp-content\/uploads\/2022\/07\/IMG_3412-150x150.jpg 150w, https:\/\/www.travel2srilanka.ch\/wp-content\/uploads\/2022\/07\/IMG_3412-720x720.jpg 720w, https:\/\/www.travel2srilanka.ch\/wp-content\/uploads\/2022\/07\/IMG_3412-100x100.jpg 100w\" sizes=\"auto, (max-width: 300px) 100vw, 300px\" \/>\t\t<h2 class=\"woocommerce-loop-category__title\">\n\t\t\tOutdoor <mark class=\"count\">(27)<\/mark>\t\t<\/h2>\n\t\t<\/a><\/li>\n<li class=\"product-category product first\">\n\t<a aria-label=\"Przejd\u017a do kategorii produktu Pflanzenwelt\" href=\"https:\/\/www.travel2srilanka.ch\/pl\/product-category\/natur-landschaften\/pflanzenwelt\/\" data-no-translation-aria-label=\"\"><img loading=\"lazy\" decoding=\"async\" src=\"https:\/\/www.travel2srilanka.ch\/wp-content\/uploads\/2021\/04\/Peradeniya-01-scaled-300x300.jpg\" alt=\"Pflanzenwelt\" width=\"300\" height=\"300\" srcset=\"https:\/\/www.travel2srilanka.ch\/wp-content\/uploads\/2021\/04\/Peradeniya-01-scaled-300x300.jpg 300w, https:\/\/www.travel2srilanka.ch\/wp-content\/uploads\/2021\/04\/Peradeniya-01-scaled-100x100.jpg 100w, https:\/\/www.travel2srilanka.ch\/wp-content\/uploads\/2021\/04\/Peradeniya-01-150x150.jpg 150w, https:\/\/www.travel2srilanka.ch\/wp-content\/uploads\/2021\/04\/Peradeniya-01-720x720.jpg 720w\" sizes=\"auto, (max-width: 300px) 100vw, 300px\" \/>\t\t<h2 class=\"woocommerce-loop-category__title\">\n\t\t\t\u015awiat ro\u015blin <mark class=\"count\">(14)<\/mark>\t\t<\/h2>\n\t\t<\/a><\/li>\n<li class=\"product-category product\">\n\t<a aria-label=\"Przejd\u017a do kategorii produktu Restaurants\" href=\"https:\/\/www.travel2srilanka.ch\/pl\/product-category\/restaurants\/\" data-no-translation-aria-label=\"\"><img loading=\"lazy\" decoding=\"async\" src=\"https:\/\/www.travel2srilanka.ch\/wp-content\/uploads\/2021\/04\/Colombo-01-scaled-300x300.jpg\" alt=\"Restaurants\" width=\"300\" height=\"300\" srcset=\"https:\/\/www.travel2srilanka.ch\/wp-content\/uploads\/2021\/04\/Colombo-01-scaled-300x300.jpg 300w, https:\/\/www.travel2srilanka.ch\/wp-content\/uploads\/2021\/04\/Colombo-01-scaled-100x100.jpg 100w, https:\/\/www.travel2srilanka.ch\/wp-content\/uploads\/2021\/04\/Colombo-01-150x150.jpg 150w, https:\/\/www.travel2srilanka.ch\/wp-content\/uploads\/2021\/04\/Colombo-01-720x720.jpg 720w\" sizes=\"auto, (max-width: 300px) 100vw, 300px\" \/>\t\t<h2 class=\"woocommerce-loop-category__title\">\n\t\t\tRestauracje <mark class=\"count\">(1)<\/mark>\t\t<\/h2>\n\t\t<\/a><\/li>\n<li class=\"product-category product\">\n\t<a aria-label=\"Przejd\u017a do kategorii produktu Shopping\" href=\"https:\/\/www.travel2srilanka.ch\/pl\/product-category\/shopping\/\" data-no-translation-aria-label=\"\"><img loading=\"lazy\" decoding=\"async\" src=\"https:\/\/www.travel2srilanka.ch\/wp-content\/uploads\/2021\/04\/Colombo-08-300x300.jpg\" alt=\"Shopping\" width=\"300\" height=\"300\" srcset=\"https:\/\/www.travel2srilanka.ch\/wp-content\/uploads\/2021\/04\/Colombo-08-300x300.jpg 300w, https:\/\/www.travel2srilanka.ch\/wp-content\/uploads\/2021\/04\/Colombo-08-100x100.jpg 100w, https:\/\/www.travel2srilanka.ch\/wp-content\/uploads\/2021\/04\/Colombo-08-150x150.jpg 150w, https:\/\/www.travel2srilanka.ch\/wp-content\/uploads\/2021\/04\/Colombo-08-720x720.jpg 720w\" sizes=\"auto, (max-width: 300px) 100vw, 300px\" \/>\t\t<h2 class=\"woocommerce-loop-category__title\">\n\t\t\tZakupy <mark class=\"count\">(1)<\/mark>\t\t<\/h2>\n\t\t<\/a><\/li>\n<li class=\"product-category product last\">\n\t<a aria-label=\"Przejd\u017a do kategorii produktu Sport\" href=\"https:\/\/www.travel2srilanka.ch\/pl\/product-category\/sport\/\" data-no-translation-aria-label=\"\"><img loading=\"lazy\" decoding=\"async\" src=\"https:\/\/www.travel2srilanka.ch\/wp-content\/uploads\/2021\/04\/Royal-Golf-Club-02-300x300.jpg\" alt=\"Sport\" width=\"300\" height=\"300\" srcset=\"https:\/\/www.travel2srilanka.ch\/wp-content\/uploads\/2021\/04\/Royal-Golf-Club-02-300x300.jpg 300w, https:\/\/www.travel2srilanka.ch\/wp-content\/uploads\/2021\/04\/Royal-Golf-Club-02-100x100.jpg 100w, https:\/\/www.travel2srilanka.ch\/wp-content\/uploads\/2021\/04\/Royal-Golf-Club-02-150x150.jpg 150w\" sizes=\"auto, (max-width: 300px) 100vw, 300px\" \/>\t\t<h2 class=\"woocommerce-loop-category__title\">\n\t\t\tSport <mark class=\"count\">(13)<\/mark>\t\t<\/h2>\n\t\t<\/a><\/li>\n<li class=\"product-category product first\">\n\t<a aria-label=\"Przejd\u017a do kategorii produktu Str\u00e4nde\" href=\"https:\/\/www.travel2srilanka.ch\/pl\/product-category\/natur-landschaften\/straende\/\" data-no-translation-aria-label=\"\"><img loading=\"lazy\" decoding=\"async\" src=\"https:\/\/www.travel2srilanka.ch\/wp-content\/uploads\/2021\/11\/Surfing-02-Travel2SriLanka.ch_-300x300.jpg\" alt=\"Str\u00e4nde\" width=\"300\" height=\"300\" srcset=\"https:\/\/www.travel2srilanka.ch\/wp-content\/uploads\/2021\/11\/Surfing-02-Travel2SriLanka.ch_-300x300.jpg 300w, https:\/\/www.travel2srilanka.ch\/wp-content\/uploads\/2021\/11\/Surfing-02-Travel2SriLanka.ch_-150x150.jpg 150w, https:\/\/www.travel2srilanka.ch\/wp-content\/uploads\/2021\/11\/Surfing-02-Travel2SriLanka.ch_-720x720.jpg 720w, https:\/\/www.travel2srilanka.ch\/wp-content\/uploads\/2021\/11\/Surfing-02-Travel2SriLanka.ch_-100x100.jpg 100w\" sizes=\"auto, (max-width: 300px) 100vw, 300px\" \/>\t\t<h2 class=\"woocommerce-loop-category__title\">\n\t\t\tPla\u017ce <mark class=\"count\">(13)<\/mark>\t\t<\/h2>\n\t\t<\/a><\/li>\n<li class=\"product-category product\">\n\t<a aria-label=\"Przejd\u017a do kategorii produktu Tierwelt\" href=\"https:\/\/www.travel2srilanka.ch\/pl\/product-category\/tierwelt\/\" data-no-translation-aria-label=\"\"><img loading=\"lazy\" decoding=\"async\" src=\"https:\/\/www.travel2srilanka.ch\/wp-content\/uploads\/2021\/04\/Yala-National-Park-01-300x300.jpg\" alt=\"Tierwelt\" width=\"300\" height=\"300\" srcset=\"https:\/\/www.travel2srilanka.ch\/wp-content\/uploads\/2021\/04\/Yala-National-Park-01-300x300.jpg 300w, https:\/\/www.travel2srilanka.ch\/wp-content\/uploads\/2021\/04\/Yala-National-Park-01-100x100.jpg 100w, https:\/\/www.travel2srilanka.ch\/wp-content\/uploads\/2021\/04\/Yala-National-Park-01-150x150.jpg 150w, https:\/\/www.travel2srilanka.ch\/wp-content\/uploads\/2021\/04\/Yala-National-Park-01-720x720.jpg 720w\" sizes=\"auto, (max-width: 300px) 100vw, 300px\" \/>\t\t<h2 class=\"woocommerce-loop-category__title\">\n\t\t\t\u015awiat zwierz\u0105t <mark class=\"count\">(12)<\/mark>\t\t<\/h2>\n\t\t<\/a><\/li>\n<\/ul>\n<\/div><\/div><\/div><\/div><\/div>","protected":false},"excerpt":{"rendered":"Hier findest du alle Kategorien aufgelistet. Klicke einfach auf eine Kategorie, um die dazugeh\u00f6rigen Attraktionen und Aktivit\u00e4ten aufzuzeigen und anzuw\u00e4hlen. Abenteuer (14) Berge (17) Entspannen &amp; Erholen (9) Hotels (3) Instagram-Hotspots (12) Kultur &amp; Geschichte (15) Lagunen &amp; Mangroven (7) Menschen &amp; Begegnungen (9) Nationalparks (5) Natur &amp; Landschaften (39) Nightlife (3) Outdoors (27) Pflanzenwelt [...]","protected":false},"author":1,"featured_media":0,"parent":0,"menu_order":0,"comment_status":"closed","ping_status":"closed","template":"","meta":{"footnotes":""},"class_list":["post-2329","page","type-page","status-publish","hentry"],"_links":{"self":[{"href":"https:\/\/www.travel2srilanka.ch\/pl\/wp-json\/wp\/v2\/pages\/2329","targetHints":{"allow":["GET"]}}],"collection":[{"href":"https:\/\/www.travel2srilanka.ch\/pl\/wp-json\/wp\/v2\/pages"}],"about":[{"href":"https:\/\/www.travel2srilanka.ch\/pl\/wp-json\/wp\/v2\/types\/page"}],"author":[{"embeddable":true,"href":"https:\/\/www.travel2srilanka.ch\/pl\/wp-json\/wp\/v2\/users\/1"}],"replies":[{"embeddable":true,"href":"https:\/\/www.travel2srilanka.ch\/pl\/wp-json\/wp\/v2\/comments?post=2329"}],"version-history":[{"count":10,"href":"https:\/\/www.travel2srilanka.ch\/pl\/wp-json\/wp\/v2\/pages\/2329\/revisions"}],"predecessor-version":[{"id":2380,"href":"https:\/\/www.travel2srilanka.ch\/pl\/wp-json\/wp\/v2\/pages\/2329\/revisions\/2380"}],"wp:attachment":[{"href":"https:\/\/www.travel2srilanka.ch\/pl\/wp-json\/wp\/v2\/media?parent=2329"}],"curies":[{"name":"wp","href":"https:\/\/api.w.org\/{rel}","templated":true}]}}