{"id":2363,"date":"2021-06-18T10:23:28","date_gmt":"2021-06-18T08:23:28","guid":{"rendered":"https:\/\/www.travel2srilanka.ch\/request-quote\/"},"modified":"2021-07-10T12:19:23","modified_gmt":"2021-07-10T10:19:23","slug":"angebotsanfrage","status":"publish","type":"page","link":"https:\/\/www.travel2srilanka.ch\/pl\/angebotsanfrage\/","title":{"rendered":"Twoja lista i zapytanie o ofert\u0119"},"content":{"rendered":"<div class=\"woocommerce ywraq-wrapper ywraq-empty\">\n\t\t\t<div id=\"yith-ywraq-message\"><div class=\"ywraq-question-message\">\n\t<\/div>\n<\/div>\n\t\t\n\t\t\t\t<div class=\"ywraq-form-table-wrapper wide\">\n\t\t\t<div class=\"ywraq-before-form\">\n\t<p class=\"ywraq_list_empty_message\">Twoja lista zapyta\u0144 jest pusta, dodaj produkty do zapytania<p><p class=\"return-to-shop\"><a class=\"button wc-backward\" href=\"https:\/\/www.travel2srilanka.ch\/pl\/kategorien\/\">Wr\u00f3\u0107 do przegl\u0105du<\/a><\/p><\/div>\n\t\t\t\t\t<\/div>\n\t<\/div>","protected":false},"excerpt":{"rendered":"Twoja lista zapyta\u0144 jest pusta, dodaj produkty do zapytaniaZur\u00fcck zur \u00dcbersicht","protected":false},"author":1,"featured_media":0,"parent":0,"menu_order":0,"comment_status":"closed","ping_status":"closed","template":"","meta":{"footnotes":""},"class_list":["post-2363","page","type-page","status-publish","hentry"],"_links":{"self":[{"href":"https:\/\/www.travel2srilanka.ch\/pl\/wp-json\/wp\/v2\/pages\/2363","targetHints":{"allow":["GET"]}}],"collection":[{"href":"https:\/\/www.travel2srilanka.ch\/pl\/wp-json\/wp\/v2\/pages"}],"about":[{"href":"https:\/\/www.travel2srilanka.ch\/pl\/wp-json\/wp\/v2\/types\/page"}],"author":[{"embeddable":true,"href":"https:\/\/www.travel2srilanka.ch\/pl\/wp-json\/wp\/v2\/users\/1"}],"replies":[{"embeddable":true,"href":"https:\/\/www.travel2srilanka.ch\/pl\/wp-json\/wp\/v2\/comments?post=2363"}],"version-history":[{"count":2,"href":"https:\/\/www.travel2srilanka.ch\/pl\/wp-json\/wp\/v2\/pages\/2363\/revisions"}],"predecessor-version":[{"id":2366,"href":"https:\/\/www.travel2srilanka.ch\/pl\/wp-json\/wp\/v2\/pages\/2363\/revisions\/2366"}],"wp:attachment":[{"href":"https:\/\/www.travel2srilanka.ch\/pl\/wp-json\/wp\/v2\/media?parent=2363"}],"curies":[{"name":"wp","href":"https:\/\/api.w.org\/{rel}","templated":true}]}}