{"id":2422,"date":"2021-09-15T17:41:55","date_gmt":"2021-09-15T15:41:55","guid":{"rendered":"https:\/\/www.travel2srilanka.ch\/?page_id=2422"},"modified":"2023-06-14T21:23:55","modified_gmt":"2023-06-14T19:23:55","slug":"reiseabwicklung","status":"publish","type":"page","link":"https:\/\/www.travel2srilanka.ch\/pl\/reiseabwicklung\/","title":{"rendered":"Informacje organizacyjne"},"content":{"rendered":"<div class=\"vc_row wpb_row vc_row-fluid\"><div class=\"wpb_column vc_column_container vc_col-sm-12\"><div class=\"vc_column-inner\"><div class=\"wpb_wrapper\"><div style=\"background-color:;height: 20px\" class=\"nicdark_section\"><\/div><\/div><\/div><\/div><\/div><div class=\"vc_row wpb_row vc_row-fluid\"><div class=\"wpb_column vc_column_container vc_col-sm-12\"><div class=\"vc_column-inner\"><div class=\"wpb_wrapper\">\n\t<div class=\"wpb_text_column wpb_content_element\" >\n\t\t<div class=\"wpb_wrapper\">\n\t\t\t<p>Znajdziesz tutaj wa\u017cne informacje na temat swojej podr\u00f3\u017cy na Sri Lank\u0119. Je\u015bli brakuje tu jakich\u015b informacji, skontaktuj si\u0119 z nami bezpo\u015brednio. Zawsze ch\u0119tnie s\u0142u\u017cymy pomoc\u0105.<\/p>\n\n\t\t<\/div>\n\t<\/div>\n<\/div><\/div><\/div><\/div><div class=\"vc_row wpb_row vc_row-fluid\"><div class=\"wpb_column vc_column_container vc_col-sm-12\"><div class=\"vc_column-inner\"><div class=\"wpb_wrapper\"><div style=\"background-color:;height: 40px\" class=\"nicdark_section\"><\/div><\/div><\/div><\/div><\/div><div class=\"vc_row wpb_row vc_row-fluid\"><div class=\"wpb_column vc_column_container vc_col-sm-12\"><div class=\"vc_column-inner\"><div class=\"wpb_wrapper\">\n\t<div class=\"wpb_text_column wpb_content_element\" >\n\t\t<div class=\"wpb_wrapper\">\n\t\t\t<h3><strong>Organizowanie indywidualnej wycieczki<\/strong><\/h3>\n\n\t\t<\/div>\n\t<\/div>\n<\/div><\/div><\/div><\/div><div class=\"vc_row wpb_row vc_row-fluid\"><div class=\"wpb_column vc_column_container vc_col-sm-12\"><div class=\"vc_column-inner\"><div class=\"wpb_wrapper\"><div style=\"background-color:;height: 20px\" class=\"nicdark_section\"><\/div>\n\t<div class=\"wpb_text_column wpb_content_element\" >\n\t\t<div class=\"wpb_wrapper\">\n\t\t\t<p>Jak ju\u017c wspomniano na stronie g\u0142\u00f3wnej, zorganizowanie indywidualnej podr\u00f3\u017cy na Sri Lank\u0119 jest bardzo proste:<\/p>\n\n\t\t<\/div>\n\t<\/div>\n<\/div><\/div><\/div><\/div><div class=\"vc_row wpb_row vc_row-fluid\"><div class=\"wpb_column vc_column_container vc_col-sm-12\"><div class=\"vc_column-inner\"><div class=\"wpb_wrapper\"><div style=\"background-color:;height: 20px\" class=\"nicdark_section\"><\/div><\/div><\/div><\/div><\/div><div class=\"vc_row wpb_row vc_row-fluid\"><div class=\"wpb_column vc_column_container vc_col-sm-4\"><div class=\"vc_column-inner\"><div class=\"wpb_wrapper\"><div style=\"background-color:;height: 10px\" class=\"nicdark_section\"><\/div>\n\n    <div class=\"nd_options_section nd_options_position_relative\">\n\n        <img decoding=\"async\" style=\"top:0px\" alt=\"\" class=\"nd_options_position_absolute nd_options_left_0\" width=\"50\" src=\"https:\/\/www.travel2srilanka.ch\/wp-content\/uploads\/2021\/04\/search.png\">\n\n        <div style=\"padding-left:70px\" class=\"nd_options_section nd_options_box_sizing_border_box\">\n            \n            <h3 class=\"nd_options_first_font\" style=\"margin:;color:;font-size:24px;line-height:24px\">Wyb\u00f3r<\/h3> \n            <p class=\"nd_options_first_font 14\" style=\"margin:20px 0px;color:;font-size:14px;line-height:24px\">Wybierz swoje ulubione miejsca, atrakcje i zaj\u0119cia.<\/p> \n            <a class=\"nd_options_display_inline_block\" style=\"font-size:14px;line-height:14px;border-radius:0px;border:0px solid;background-color:;padding:;color:#14b9d5\" rel=\"\" target=\"_blank\" href=\"https:\/\/www.travel2srilanka.ch\/pl\/attraktionen_aktivitaeten\/\">Wszystkie miejsca<\/a>\n\n        <\/div>\n\n    <\/div>\n\n  <div style=\"background-color:;height: 10px\" class=\"nicdark_section\"><\/div><\/div><\/div><\/div><div class=\"wpb_column vc_column_container vc_col-sm-4\"><div class=\"vc_column-inner\"><div class=\"wpb_wrapper\"><div style=\"background-color:;height: 10px\" class=\"nicdark_section\"><\/div>\n\n    <div class=\"nd_options_section nd_options_position_relative\">\n\n        <img decoding=\"async\" style=\"top:0px\" alt=\"\" class=\"nd_options_position_absolute nd_options_left_0\" width=\"50\" src=\"https:\/\/www.travel2srilanka.ch\/wp-content\/uploads\/2021\/04\/route.png\">\n\n        <div style=\"padding-left:70px\" class=\"nd_options_section nd_options_box_sizing_border_box\">\n            \n            <h3 class=\"nd_options_first_font\" style=\"margin:;color:;font-size:24px;line-height:24px\">Plan podr\u00f3\u017cy<\/h3> \n            <p class=\"nd_options_first_font 14\" style=\"margin:20px 0px;color:;font-size:14px;line-height:24px\">U\u0142o\u017cymy dla Ciebie najlepszy plan podr\u00f3\u017cy i podpowiemy, co jeszcze mo\u017cesz zwiedzi\u0107. Oferta jest niezobowi\u0105zuj\u0105ca i ca\u0142kowicie bezp\u0142atna.<\/p> \n            <a class=\"nd_options_display_inline_block\" style=\"font-size:14px;line-height:14px;border-radius:0px;border:0px solid;background-color:;padding:;color:#14b9d5\" rel=\"\" target=\"_blank\" href=\"https:\/\/www.travel2srilanka.ch\/pl\/angebotsanfrage\/\">Moja lista<\/a>\n\n        <\/div>\n\n    <\/div>\n\n  <div style=\"background-color:;height: 10px\" class=\"nicdark_section\"><\/div><\/div><\/div><\/div><div class=\"wpb_column vc_column_container vc_col-sm-4\"><div class=\"vc_column-inner\"><div class=\"wpb_wrapper\"><div style=\"background-color:;height: 10px\" class=\"nicdark_section\"><\/div>\n\n    <div class=\"nd_options_section nd_options_position_relative\">\n\n        <img decoding=\"async\" style=\"top:0px\" alt=\"\" class=\"nd_options_position_absolute nd_options_left_0\" width=\"50\" src=\"https:\/\/www.travel2srilanka.ch\/wp-content\/uploads\/2021\/04\/travel.png\">\n\n        <div style=\"padding-left:70px\" class=\"nd_options_section nd_options_box_sizing_border_box\">\n            \n            <h3 class=\"nd_options_first_font\" style=\"margin:;color:;font-size:24px;line-height:24px\">W drog\u0119!<\/h3> \n            <p class=\"nd_options_first_font 14\" style=\"margin:20px 0px;color:;font-size:14px;line-height:24px\">Po zaakceptowaniu przez Ciebie warunk\u00f3w zajmiemy si\u0119 rezerwacjami. Od tej pory mo\u017cesz ju\u017c tylko zastanawia\u0107 si\u0119 co zapakujesz na wyjazd.<\/p> \n            <a class=\"nd_options_display_inline_block\" style=\"font-size:14px;line-height:14px;border-radius:0px;border:0px solid;background-color:;padding:;color:#14b9d5\" rel=\"\" target=\"_blank\" href=\"https:\/\/www.travel2srilanka.ch\/pl\/https:\/\/www.travel2srilanka.ch\/reiseabwicklung\/\">Informacje organizacyjne<\/a>\n\n        <\/div>\n\n    <\/div>\n\n  <div style=\"background-color:;height: 10px\" class=\"nicdark_section\"><\/div><\/div><\/div><\/div><\/div><div class=\"vc_row wpb_row vc_row-fluid\"><div class=\"wpb_column vc_column_container vc_col-sm-12\"><div class=\"vc_column-inner\"><div class=\"wpb_wrapper\"><div style=\"background-color:;height: 20px\" class=\"nicdark_section\"><\/div><\/div><\/div><\/div><\/div><div class=\"vc_row wpb_row vc_row-fluid\"><div class=\"wpb_column vc_column_container vc_col-sm-12\"><div class=\"vc_column-inner\"><div class=\"wpb_wrapper\">\n\t<div class=\"wpb_text_column wpb_content_element\" >\n\t\t<div class=\"wpb_wrapper\">\n\t\t\t<p>Po dokonaniu wyboru online tego, co chcesz zobaczy\u0107 i zwiedzi\u0107, u\u0142o\u017cymy najlepszy plan podr\u00f3\u017cy po Sri Lance i om\u00f3wimy z Tob\u0105 jego rezultaty. Obejmuje to wyb\u00f3r zakwaterowania i \u015brodk\u00f3w transportu. Przed przyj\u0119ciem lub odrzuceniem oferty mog\u0105 by\u0107 konieczne drobne poprawki. Je\u015bli si\u0119 zgodzisz, zabukujemy wszystkie rezerwacje, a Ty b\u0119dziesz m\u00f3g\u0142 spokojnie oczekiwa\u0107 na wymarzone wakacje na Sri Lance.<\/p>\n\n\t\t<\/div>\n\t<\/div>\n<\/div><\/div><\/div><\/div><div class=\"vc_row wpb_row vc_row-fluid\"><div class=\"wpb_column vc_column_container vc_col-sm-12\"><div class=\"vc_column-inner\"><div class=\"wpb_wrapper\"><div style=\"background-color:;height: 40px\" class=\"nicdark_section\"><\/div><\/div><\/div><\/div><\/div><div class=\"vc_row wpb_row vc_row-fluid\"><div class=\"wpb_column vc_column_container vc_col-sm-12\"><div class=\"vc_column-inner\"><div class=\"wpb_wrapper\">\n\t<div class=\"wpb_text_column wpb_content_element\" >\n\t\t<div class=\"wpb_wrapper\">\n\t\t\t<h3><strong>P\u0142atno\u015b\u0107<\/strong><\/h3>\n\n\t\t<\/div>\n\t<\/div>\n<div style=\"background-color:;height: 10px\" class=\"nicdark_section\"><\/div>\n\t<div class=\"wpb_text_column wpb_content_element\" >\n\t\t<div class=\"wpb_wrapper\">\n\t\t\t<p>Obecnie p\u0142atno\u015bci mo\u017cna dokonywa\u0107 za pomoc\u0105 przelewu bankowego, systemu PayPal, Blik lub got\u00f3wk\u0105. Pierwsza po\u0142owa kwoty faktury jest p\u0142atna bezpo\u015brednio po dokonaniu rezerwacji, a druga po\u0142owa na trzy tygodnie przed wyjazdem.<\/p>\n\n\t\t<\/div>\n\t<\/div>\n<\/div><\/div><\/div><\/div><div class=\"vc_row wpb_row vc_row-fluid\"><div class=\"wpb_column vc_column_container vc_col-sm-12\"><div class=\"vc_column-inner\"><div class=\"wpb_wrapper\"><div style=\"background-color:;height: 40px\" class=\"nicdark_section\"><\/div><\/div><\/div><\/div><\/div><div class=\"vc_row wpb_row vc_row-fluid\"><div class=\"wpb_column vc_column_container vc_col-sm-12\"><div class=\"vc_column-inner\"><div class=\"wpb_wrapper\">\n\t<div class=\"wpb_text_column wpb_content_element\" >\n\t\t<div class=\"wpb_wrapper\">\n\t\t\t<h3><strong>Ubezpieczenie<\/strong><\/h3>\n\n\t\t<\/div>\n\t<\/div>\n<div style=\"background-color:;height: 10px\" class=\"nicdark_section\"><\/div>\n\t<div class=\"wpb_text_column wpb_content_element\" >\n\t\t<div class=\"wpb_wrapper\">\n\t\t\t<p>Je\u015bli nie posiadasz ubezpieczenia podr\u00f3\u017cnego, mo\u017cesz wykupi\u0107 u nas opcjonalne ubezpieczenie na wypadek rezygnacji z podr\u00f3\u017cy. Pokrywa on koszty przelotu, hotelu i innych \u015brodk\u00f3w transportu, je\u015bli na przyk\u0142ad zachorujesz lub ulegniesz wypadkowi na kr\u00f3tko przed podr\u00f3\u017c\u0105.<\/p>\n\n\t\t<\/div>\n\t<\/div>\n<\/div><\/div><\/div><\/div><div class=\"vc_row wpb_row vc_row-fluid\"><div class=\"wpb_column vc_column_container vc_col-sm-12\"><div class=\"vc_column-inner\"><div class=\"wpb_wrapper\"><div style=\"background-color:;height: 40px\" class=\"nicdark_section\"><\/div><\/div><\/div><\/div><\/div><div class=\"vc_row wpb_row vc_row-fluid\"><div class=\"wpb_column vc_column_container vc_col-sm-12\"><div class=\"vc_column-inner\"><div class=\"wpb_wrapper\">\n\t<div class=\"wpb_text_column wpb_content_element\" >\n\t\t<div class=\"wpb_wrapper\">\n\t\t\t<h3><strong>Przewodnik turystyczny na miejscu<\/strong><\/h3>\n\n\t\t<\/div>\n\t<\/div>\n<div style=\"background-color:;height: 10px\" class=\"nicdark_section\"><\/div>\n\t<div class=\"wpb_text_column wpb_content_element\" >\n\t\t<div class=\"wpb_wrapper\">\n\t\t\t<p>Po przylocie na lotnisko na Sri Lance zostaniesz przyj\u0119ty przez jednego z cz\u0142onk\u00f3w naszego lokalnego zespo\u0142u. W zale\u017cno\u015bci od potrzeb, znajomo\u015bci j\u0119zyka i plan\u00f3w, na czas podr\u00f3\u017cy zostanie przydzielony przewodnik. Mog\u0105 oni towarzyszy\u0107 Ci podczas ca\u0142ej podr\u00f3\u017cy przez Sri Lank\u0119 lub do\u0142\u0105cza\u0107 do Ciebie w mi\u0119dzyczasie. Alternatywnie kierowca mo\u017ce by\u0107 towarzyszem podr\u00f3\u017cy, uzupe\u0142nianym lub zast\u0119powanym przez lokalnego przewodnika w najwa\u017cniejszych punktach zwiedzania. Wybierzemy dla Ciebie najlepsze rozwi\u0105zanie dla Twojej podr\u00f3\u017cy na Sri Lank\u0119.<\/p>\n<p>&nbsp;<\/p>\n<p>Opr\u00f3cz przewodnika lub kierowcy, Chris jest zawsze dost\u0119pny 24 godziny na dob\u0119, 7 dni w tygodniu, jako Tw\u00f3j najlepszy przewodnik i towarzysz na miejscu. Nie wahaj si\u0119 z nim skontaktowa\u0107 w nag\u0142ych przypadkach w \u015brodku nocy. Jego telefon kom\u00f3rkowy jest dost\u0119pny online i zawsze ch\u0119tnie s\u0142u\u017cy pomoc\u0105.<\/p>\n\n\t\t<\/div>\n\t<\/div>\n<\/div><\/div><\/div><\/div><div class=\"vc_row wpb_row vc_row-fluid\"><div class=\"wpb_column vc_column_container vc_col-sm-12\"><div class=\"vc_column-inner\"><div class=\"wpb_wrapper\"><div style=\"background-color:;height: 40px\" class=\"nicdark_section\"><\/div><\/div><\/div><\/div><\/div><div class=\"vc_row wpb_row vc_row-fluid\"><div class=\"wpb_column vc_column_container vc_col-sm-12\"><div class=\"vc_column-inner\"><div class=\"wpb_wrapper\">\n\t<div class=\"wpb_text_column wpb_content_element\" >\n\t\t<div class=\"wpb_wrapper\">\n\t\t\t<h3><strong>Przyjazd \/ Wiza<\/strong><\/h3>\n\n\t\t<\/div>\n\t<\/div>\n<div style=\"background-color:;height: 10px\" class=\"nicdark_section\"><\/div>\n\t<div class=\"wpb_text_column wpb_content_element\" >\n\t\t<div class=\"wpb_wrapper\">\n\t\t\t<p>Schweizer ben\u00f6tigen f\u00fcr die Einreise in Sri Lanka lediglich einen Pass, der mindestens 6 Monate nach der Ankunft g\u00fcltig ist. Vor der Einreise muss man online eine Electronic Travel Authorization (ETA) beantragen, die im Normalfall innerhalb weniger Stunden ausgestellt wird. Dieses Touristenvisum ist f\u00fcr 30 Tage g\u00fcltig und kann auf Antrag verl\u00e4ngert werden. Die Kosten f\u00fcr das Visum betragen 50 USD pro Person und sind von den Reisenden selbst zu tragen. Die Anmeldung ist sehr simpel und ben\u00f6tigt wenige Minuten. Alternativ k\u00f6nnen wir uns f\u00fcr dich um den Antrag k\u00fcmmern und die ETA-Kosten verrechnen.<\/p>\n<p>&nbsp;<\/p>\n<p>Uwa\u017caj na strony wy\u0142udzaj\u0105ce pieni\u0105dze! Niestety, w tej dziedzinie dzia\u0142aj\u0105 r\u00f3wnie\u017c r\u00f3\u017cni po\u015brednicy, kt\u00f3rzy og\u0142aszaj\u0105 si\u0119 w sprawie rozpatrywania wniosk\u00f3w wizowych na stronach internetowych, kt\u00f3re czasami wydaj\u0105 si\u0119 by\u0107 renomowane. W wi\u0119kszo\u015bci przypadk\u00f3w tacy dostawcy pobieraj\u0105 ogromne op\u0142aty opr\u00f3cz oficjalnych koszt\u00f3w ETA. Upewnij si\u0119, \u017ce ubiegasz si\u0119 o wiz\u0119 za po\u015brednictwem oficjalnej strony internetowej lankijskiego Departamentu Imigracji: <span style=\"color: #000080;\"><a style=\"color: #000080;\" href=\"http:\/\/www.eta.gov.lk\/slvisa\/\" target=\"_blank\" rel=\"noopener\">http:\/\/www.eta.gov.lk\/slvisa\/<\/a><\/span><\/p>\n<p>&nbsp;<\/p>\n<p>Oczywi\u015bcie wyja\u015bnimy Ci r\u00f3wnie\u017c aktualne wymagania dotycz\u0105ce wjazdu os\u00f3b innych narodowo\u015bci. Po prostu daj nam zna\u0107.<\/p>\n\n\t\t<\/div>\n\t<\/div>\n<\/div><\/div><\/div><\/div><div class=\"vc_row wpb_row vc_row-fluid\"><div class=\"wpb_column vc_column_container vc_col-sm-12\"><div class=\"vc_column-inner\"><div class=\"wpb_wrapper\"><div style=\"background-color:;height: 40px\" class=\"nicdark_section\"><\/div><\/div><\/div><\/div><\/div><div class=\"vc_row wpb_row vc_row-fluid\"><div class=\"wpb_column vc_column_container vc_col-sm-12\"><div class=\"vc_column-inner\"><div class=\"wpb_wrapper\">\n\t<div class=\"wpb_text_column wpb_content_element\" >\n\t\t<div class=\"wpb_wrapper\">\n\t\t\t<h3><strong>Covid-19-Info <\/strong><strong>- Wjazd do kraju i aktualno\u015bci<\/strong><\/h3>\n\n\t\t<\/div>\n\t<\/div>\n<div style=\"background-color:;height: 10px\" class=\"nicdark_section\"><\/div>\n\t<div class=\"wpb_text_column wpb_content_element\" >\n\t\t<div class=\"wpb_wrapper\">\n\t\t\t<p>Na poni\u017cszej stronie zamie\u015bcili\u015bmy kr\u00f3tk\u0105 list\u0119 najwa\u017cniejszych link\u00f3w dotycz\u0105cych informacji o Covid-19 na Sri Lance: <span style=\"color: #000080;\"><a style=\"color: #000080;\" href=\"https:\/\/www.travel2srilanka.ch\/pl\/covid-19-info\/\" target=\"_blank\" rel=\"noopener\">https:\/\/www.travel2srilanka.ch\/covid-19-info\/<\/a><\/span><\/p>\n\n\t\t<\/div>\n\t<\/div>\n<\/div><\/div><\/div><\/div><div class=\"vc_row wpb_row vc_row-fluid\"><div class=\"wpb_column vc_column_container vc_col-sm-12\"><div class=\"vc_column-inner\"><div class=\"wpb_wrapper\"><div style=\"background-color:;height: 40px\" class=\"nicdark_section\"><\/div><\/div><\/div><\/div><\/div>","protected":false},"excerpt":{"rendered":"Hier erh\u00e4ltst du wichtige Informationen zur Abwicklung deiner Reise nach Sri Lanka. Sollten irgendwelche Angaben fehlen, kannst du uns nat\u00fcrlich direkt kontaktieren und anfragen. Wir helfen gerne. Zusammenstellung deiner Individualreise Wie bereits auf der Startseite vermerkt, ist die Zusammenstellung deiner Individualreise nach Sri Lanka ganz simpel: Auswahl W\u00e4hle deine Lieblings-Reiseziele, Attraktionen und Aktivit\u00e4ten aus. Alle [...]","protected":false},"author":1,"featured_media":0,"parent":0,"menu_order":0,"comment_status":"closed","ping_status":"closed","template":"","meta":{"footnotes":""},"class_list":["post-2422","page","type-page","status-publish","hentry"],"_links":{"self":[{"href":"https:\/\/www.travel2srilanka.ch\/pl\/wp-json\/wp\/v2\/pages\/2422","targetHints":{"allow":["GET"]}}],"collection":[{"href":"https:\/\/www.travel2srilanka.ch\/pl\/wp-json\/wp\/v2\/pages"}],"about":[{"href":"https:\/\/www.travel2srilanka.ch\/pl\/wp-json\/wp\/v2\/types\/page"}],"author":[{"embeddable":true,"href":"https:\/\/www.travel2srilanka.ch\/pl\/wp-json\/wp\/v2\/users\/1"}],"replies":[{"embeddable":true,"href":"https:\/\/www.travel2srilanka.ch\/pl\/wp-json\/wp\/v2\/comments?post=2422"}],"version-history":[{"count":32,"href":"https:\/\/www.travel2srilanka.ch\/pl\/wp-json\/wp\/v2\/pages\/2422\/revisions"}],"predecessor-version":[{"id":3639,"href":"https:\/\/www.travel2srilanka.ch\/pl\/wp-json\/wp\/v2\/pages\/2422\/revisions\/3639"}],"wp:attachment":[{"href":"https:\/\/www.travel2srilanka.ch\/pl\/wp-json\/wp\/v2\/media?parent=2422"}],"curies":[{"name":"wp","href":"https:\/\/api.w.org\/{rel}","templated":true}]}}