{"id":2474,"date":"2021-09-26T11:31:17","date_gmt":"2021-09-26T09:31:17","guid":{"rendered":"https:\/\/www.travel2srilanka.ch\/?page_id=2474"},"modified":"2021-11-11T07:15:01","modified_gmt":"2021-11-11T06:15:01","slug":"impressum","status":"publish","type":"page","link":"https:\/\/www.travel2srilanka.ch\/pl\/impressum\/","title":{"rendered":"Impressum &#038; Kontakt"},"content":{"rendered":"<div class=\"vc_row wpb_row vc_row-fluid\"><div class=\"wpb_column vc_column_container vc_col-sm-12\"><div class=\"vc_column-inner\"><div class=\"wpb_wrapper\"><div style=\"background-color:;height: 20px\" class=\"nicdark_section\"><\/div><\/div><\/div><\/div><\/div><div class=\"vc_row wpb_row vc_row-fluid\"><div class=\"wpb_column vc_column_container vc_col-sm-3\"><div class=\"vc_column-inner\"><div class=\"wpb_wrapper\">\n\t<div class=\"wpb_text_column wpb_content_element\" >\n\t\t<div class=\"wpb_wrapper\">\n\t\t\t<p>Travel2SriLanka<\/p>\n<p>Bahnhofstrasse 44<\/p>\n<p>9200 Gossau<\/p>\n<p>&nbsp;<\/p>\n<p><a href=\"mailto:hello@travel2srilanka.ch\">hello@travel2srilanka.ch<\/a><\/p>\n\n\t\t<\/div>\n\t<\/div>\n<\/div><\/div><\/div><div class=\"wpb_column vc_column_container vc_col-sm-9\"><div class=\"vc_column-inner\"><div class=\"wpb_wrapper\">\n\t<div class=\"wpb_text_column wpb_content_element\" >\n\t\t<div class=\"wpb_wrapper\">\n\t\t\t<p>Tel. 078 216 11 44\u00a0 (Mi\u0119dzynarodowy: +41 78 216 11 44)<\/p>\n<p>Dost\u0119pno\u015b\u0107:<\/p>\n<p>&nbsp;<\/p>\n<p>Poniedzia\u0142ek - Pi\u0105tek  \u00a0 \u00a0   \u00a0        Sobota<\/p>\n<p>18:00 &#8211; 20:00 Uhr\u00a0 \u00a0 \u00a0 \u00a0 \u00a0 \u00a0 \u00a0 09:00 &#8211; 17:00 Uhr<\/p>\n\n\t\t<\/div>\n\t<\/div>\n<\/div><\/div><\/div><\/div><div class=\"vc_row wpb_row vc_row-fluid\"><div class=\"wpb_column vc_column_container vc_col-sm-12\"><div class=\"vc_column-inner\"><div class=\"wpb_wrapper\"><div style=\"background-color:;height: 50px\" class=\"nicdark_section\"><\/div><\/div><\/div><\/div><\/div><div class=\"vc_row wpb_row vc_row-fluid\"><div class=\"wpb_column vc_column_container vc_col-sm-12\"><div class=\"vc_column-inner\"><div class=\"wpb_wrapper\"><div class=\"wpb_gmaps_widget wpb_content_element\"><div class=\"wpb_wrapper\"><div class=\"wpb_map_wraper\"><iframe src=\"https:\/\/www.google.com\/maps\/embed?pb=!1m18!1m12!1m3!1d2699.992213011072!2d9.250871711366068!3d47.412093052220136!2m3!1f0!2f0!3f0!3m2!1i1024!2i768!4f13.1!3m3!1m2!1s0x479ae1680643e6a5%3A0x7c2bdab6b0b5d090!2sTravel2SriLanka.ch!5e0!3m2!1sde!2sch!4v1632648334316!5m2!1sde!2sch\" width=\"600\" height=\"450\" style=\"border:0;\" allowfullscreen=\"\" loading=\"lazy\"><\/iframe><\/div><\/div><\/div><\/div><\/div><\/div><\/div><div class=\"vc_row wpb_row vc_row-fluid\"><div class=\"wpb_column vc_column_container vc_col-sm-12\"><div class=\"vc_column-inner\"><div class=\"wpb_wrapper\"><div style=\"background-color:;height: 30px\" class=\"nicdark_section\"><\/div><\/div><\/div><\/div><\/div>","protected":false},"excerpt":{"rendered":"Travel2SriLanka Bahnhofstrasse 44 9200 Gossau &nbsp; hello@travel2srilanka.ch Tel. 078 216 11 44\u00a0 (International: +41 78 216 11 44) Erreichbarkeit: &nbsp; Montag bis Freitag\u00a0 \u00a0 \u00a0 \u00a0 \u00a0 \u00a0Samstag 18:00 - 20:00 Uhr\u00a0 \u00a0 \u00a0 \u00a0 \u00a0 \u00a0 \u00a0 09:00 - 17:00 Uhr","protected":false},"author":1,"featured_media":0,"parent":0,"menu_order":0,"comment_status":"closed","ping_status":"closed","template":"","meta":{"footnotes":""},"class_list":["post-2474","page","type-page","status-publish","hentry"],"_links":{"self":[{"href":"https:\/\/www.travel2srilanka.ch\/pl\/wp-json\/wp\/v2\/pages\/2474","targetHints":{"allow":["GET"]}}],"collection":[{"href":"https:\/\/www.travel2srilanka.ch\/pl\/wp-json\/wp\/v2\/pages"}],"about":[{"href":"https:\/\/www.travel2srilanka.ch\/pl\/wp-json\/wp\/v2\/types\/page"}],"author":[{"embeddable":true,"href":"https:\/\/www.travel2srilanka.ch\/pl\/wp-json\/wp\/v2\/users\/1"}],"replies":[{"embeddable":true,"href":"https:\/\/www.travel2srilanka.ch\/pl\/wp-json\/wp\/v2\/comments?post=2474"}],"version-history":[{"count":24,"href":"https:\/\/www.travel2srilanka.ch\/pl\/wp-json\/wp\/v2\/pages\/2474\/revisions"}],"predecessor-version":[{"id":2746,"href":"https:\/\/www.travel2srilanka.ch\/pl\/wp-json\/wp\/v2\/pages\/2474\/revisions\/2746"}],"wp:attachment":[{"href":"https:\/\/www.travel2srilanka.ch\/pl\/wp-json\/wp\/v2\/media?parent=2474"}],"curies":[{"name":"wp","href":"https:\/\/api.w.org\/{rel}","templated":true}]}}