{"id":2531,"date":"2021-09-29T01:07:22","date_gmt":"2021-09-28T23:07:22","guid":{"rendered":"https:\/\/www.travel2srilanka.ch\/?page_id=2531"},"modified":"2023-01-02T21:56:44","modified_gmt":"2023-01-02T20:56:44","slug":"hotels","status":"publish","type":"page","link":"https:\/\/www.travel2srilanka.ch\/pl\/hotels\/","title":{"rendered":"Hotele"},"content":{"rendered":"<div class=\"vc_row wpb_row vc_row-fluid\"><div class=\"wpb_column vc_column_container vc_col-sm-12\"><div class=\"vc_column-inner\"><div class=\"wpb_wrapper\"><div style=\"background-color:;height: 20px\" class=\"nicdark_section\"><\/div><\/div><\/div><\/div><\/div><div class=\"vc_row wpb_row vc_row-fluid\"><div class=\"wpb_column vc_column_container vc_col-sm-12\"><div class=\"vc_column-inner\"><div class=\"wpb_wrapper\">\n\t<div class=\"wpb_text_column wpb_content_element\" >\n\t\t<div class=\"wpb_wrapper\">\n\t\t\t<p>Wir pflegen langj\u00e4hrige Beziehungen und sind in st\u00e4ndigem Kontakt mit den beliebtesten Unterk\u00fcnften in Sri Lanka. Hierzu z\u00e4hlen nicht nur die top Luxus-Hotels, sondern insbesondere auch die originellen Boutique-Hotels, die traditionellen Heritage-Hotels, die Familien-Hotels sowie diverse G\u00e4steh\u00e4user auf der ganzen Insel. Selbstverst\u00e4ndlich beobachten und vergleichen wir die dynamischen Preise und offerieren dir zum bestm\u00f6glichen Angebot. Profitiere hierbei auch von unseren Spezialpreisen auf diverse Unterk\u00fcnfte.<\/p>\n<p>&nbsp;<\/p>\n<p>Gem\u00e4ss deinen Bed\u00fcrfnissen, W\u00fcnschen und deinem Budget, stellen wir dir die perfekten Unterk\u00fcnfte zusammen. Du sollst dich w\u00e4hrend deiner Reise in Sri Lanka jederzeit gut erholen k\u00f6nnen, um die vielen Eindr\u00fccke zu geniessen und zu verarbeiten. Folgend eine kleine Auswahl einiger unserer Hotel-Partner in Sri Lanka.<\/p>\n\n\t\t<\/div>\n\t<\/div>\n<\/div><\/div><\/div><\/div><div class=\"vc_row wpb_row vc_row-fluid\"><div class=\"wpb_column vc_column_container vc_col-sm-12\"><div class=\"vc_column-inner\"><div class=\"wpb_wrapper\"><div style=\"background-color:;height: 40px\" class=\"nicdark_section\"><\/div><\/div><\/div><\/div><\/div><div class=\"vc_row wpb_row vc_row-fluid\"><div class=\"wpb_column vc_column_container vc_col-sm-12\"><div class=\"vc_column-inner\"><div class=\"wpb_wrapper\">\n\t<div  class=\"wpb_single_image wpb_content_element vc_align_left\">\n\t\t\n\t\t<figure class=\"wpb_wrapper vc_figure\">\n\t\t\t<div class=\"vc_single_image-wrapper   vc_box_border_grey\"><img loading=\"lazy\" decoding=\"async\" width=\"1699\" height=\"851\" src=\"https:\/\/www.travel2srilanka.ch\/wp-content\/uploads\/2021\/09\/Hotel-Partner.jpg\" class=\"vc_single_image-img attachment-full\" alt=\"\" title=\"Hotel Partner\" srcset=\"https:\/\/www.travel2srilanka.ch\/wp-content\/uploads\/2021\/09\/Hotel-Partner.jpg 1699w, https:\/\/www.travel2srilanka.ch\/wp-content\/uploads\/2021\/09\/Hotel-Partner-300x150.jpg 300w, https:\/\/www.travel2srilanka.ch\/wp-content\/uploads\/2021\/09\/Hotel-Partner-1024x513.jpg 1024w, https:\/\/www.travel2srilanka.ch\/wp-content\/uploads\/2021\/09\/Hotel-Partner-768x385.jpg 768w, https:\/\/www.travel2srilanka.ch\/wp-content\/uploads\/2021\/09\/Hotel-Partner-1536x769.jpg 1536w, https:\/\/www.travel2srilanka.ch\/wp-content\/uploads\/2021\/09\/Hotel-Partner-600x301.jpg 600w\" sizes=\"auto, (max-width: 1699px) 100vw, 1699px\" \/><\/div>\n\t\t<\/figure>\n\t<\/div>\n<\/div><\/div><\/div><\/div><div class=\"vc_row wpb_row vc_row-fluid\"><div class=\"wpb_column vc_column_container vc_col-sm-12\"><div class=\"vc_column-inner\"><div class=\"wpb_wrapper\"><div style=\"background-color:;height: 80px\" class=\"nicdark_section\"><\/div>\n\t<div class=\"wpb_text_column wpb_content_element\" >\n\t\t<div class=\"wpb_wrapper\">\n\t\t\t<p>Hier zudem noch ein paar exklusiv ausgesuchte Hotels, die du direkt deiner Reiseliste hinzuf\u00fcgen kannst:<\/p>\n\n\t\t<\/div>\n\t<\/div>\n<div style=\"background-color:;height: 50px\" class=\"nicdark_section\"><\/div><\/div><\/div><\/div><\/div><div class=\"vc_row wpb_row vc_row-fluid\"><div class=\"wpb_column vc_column_container vc_col-sm-12\"><div class=\"vc_column-inner\"><div class=\"wpb_wrapper\"><div class=\"woocommerce columns-4\"><ul class=\"products columns-4\">\n<li class=\"product type-product post-3547 status-publish first instock product_cat-hotels has-post-thumbnail virtual product-type-simple\">\n\t<a href=\"https:\/\/www.travel2srilanka.ch\/pl\/product\/heritance-kandalama\/\" class=\"woocommerce-LoopProduct-link woocommerce-loop-product__link\"><img loading=\"lazy\" decoding=\"async\" width=\"300\" height=\"300\" src=\"https:\/\/www.travel2srilanka.ch\/wp-content\/uploads\/2022\/11\/Heritance-Kandalama-01-Travel2SriLanka-300x300.jpg\" class=\"attachment-woocommerce_thumbnail size-woocommerce_thumbnail\" alt=\"Dschungelhotel Heritance Kandalama - Im Einklang mit der Natur\" srcset=\"https:\/\/www.travel2srilanka.ch\/wp-content\/uploads\/2022\/11\/Heritance-Kandalama-01-Travel2SriLanka-300x300.jpg 300w, https:\/\/www.travel2srilanka.ch\/wp-content\/uploads\/2022\/11\/Heritance-Kandalama-01-Travel2SriLanka-150x150.jpg 150w, https:\/\/www.travel2srilanka.ch\/wp-content\/uploads\/2022\/11\/Heritance-Kandalama-01-Travel2SriLanka-720x720.jpg 720w, https:\/\/www.travel2srilanka.ch\/wp-content\/uploads\/2022\/11\/Heritance-Kandalama-01-Travel2SriLanka-100x100.jpg 100w\" sizes=\"auto, (max-width: 300px) 100vw, 300px\" \/><h2 class=\"woocommerce-loop-product__title\">Dschungelhotel Heritance Kandalama &#8211; Im Einklang mit der Natur<\/h2>\n<\/a>\t<span id=\"woocommerce_loop_add_to_cart_link_describedby_3547\" class=\"screen-reader-text\">\n\t\t\t<\/span>\n\n<div\n\tclass=\"yith-ywraq-add-to-quote add-to-quote-3547\" >\n\t\t<div class=\"yith-ywraq-add-button show\" style=\"display:block\"  data-product_id=\"3547\">\n\t\t\n<a href=\"#\" class=\"add-request-quote-button button\" data-product_id=\"3547\" data-wp_nonce=\"f00502457a\" >\n\t\t\t\tDodaj\t<\/a>\n\t<\/div>\n\t<div\n\t\tclass=\"yith_ywraq_add_item_product-response-3547 yith_ywraq_add_item_product_message hide hide-when-removed\"\n\t\tstyle=\"display:none\" data-product_id=\"3547\"><\/div>\n\t<div\n\t\tclass=\"yith_ywraq_add_item_response-3547 yith_ywraq_add_item_response_message hide hide-when-removed\"\n\t\tdata-product_id=\"3547\"\n\t\tstyle=\"display:none\">Dodano do Twojej listy<\/div>\n\t<div\n\t\tclass=\"yith_ywraq_add_item_browse-list-3547 yith_ywraq_add_item_browse_message  hide hide-when-removed\"\n\t\tstyle=\"display:none\"\n\t\tdata-product_id=\"3547\"><a\n\t\t\thref=\"https:\/\/www.travel2srilanka.ch\/pl\/angebotsanfrage\/\">Zobacz list\u0119<\/a><\/div>\n\n<\/div>\n\n<div class=\"clear\"><\/div>\n<\/li>\n<\/ul>\n<\/div><div style=\"background-color:;height: 10px\" class=\"nicdark_section\"><\/div><\/div><\/div><\/div><\/div>","protected":false},"excerpt":{"rendered":"Wir pflegen langj\u00e4hrige Beziehungen und sind in st\u00e4ndigem Kontakt mit den beliebtesten Unterk\u00fcnften in Sri Lanka. Hierzu z\u00e4hlen nicht nur die top Luxus-Hotels, sondern insbesondere auch die originellen Boutique-Hotels, die traditionellen Heritage-Hotels, die Familien-Hotels sowie diverse G\u00e4steh\u00e4user auf der ganzen Insel. Selbstverst\u00e4ndlich beobachten und vergleichen wir die dynamischen Preise und offerieren dir zum bestm\u00f6glichen Angebot. [...]","protected":false},"author":1,"featured_media":0,"parent":0,"menu_order":0,"comment_status":"closed","ping_status":"closed","template":"","meta":{"footnotes":""},"class_list":["post-2531","page","type-page","status-publish","hentry"],"_links":{"self":[{"href":"https:\/\/www.travel2srilanka.ch\/pl\/wp-json\/wp\/v2\/pages\/2531","targetHints":{"allow":["GET"]}}],"collection":[{"href":"https:\/\/www.travel2srilanka.ch\/pl\/wp-json\/wp\/v2\/pages"}],"about":[{"href":"https:\/\/www.travel2srilanka.ch\/pl\/wp-json\/wp\/v2\/types\/page"}],"author":[{"embeddable":true,"href":"https:\/\/www.travel2srilanka.ch\/pl\/wp-json\/wp\/v2\/users\/1"}],"replies":[{"embeddable":true,"href":"https:\/\/www.travel2srilanka.ch\/pl\/wp-json\/wp\/v2\/comments?post=2531"}],"version-history":[{"count":7,"href":"https:\/\/www.travel2srilanka.ch\/pl\/wp-json\/wp\/v2\/pages\/2531\/revisions"}],"predecessor-version":[{"id":3571,"href":"https:\/\/www.travel2srilanka.ch\/pl\/wp-json\/wp\/v2\/pages\/2531\/revisions\/3571"}],"wp:attachment":[{"href":"https:\/\/www.travel2srilanka.ch\/pl\/wp-json\/wp\/v2\/media?parent=2531"}],"curies":[{"name":"wp","href":"https:\/\/api.w.org\/{rel}","templated":true}]}}