{"id":2615,"date":"2021-10-16T12:34:44","date_gmt":"2021-10-16T10:34:44","guid":{"rendered":"https:\/\/www.travel2srilanka.ch\/?page_id=2615"},"modified":"2021-10-26T17:59:50","modified_gmt":"2021-10-26T15:59:50","slug":"unsere-vorteile","status":"publish","type":"page","link":"https:\/\/www.travel2srilanka.ch\/pl\/unsere-vorteile\/","title":{"rendered":"Nasze zalety"},"content":{"rendered":"<div class=\"vc_row wpb_row vc_row-fluid\"><div class=\"wpb_column vc_column_container vc_col-sm-12\"><div class=\"vc_column-inner\"><div class=\"wpb_wrapper\"><div style=\"background-color:;height: 20px\" class=\"nicdark_section\"><\/div><\/div><\/div><\/div><\/div><div class=\"vc_row wpb_row vc_row-fluid\"><div class=\"wpb_column vc_column_container vc_col-sm-12\"><div class=\"vc_column-inner\"><div class=\"wpb_wrapper\">\n\t<div class=\"wpb_text_column wpb_content_element\" >\n\t\t<div class=\"wpb_wrapper\">\n\t\t\t<p>Korzy\u015bci z indywidualnej podr\u00f3\u017cy z Travel2SriLanka jest wiele<\/p>\n\n\t\t<\/div>\n\t<\/div>\n<\/div><\/div><\/div><\/div><div class=\"vc_row wpb_row vc_row-fluid\"><div class=\"wpb_column vc_column_container vc_col-sm-12\"><div class=\"vc_column-inner\"><div class=\"wpb_wrapper\"><div style=\"background-color:;height: 40px\" class=\"nicdark_section\"><\/div><\/div><\/div><\/div><\/div><div class=\"vc_row wpb_row vc_row-fluid\"><div class=\"wpb_column vc_column_container vc_col-sm-12\"><div class=\"vc_column-inner\"><div class=\"wpb_wrapper\"><div style=\"background-color:;height: 10px\" class=\"nicdark_section\"><\/div>\n    <div style=\"text-align:left\" class=\"nd_options_section\">\n      <img decoding=\"async\" alt=\"\" style=\"width:60px\" class=\"nd_options_margin_0 nd_options_padding_0\" src=\"https:\/\/www.travel2srilanka.ch\/wp-content\/uploads\/2021\/10\/swiss-army-knife.png\">\n    <\/div>\n   <div style=\"background-color:;height: 6px\" class=\"nicdark_section\"><\/div>\n\t<div class=\"wpb_text_column wpb_content_element\" >\n\t\t<div class=\"wpb_wrapper\">\n\t\t\t<h3><strong>Szwajcarska jako\u015b\u0107<\/strong><\/h3>\n\n\t\t<\/div>\n\t<\/div>\n<div style=\"background-color:;height: 8px\" class=\"nicdark_section\"><\/div>\n\t<div class=\"wpb_text_column wpb_content_element\" >\n\t\t<div class=\"wpb_wrapper\">\n\t\t\t<p>Jeste\u015bmy ma\u0142\u0105 firm\u0105 rodzinn\u0105 z bogatym do\u015bwiadczeniem i g\u0142\u0119bokimi korzeniami na Sri Lance i w Szwajcarii. Dlatego doskonale znamy wysokie oczekiwania i potrzeby szwajcarskiej klienteli i potrafimy je odpowiednio uwzgl\u0119dni\u0107 w planowaniu i realizacji podr\u00f3\u017cy.<\/p>\n\n\t\t<\/div>\n\t<\/div>\n<div style=\"background-color:;height: 40px\" class=\"nicdark_section\"><\/div><\/div><\/div><\/div><\/div><div class=\"vc_row wpb_row vc_row-fluid\"><div class=\"wpb_column vc_column_container vc_col-sm-12\"><div class=\"vc_column-inner\"><div class=\"wpb_wrapper\"><div style=\"background-color:;height: 10px\" class=\"nicdark_section\"><\/div>\n    <div style=\"text-align:left\" class=\"nd_options_section\">\n      <img decoding=\"async\" alt=\"\" style=\"width:60px\" class=\"nd_options_margin_0 nd_options_padding_0\" src=\"https:\/\/www.travel2srilanka.ch\/wp-content\/uploads\/2021\/10\/elephant.png\">\n    <\/div>\n   <div style=\"background-color:;height: 6px\" class=\"nicdark_section\"><\/div>\n\t<div class=\"wpb_text_column wpb_content_element\" >\n\t\t<div class=\"wpb_wrapper\">\n\t\t\t<h3><strong>Zwiedzaj tylko to, co Ci\u0119 interesuje<\/strong><\/h3>\n\n\t\t<\/div>\n\t<\/div>\n<div style=\"background-color:;height: 8px\" class=\"nicdark_section\"><\/div>\n\t<div class=\"wpb_text_column wpb_content_element\" >\n\t\t<div class=\"wpb_wrapper\">\n\t\t\t<p>Ca\u0142a wyprawa na Sri Lank\u0119 jest dostosowana do Ciebie i Twoich potrzeb. To Ty decydujesz, co chcesz zobaczy\u0107 i zwiedzi\u0107. Nie trzeba wi\u0119c traci\u0107 czasu ani pieni\u0119dzy na rzeczy, kt\u00f3re s\u0105 zawarte w og\u00f3lnych pakietach wycieczek.<\/p>\n\n\t\t<\/div>\n\t<\/div>\n<div style=\"background-color:;height: 40px\" class=\"nicdark_section\"><\/div><\/div><\/div><\/div><\/div><div class=\"vc_row wpb_row vc_row-fluid\"><div class=\"wpb_column vc_column_container vc_col-sm-12\"><div class=\"vc_column-inner\"><div class=\"wpb_wrapper\"><div style=\"background-color:;height: 10px\" class=\"nicdark_section\"><\/div>\n    <div style=\"text-align:left\" class=\"nd_options_section\">\n      <img decoding=\"async\" alt=\"\" style=\"width:60px\" class=\"nd_options_margin_0 nd_options_padding_0\" src=\"https:\/\/www.travel2srilanka.ch\/wp-content\/uploads\/2021\/10\/consulting.png\">\n    <\/div>\n   <div style=\"background-color:;height: 6px\" class=\"nicdark_section\"><\/div>\n\t<div class=\"wpb_text_column wpb_content_element\" >\n\t\t<div class=\"wpb_wrapper\">\n\t\t\t<h3><strong>Indywidualne planowanie i doradztwo<\/strong><\/h3>\n\n\t\t<\/div>\n\t<\/div>\n<div style=\"background-color:;height: 8px\" class=\"nicdark_section\"><\/div>\n\t<div class=\"wpb_text_column wpb_content_element\" >\n\t\t<div class=\"wpb_wrapper\">\n\t\t\t<p>Z pomoc\u0105 naszych modu\u0142\u00f3w podr\u00f3\u017cy mo\u017cesz samodzielnie u\u0142o\u017cy\u0107 to, co chcia\u0142by\u015b zobaczy\u0107 i zwiedzi\u0107 na Sri Lance. Nast\u0119pnie przeka\u017cemy Ci dalsze wskaz\u00f3wki i porady dotycz\u0105ce planowania podr\u00f3\u017cy.<\/p>\n\n\t\t<\/div>\n\t<\/div>\n<div style=\"background-color:;height: 40px\" class=\"nicdark_section\"><\/div><\/div><\/div><\/div><\/div><div class=\"vc_row wpb_row vc_row-fluid\"><div class=\"wpb_column vc_column_container vc_col-sm-12\"><div class=\"vc_column-inner\"><div class=\"wpb_wrapper\"><div style=\"background-color:;height: 10px\" class=\"nicdark_section\"><\/div>\n    <div style=\"text-align:left\" class=\"nd_options_section\">\n      <img decoding=\"async\" alt=\"\" style=\"width:60px\" class=\"nd_options_margin_0 nd_options_padding_0\" src=\"https:\/\/www.travel2srilanka.ch\/wp-content\/uploads\/2021\/10\/photographer.png\">\n    <\/div>\n   <div style=\"background-color:;height: 6px\" class=\"nicdark_section\"><\/div>\n\t<div class=\"wpb_text_column wpb_content_element\" >\n\t\t<div class=\"wpb_wrapper\">\n\t\t\t<h3><strong>Osobiste i autentyczne podr\u00f3\u017ce<\/strong><\/h3>\n\n\t\t<\/div>\n\t<\/div>\n<div style=\"background-color:;height: 8px\" class=\"nicdark_section\"><\/div>\n\t<div class=\"wpb_text_column wpb_content_element\" >\n\t\t<div class=\"wpb_wrapper\">\n\t\t\t<p>W czasie podr\u00f3\u017cy b\u0119dziesz traktowany indywidualnie. Mo\u017cesz spotka\u0107 si\u0119 z mieszka\u0144cami i pozna\u0107 kraj z zupe\u0142nie innej perspektywy. Umo\u017cliwiamy dost\u0119p do miejsc, kt\u00f3re nie s\u0105 oferowane nawet przez du\u017cych przewodnik\u00f3w ze wzgl\u0119du na niski popyt lub trudn\u0105 organizacj\u0119. Przeka\u017c nam swoje indywidualne \u017cyczenia, nawet je\u015bli nie s\u0105 one wymienione w portfolio online, a my zrobimy wszystko aby je spe\u0142ni\u0107.<\/p>\n\n\t\t<\/div>\n\t<\/div>\n<div style=\"background-color:;height: 40px\" class=\"nicdark_section\"><\/div><\/div><\/div><\/div><\/div><div class=\"vc_row wpb_row vc_row-fluid\"><div class=\"wpb_column vc_column_container vc_col-sm-12\"><div class=\"vc_column-inner\"><div class=\"wpb_wrapper\"><div style=\"background-color:;height: 10px\" class=\"nicdark_section\"><\/div>\n    <div style=\"text-align:left\" class=\"nd_options_section\">\n      <img decoding=\"async\" alt=\"\" style=\"width:60px\" class=\"nd_options_margin_0 nd_options_padding_0\" src=\"https:\/\/www.travel2srilanka.ch\/wp-content\/uploads\/2021\/10\/24-hours.png\">\n    <\/div>\n   <div style=\"background-color:;height: 6px\" class=\"nicdark_section\"><\/div>\n\t<div class=\"wpb_text_column wpb_content_element\" >\n\t\t<div class=\"wpb_wrapper\">\n\t\t\t<h3><strong>Osoby kontaktowe w Szwajcarii, Polsce i na miejscu na Sri Lance (24\/h)<\/strong><\/h3>\n\n\t\t<\/div>\n\t<\/div>\n<div style=\"background-color:;height: 8px\" class=\"nicdark_section\"><\/div>\n\t<div class=\"wpb_text_column wpb_content_element\" >\n\t\t<div class=\"wpb_wrapper\">\n\t\t\t<p>Na miejscu na Sri Lance, w Polsce i Szwajcarii posiadasz osob\u0119 kontaktow\u0105, kt\u00f3ra jest do dyspozycji 24 godziny na dob\u0119, 7 dni w tygodniu. Je\u015bli potrzebujesz pomocy lub chcesz zmieni\u0107 rezerwacj\u0119, skontaktuj si\u0119 z nami - w nag\u0142ych przypadkach nawet w nocy.<\/p>\n\n\t\t<\/div>\n\t<\/div>\n<div style=\"background-color:;height: 40px\" class=\"nicdark_section\"><\/div><\/div><\/div><\/div><\/div><div class=\"vc_row wpb_row vc_row-fluid\"><div class=\"wpb_column vc_column_container vc_col-sm-12\"><div class=\"vc_column-inner\"><div class=\"wpb_wrapper\"><div style=\"background-color:;height: 10px\" class=\"nicdark_section\"><\/div>\n    <div style=\"text-align:left\" class=\"nd_options_section\">\n      <img decoding=\"async\" alt=\"\" style=\"width:60px\" class=\"nd_options_margin_0 nd_options_padding_0\" src=\"https:\/\/www.travel2srilanka.ch\/wp-content\/uploads\/2021\/10\/jungle.png\">\n    <\/div>\n   <div style=\"background-color:;height: 6px\" class=\"nicdark_section\"><\/div>\n\t<div class=\"wpb_text_column wpb_content_element\" >\n\t\t<div class=\"wpb_wrapper\">\n\t\t\t<h3><strong>Wiele wskaz\u00f3wek dotycz\u0105cych ukrytych i nieznanych miejsc<\/strong><\/h3>\n\n\t\t<\/div>\n\t<\/div>\n<div style=\"background-color:;height: 8px\" class=\"nicdark_section\"><\/div>\n\t<div class=\"wpb_text_column wpb_content_element\" >\n\t\t<div class=\"wpb_wrapper\">\n\t\t\t<p>Ch\u0119tnie oprowadzimy Ci\u0119 po miejscach na wyspie marze\u0144, kt\u00f3re nie s\u0105 znane turystom. Na \u017cyczenie nasz zesp\u00f3\u0142 mo\u017ce udzieli\u0107 wielu wskaz\u00f3wek dotycz\u0105cych Sri Lanki.<\/p>\n\n\t\t<\/div>\n\t<\/div>\n<div style=\"background-color:;height: 40px\" class=\"nicdark_section\"><\/div><\/div><\/div><\/div><\/div><div class=\"vc_row wpb_row vc_row-fluid\"><div class=\"wpb_column vc_column_container vc_col-sm-12\"><div class=\"vc_column-inner\"><div class=\"wpb_wrapper\"><div style=\"background-color:;height: 10px\" class=\"nicdark_section\"><\/div>\n    <div style=\"text-align:left\" class=\"nd_options_section\">\n      <img decoding=\"async\" alt=\"\" style=\"width:60px\" class=\"nd_options_margin_0 nd_options_padding_0\" src=\"https:\/\/www.travel2srilanka.ch\/wp-content\/uploads\/2021\/10\/dates.png\">\n    <\/div>\n   <div style=\"background-color:;height: 6px\" class=\"nicdark_section\"><\/div>\n\t<div class=\"wpb_text_column wpb_content_element\" >\n\t\t<div class=\"wpb_wrapper\">\n\t\t\t<h3><strong>Elastyczne podr\u00f3\u017ce i czas<\/strong><\/h3>\n\n\t\t<\/div>\n\t<\/div>\n<div style=\"background-color:;height: 8px\" class=\"nicdark_section\"><\/div>\n\t<div class=\"wpb_text_column wpb_content_element\" >\n\t\t<div class=\"wpb_wrapper\">\n\t\t\t<p>Zawsze mo\u017ce si\u0119 co\u015b wydarzy\u0107. Ale podczas indywidualnej wycieczki po Sri Lance nie musisz martwi\u0107 si\u0119 o harmonogram. Je\u015bli nagle zechcesz zosta\u0107 w hotelu lub d\u0142u\u017cej podziwia\u0107 jak\u0105\u015b atrakcj\u0119, zawsze mo\u017cesz powiedzie\u0107 o tym przewodnikowi lub kierowcy. Z przyjemno\u015bci\u0105 pozwol\u0105 Ci cieszy\u0107 si\u0119 urlopem i poczekaj\u0105 na Ciebie. Je\u015bli chcia\u0142by\u015b przed\u0142u\u017cy\u0107 wyjazd, oczywi\u015bcie sprawdzimy r\u00f3wnie\u017c mo\u017cliwo\u015bci ewentualnych zmian lub uzupe\u0142nie\u0144 w zakwaterowaniu.<\/p>\n<p>Ponadto mo\u017cna ca\u0142kowicie elastycznie dobiera\u0107 termin i d\u0142ugo\u015b\u0107 wycieczki na Sri Lank\u0119. Warto jednak przyjrze\u0107 si\u0119 tabeli klimatycznej i pogodzie na wyspie.<\/p>\n\n\t\t<\/div>\n\t<\/div>\n<div style=\"background-color:;height: 40px\" class=\"nicdark_section\"><\/div><\/div><\/div><\/div><\/div><div class=\"vc_row wpb_row vc_row-fluid\"><div class=\"wpb_column vc_column_container vc_col-sm-12\"><div class=\"vc_column-inner\"><div class=\"wpb_wrapper\"><div style=\"background-color:;height: 10px\" class=\"nicdark_section\"><\/div>\n    <div style=\"text-align:left\" class=\"nd_options_section\">\n      <img decoding=\"async\" alt=\"\" style=\"width:60px\" class=\"nd_options_margin_0 nd_options_padding_0\" src=\"https:\/\/www.travel2srilanka.ch\/wp-content\/uploads\/2021\/10\/piggy-bank-1.png\">\n    <\/div>\n   <div style=\"background-color:;height: 6px\" class=\"nicdark_section\"><\/div>\n\t<div class=\"wpb_text_column wpb_content_element\" >\n\t\t<div class=\"wpb_wrapper\">\n\t\t\t<h3><strong>Wymarzone podr\u00f3\u017ce na ka\u017cd\u0105 kiesze\u0144<\/strong><\/h3>\n\n\t\t<\/div>\n\t<\/div>\n<div style=\"background-color:;height: 8px\" class=\"nicdark_section\"><\/div>\n\t<div class=\"wpb_text_column wpb_content_element\" >\n\t\t<div class=\"wpb_wrapper\">\n\t\t\t<p style=\"text-align: left;\">Ca\u0142a wycieczka jest dostosowana do Twojego bud\u017cetu. To, czy wolisz podr\u00f3\u017cowa\u0107 po Sri Lance transportem publicznym, vanem czy powietrzn\u0105 taks\u00f3wk\u0105 VIP, czy chcesz zatrzyma\u0107 si\u0119 w niedrogich pensjonatach czy luksusowych hotelach, zale\u017cy od Ciebie. Dostosowujemy wycieczk\u0119 do bud\u017cetu ka\u017cdego klienta.<\/p>\n\n\t\t<\/div>\n\t<\/div>\n<div style=\"background-color:;height: 40px\" class=\"nicdark_section\"><\/div><\/div><\/div><\/div><\/div><div class=\"vc_row wpb_row vc_row-fluid\"><div class=\"wpb_column vc_column_container vc_col-sm-12\"><div class=\"vc_column-inner\"><div class=\"wpb_wrapper\"><div style=\"background-color:;height: 10px\" class=\"nicdark_section\"><\/div>\n    <div style=\"text-align:left\" class=\"nd_options_section\">\n      <img decoding=\"async\" alt=\"\" style=\"width:60px\" class=\"nd_options_margin_0 nd_options_padding_0\" src=\"https:\/\/www.travel2srilanka.ch\/wp-content\/uploads\/2021\/10\/parents.png\">\n    <\/div>\n   <div style=\"background-color:;height: 6px\" class=\"nicdark_section\"><\/div>\n\t<div class=\"wpb_text_column wpb_content_element\" >\n\t\t<div class=\"wpb_wrapper\">\n\t\t\t<h3><\/h3>\n<h3><strong>Wi\u0119cej prywatno\u015bci i indywidualnych przyg\u00f3d<\/strong><\/h3>\n\n\t\t<\/div>\n\t<\/div>\n<div style=\"background-color:;height: 8px\" class=\"nicdark_section\"><\/div>\n\t<div class=\"wpb_text_column wpb_content_element\" >\n\t\t<div class=\"wpb_wrapper\">\n\t\t\t<p style=\"text-align: left;\">W przeciwie\u0144stwie do wycieczek zorganizowanych w du\u017cych grupach, na wycieczce indywidualnej jeste\u015b tylko ze swoimi towarzyszami podr\u00f3\u017cy i nie musisz czeka\u0107 na inne osoby, ani przy wsiadaniu do autokaru, ani przy wymeldowaniu z hotelu, ani w razie \u017cadnych problem\u00f3w.<\/p>\n<p>Co wi\u0119cej, przebywa si\u0119 tylko z ulubionymi, najbli\u017cszymi osobami i nikt inny Ci nie przeszkadza. Oznacza to r\u00f3wnie\u017c, \u017ce mo\u017cna by\u0107 sob\u0105 :).<\/p>\n\n\t\t<\/div>\n\t<\/div>\n<div style=\"background-color:;height: 40px\" class=\"nicdark_section\"><\/div><\/div><\/div><\/div><\/div><div class=\"vc_row wpb_row vc_row-fluid\"><div class=\"wpb_column vc_column_container vc_col-sm-12\"><div class=\"vc_column-inner\"><div class=\"wpb_wrapper\"><div style=\"background-color:;height: 10px\" class=\"nicdark_section\"><\/div>\n    <div style=\"text-align:left\" class=\"nd_options_section\">\n      <img decoding=\"async\" alt=\"\" style=\"width:60px\" class=\"nd_options_margin_0 nd_options_padding_0\" src=\"https:\/\/www.travel2srilanka.ch\/wp-content\/uploads\/2021\/09\/hotel.png\">\n    <\/div>\n   <div style=\"background-color:;height: 6px\" class=\"nicdark_section\"><\/div>\n\t<div class=\"wpb_text_column wpb_content_element\" >\n\t\t<div class=\"wpb_wrapper\">\n\t\t\t<h3><strong>Starannie dobrane zakwaterowanie<\/strong><\/h3>\n\n\t\t<\/div>\n\t<\/div>\n<div style=\"background-color:;height: 8px\" class=\"nicdark_section\"><\/div>\n\t<div class=\"wpb_text_column wpb_content_element\" >\n\t\t<div class=\"wpb_wrapper\">\n\t\t\t<p>Wsp\u00f3\u0142pracujemy nie tylko z du\u017cymi mi\u0119dzynarodowymi sieciami hotelowymi, ale tak\u017ce znamy wiele wyj\u0105tkowych hoteli butikowych i pensjonat\u00f3w. W oparciu o Tw\u00f3j bud\u017cet, preferencje i plan podr\u00f3\u017cy, dopasujemy dla Ciebie idealne zakwaterowanie u najlepszych gospodarzy na Sri Lance.<\/p>\n\n\t\t<\/div>\n\t<\/div>\n<div style=\"background-color:;height: 40px\" class=\"nicdark_section\"><\/div><\/div><\/div><\/div><\/div><div class=\"vc_row wpb_row vc_row-fluid\"><div class=\"wpb_column vc_column_container vc_col-sm-12\"><div class=\"vc_column-inner\"><div class=\"wpb_wrapper\"><div style=\"background-color:;height: 10px\" class=\"nicdark_section\"><\/div>\n    <div style=\"text-align:left\" class=\"nd_options_section\">\n      <img decoding=\"async\" alt=\"\" style=\"width:60px\" class=\"nd_options_margin_0 nd_options_padding_0\" src=\"https:\/\/www.travel2srilanka.ch\/wp-content\/uploads\/2021\/10\/family-1.png\">\n    <\/div>\n   <div style=\"background-color:;height: 6px\" class=\"nicdark_section\"><\/div>\n\t<div class=\"wpb_text_column wpb_content_element\" >\n\t\t<div class=\"wpb_wrapper\">\n\t\t\t<h3><strong>Odpowiednie dla rodzin, par, singli, grup i senior\u00f3w<\/strong><\/h3>\n\n\t\t<\/div>\n\t<\/div>\n<div style=\"background-color:;height: 8px\" class=\"nicdark_section\"><\/div>\n\t<div class=\"wpb_text_column wpb_content_element\" >\n\t\t<div class=\"wpb_wrapper\">\n\t\t\t<p>Dla rodzin z dzie\u0107mi wybieramy kr\u00f3tkie trasy i wystarczaj\u0105cy czas odpoczynku podczas podr\u00f3\u017cy przez Sri Lank\u0119. Zalecamy, aby nie wype\u0142nia\u0107 ca\u0142ego programu i wybiera\u0107 hotele przyjazne rodzinie - w miar\u0119 mo\u017cliwo\u015bci z animacjami dla dzieci.<\/p>\n\n\t\t<\/div>\n\t<\/div>\n<div style=\"background-color:;height: 40px\" class=\"nicdark_section\"><\/div><\/div><\/div><\/div><\/div><div class=\"vc_row wpb_row vc_row-fluid\"><div class=\"wpb_column vc_column_container vc_col-sm-12\"><div class=\"vc_column-inner\"><div class=\"wpb_wrapper\"><div style=\"background-color:;height: 15px\" class=\"nicdark_section\"><\/div><div class=\"vc_btn3-container vc_btn3-center\" ><a class=\"vc_general vc_btn3 vc_btn3-size-md vc_btn3-shape-rounded vc_btn3-style-modern vc_btn3-color-grey\" href=\"https:\/\/www.travel2srilanka.ch\/pl\/kategorien\/\" title=\"Kategorie\">Zorganizujmy Twoj\u0105 wycieczk\u0119 ju\u017c teraz<\/a><\/div><div style=\"background-color:;height: 40px\" class=\"nicdark_section\"><\/div><\/div><\/div><\/div><\/div>","protected":false},"excerpt":{"rendered":"Die Vorteile einer Individualreise mit Travel2SriLanka sind vielz\u00e4hlig: Schweizer Qualit\u00e4t Wir sind ein kleines Familienunternehmen mit grossem Erfahrungsschatz und tiefen Wurzeln in Sri Lanka sowie der Schweiz. Somit kennen wir die hohen Erwartungen und Bed\u00fcrfnisse der Schweizer Kundschaft bestens und k\u00f6nnen sie entsprechend bei der Reiseplanung und -abwicklung umsetzen. Sehe und mache nur, was dich [...]","protected":false},"author":1,"featured_media":0,"parent":0,"menu_order":0,"comment_status":"closed","ping_status":"closed","template":"","meta":{"footnotes":""},"class_list":["post-2615","page","type-page","status-publish","hentry"],"_links":{"self":[{"href":"https:\/\/www.travel2srilanka.ch\/pl\/wp-json\/wp\/v2\/pages\/2615","targetHints":{"allow":["GET"]}}],"collection":[{"href":"https:\/\/www.travel2srilanka.ch\/pl\/wp-json\/wp\/v2\/pages"}],"about":[{"href":"https:\/\/www.travel2srilanka.ch\/pl\/wp-json\/wp\/v2\/types\/page"}],"author":[{"embeddable":true,"href":"https:\/\/www.travel2srilanka.ch\/pl\/wp-json\/wp\/v2\/users\/1"}],"replies":[{"embeddable":true,"href":"https:\/\/www.travel2srilanka.ch\/pl\/wp-json\/wp\/v2\/comments?post=2615"}],"version-history":[{"count":35,"href":"https:\/\/www.travel2srilanka.ch\/pl\/wp-json\/wp\/v2\/pages\/2615\/revisions"}],"predecessor-version":[{"id":2681,"href":"https:\/\/www.travel2srilanka.ch\/pl\/wp-json\/wp\/v2\/pages\/2615\/revisions\/2681"}],"wp:attachment":[{"href":"https:\/\/www.travel2srilanka.ch\/pl\/wp-json\/wp\/v2\/media?parent=2615"}],"curies":[{"name":"wp","href":"https:\/\/api.w.org\/{rel}","templated":true}]}}