{"id":2804,"date":"2022-01-08T23:20:41","date_gmt":"2022-01-08T22:20:41","guid":{"rendered":"https:\/\/www.travel2srilanka.ch\/?page_id=2804"},"modified":"2023-06-14T21:20:26","modified_gmt":"2023-06-14T19:20:26","slug":"covid-19-info","status":"publish","type":"page","link":"https:\/\/www.travel2srilanka.ch\/pl\/covid-19-info\/","title":{"rendered":"Covid-19-Info - Wjazd do kraju i aktualno\u015bci"},"content":{"rendered":"<div class=\"vc_row wpb_row vc_row-fluid\"><div class=\"wpb_column vc_column_container vc_col-sm-12\"><div class=\"vc_column-inner\"><div class=\"wpb_wrapper\"><div style=\"background-color:;height: 20px\" class=\"nicdark_section\"><\/div><\/div><\/div><\/div><\/div><div class=\"vc_row wpb_row vc_row-fluid\"><div class=\"wpb_column vc_column_container vc_col-sm-12\"><div class=\"vc_column-inner\"><div class=\"wpb_wrapper\">\n\t<div class=\"wpb_text_column wpb_content_element\" >\n\t\t<div class=\"wpb_wrapper\">\n\t\t\t<p>Die Covid-Massnahmen f\u00fcr Reisende nach Sri Lanka wurden aufgehoben. Seit dem 7. Dezember 2022 sind zur Einreise weder Nachweise \u00fcber eine COVID-Impfung, noch PCR- oder Antigentests mehr erforderlich.<\/p>\n<p>(Stand Juni 2023)<\/p>\n<p>&nbsp;<\/p>\n<p>Aktualne informacje znajduj\u0105 si\u0119 na podanych stronach:<\/p>\n\n\t\t<\/div>\n\t<\/div>\n<\/div><\/div><\/div><\/div><div class=\"vc_row wpb_row vc_row-fluid\"><div class=\"wpb_column vc_column_container vc_col-sm-12\"><div class=\"vc_column-inner\"><div class=\"wpb_wrapper\"><div style=\"background-color:;height: 35px\" class=\"nicdark_section\"><\/div><\/div><\/div><\/div><\/div><div class=\"vc_row wpb_row vc_row-fluid\"><div class=\"wpb_column vc_column_container vc_col-sm-12\"><div class=\"vc_column-inner\"><div class=\"wpb_wrapper\">\n\t<div class=\"wpb_text_column wpb_content_element\" >\n\t\t<div class=\"wpb_wrapper\">\n\t\t\t<h3><strong>Serwis Rzeczypospolitej Polskiej<\/strong><\/h3>\n\n\t\t<\/div>\n\t<\/div>\n<div style=\"background-color:;height: 6px\" class=\"nicdark_section\"><\/div>\n\t<div class=\"wpb_text_column wpb_content_element\" >\n\t\t<div class=\"wpb_wrapper\">\n\t\t\t<p>Aktualne i szczeg\u00f3\u0142owe informacje w j\u0119zyku polskim<\/p>\n<p><span style=\"color: #14b9d5;\"><a style=\"color: #14b9d5;\" href=\"https:\/\/www.gov.pl\/web\/indie\/sri-lanka-idp\" target=\"_blank\" rel=\"noopener\">https:\/\/www.gov.pl\/web\/indie\/sri-lanka-idp<\/a><\/span><\/p>\n\n\t\t<\/div>\n\t<\/div>\n<div style=\"background-color:;height: 40px\" class=\"nicdark_section\"><\/div><\/div><\/div><\/div><\/div><div class=\"vc_row wpb_row vc_row-fluid\"><div class=\"wpb_column vc_column_container vc_col-sm-12\"><div class=\"vc_column-inner\"><div class=\"wpb_wrapper\">\n\t<div class=\"wpb_text_column wpb_content_element\" >\n\t\t<div class=\"wpb_wrapper\">\n\t\t\t<h3><strong>Informacje konsularne<\/strong><\/h3>\n\n\t\t<\/div>\n\t<\/div>\n<div style=\"background-color:;height: 6px\" class=\"nicdark_section\"><\/div>\n\t<div class=\"wpb_text_column wpb_content_element\" >\n\t\t<div class=\"wpb_wrapper\">\n\t\t\t<p>Polska w Indiach - dodatkowe informacje<\/p>\n<p><span style=\"color: #14b9d5;\"><a style=\"color: #14b9d5;\" href=\"https:\/\/www.gov.pl\/web\/indie\/covid-19\" target=\"_blank\" rel=\"noopener\">https:\/\/www.gov.pl\/web\/indie\/covid-19<\/a><\/span><\/p>\n\n\t\t<\/div>\n\t<\/div>\n<div style=\"background-color:;height: 40px\" class=\"nicdark_section\"><\/div><\/div><\/div><\/div><\/div><div class=\"vc_row wpb_row vc_row-fluid\"><div class=\"wpb_column vc_column_container vc_col-sm-12\"><div class=\"vc_column-inner\"><div class=\"wpb_wrapper\">\n\t<div class=\"wpb_text_column wpb_content_element\" >\n\t\t<div class=\"wpb_wrapper\">\n\t\t\t<p>Je\u015bli masz jakiekolwiek pytania, skontaktuj si\u0119 z nami.<\/p>\n\n\t\t<\/div>\n\t<\/div>\n<\/div><\/div><\/div><\/div><div class=\"vc_row wpb_row vc_row-fluid\"><div class=\"wpb_column vc_column_container vc_col-sm-12\"><div class=\"vc_column-inner\"><div class=\"wpb_wrapper\"><div style=\"background-color:;height: 80px\" class=\"nicdark_section\"><\/div><\/div><\/div><\/div><\/div><div class=\"vc_row wpb_row vc_row-fluid\"><div class=\"wpb_column vc_column_container vc_col-sm-2\"><div class=\"vc_column-inner\"><div class=\"wpb_wrapper\">\n    <div style=\"text-align:\" class=\"nd_options_section\">\n      <img decoding=\"async\" alt=\"\" style=\"width:65px\" class=\"nd_options_margin_0 nd_options_padding_0\" src=\"https:\/\/www.travel2srilanka.ch\/wp-content\/uploads\/2022\/01\/prevention.png\">\n    <\/div>\n   <\/div><\/div><\/div><div class=\"wpb_column vc_column_container vc_col-sm-2\"><div class=\"vc_column-inner\"><div class=\"wpb_wrapper\">\n    <div style=\"text-align:\" class=\"nd_options_section\">\n      <img decoding=\"async\" alt=\"\" style=\"width:70px\" class=\"nd_options_margin_0 nd_options_padding_0\" src=\"https:\/\/www.travel2srilanka.ch\/wp-content\/uploads\/2022\/01\/mask.png\">\n    <\/div>\n   <\/div><\/div><\/div><div class=\"wpb_column vc_column_container vc_col-sm-2\"><div class=\"vc_column-inner\"><div class=\"wpb_wrapper\">\n    <div style=\"text-align:\" class=\"nd_options_section\">\n      <img decoding=\"async\" alt=\"\" style=\"width:65px\" class=\"nd_options_margin_0 nd_options_padding_0\" src=\"https:\/\/www.travel2srilanka.ch\/wp-content\/uploads\/2022\/01\/wash-your-hands.png\">\n    <\/div>\n   <\/div><\/div><\/div><div class=\"wpb_column vc_column_container vc_col-sm-2\"><div class=\"vc_column-inner\"><div class=\"wpb_wrapper\">\n    <div style=\"text-align:\" class=\"nd_options_section\">\n      <img decoding=\"async\" alt=\"\" style=\"width:65px\" class=\"nd_options_margin_0 nd_options_padding_0\" src=\"https:\/\/www.travel2srilanka.ch\/wp-content\/uploads\/2022\/01\/soap.png\">\n    <\/div>\n   <\/div><\/div><\/div><div class=\"wpb_column vc_column_container vc_col-sm-2\"><div class=\"vc_column-inner\"><div class=\"wpb_wrapper\">\n    <div style=\"text-align:\" class=\"nd_options_section\">\n      <img decoding=\"async\" alt=\"\" style=\"width:70px\" class=\"nd_options_margin_0 nd_options_padding_0\" src=\"https:\/\/www.travel2srilanka.ch\/wp-content\/uploads\/2022\/01\/new-normality.png\">\n    <\/div>\n   <\/div><\/div><\/div><div class=\"wpb_column vc_column_container vc_col-sm-2\"><div class=\"vc_column-inner\"><div class=\"wpb_wrapper\"><\/div><\/div><\/div><\/div><div class=\"vc_row wpb_row vc_row-fluid\"><div class=\"wpb_column vc_column_container vc_col-sm-12\"><div class=\"vc_column-inner\"><div class=\"wpb_wrapper\"><div style=\"background-color:;height: 50px\" class=\"nicdark_section\"><\/div><\/div><\/div><\/div><\/div>","protected":false},"excerpt":{"rendered":"Die Covid-Massnahmen f\u00fcr Reisende nach Sri Lanka wurden aufgehoben. Seit dem 7. Dezember 2022 sind zur Einreise weder Nachweise \u00fcber eine COVID-Impfung, noch PCR- oder Antigentests mehr erforderlich. (Stand Juni 2023) &nbsp; F\u00fcr die aktuellen Bestimmungen verweisen wir auf folgende Seiten: Deutsches Ausw\u00e4rtiges Amt Aktuelle und ausf\u00fchrliche Infos auf Deutsch https:\/\/www.auswaertiges-amt.de\/de\/aussenpolitik\/laender\/srilanka-node\/srilankasicherheit\/212254 Eidg. Departement f\u00fcr ausw\u00e4rtige [...]","protected":false},"author":1,"featured_media":0,"parent":0,"menu_order":0,"comment_status":"closed","ping_status":"closed","template":"","meta":{"footnotes":""},"class_list":["post-2804","page","type-page","status-publish","hentry"],"_links":{"self":[{"href":"https:\/\/www.travel2srilanka.ch\/pl\/wp-json\/wp\/v2\/pages\/2804","targetHints":{"allow":["GET"]}}],"collection":[{"href":"https:\/\/www.travel2srilanka.ch\/pl\/wp-json\/wp\/v2\/pages"}],"about":[{"href":"https:\/\/www.travel2srilanka.ch\/pl\/wp-json\/wp\/v2\/types\/page"}],"author":[{"embeddable":true,"href":"https:\/\/www.travel2srilanka.ch\/pl\/wp-json\/wp\/v2\/users\/1"}],"replies":[{"embeddable":true,"href":"https:\/\/www.travel2srilanka.ch\/pl\/wp-json\/wp\/v2\/comments?post=2804"}],"version-history":[{"count":27,"href":"https:\/\/www.travel2srilanka.ch\/pl\/wp-json\/wp\/v2\/pages\/2804\/revisions"}],"predecessor-version":[{"id":3638,"href":"https:\/\/www.travel2srilanka.ch\/pl\/wp-json\/wp\/v2\/pages\/2804\/revisions\/3638"}],"wp:attachment":[{"href":"https:\/\/www.travel2srilanka.ch\/pl\/wp-json\/wp\/v2\/media?parent=2804"}],"curies":[{"name":"wp","href":"https:\/\/api.w.org\/{rel}","templated":true}]}}