{"id":1765,"date":"2021-04-14T13:11:47","date_gmt":"2021-04-14T11:11:47","guid":{"rendered":"https:\/\/www.travel2srilanka.ch\/?post_type=product&#038;p=1765"},"modified":"2022-03-26T09:46:47","modified_gmt":"2022-03-26T08:46:47","slug":"anuradhapura-erforschen-sie-den-ursprung-des-sri-lankischen-buddhismus-2","status":"publish","type":"product","link":"https:\/\/www.travel2srilanka.ch\/pl\/product\/anuradhapura-erforschen-sie-den-ursprung-des-sri-lankischen-buddhismus-2\/","title":{"rendered":"Anuradhapura - poznaj pocz\u0105tki buddyzmu na Sri Lance"},"content":{"rendered":"<div class=\"vc_row wpb_row vc_row-fluid\"><div class=\"wpb_column vc_column_container vc_col-sm-6\"><div class=\"vc_column-inner\"><div class=\"wpb_wrapper\"><div class=\"wpb_gmaps_widget wpb_content_element\"><div class=\"wpb_wrapper\"><div class=\"wpb_map_wraper\"><iframe src=\"https:\/\/www.google.com\/maps\/embed?pb=!1m18!1m12!1m3!1d1010604.5653307644!2d79.84300809468714!3d8.335145709642985!2m3!1f0!2f0!3f0!3m2!1i1024!2i768!4f13.1!3m3!1m2!1s0x3afcf4f99360e159%3A0xc111fe9ebc6dcf0e!2sAnuradhapura%2C%20Sri%20Lanka!5e0!3m2!1sen!2sch!4v1618585500742!5m2!1sen!2sch\" width=\"600\" height=\"450\" style=\"border:0;\" allowfullscreen=\"\" loading=\"lazy\"><\/iframe><\/div><\/div><\/div><\/div><\/div><\/div><div class=\"wpb_column vc_column_container vc_col-sm-6\"><div class=\"vc_column-inner\"><div class=\"wpb_wrapper\"><\/div><\/div><\/div><\/div>","protected":false},"excerpt":{"rendered":"<p>Anuradhapura jest uwa\u017cane za naj\u015bwi\u0119tsze miasto na Sri Lance. Jest to pierwsza prawdziwa ojczyzna buddyzmu na wyspie. To w\u0142a\u015bnie tutaj zasadzono drzewo Sri Maha Bodhi, kt\u00f3re wed\u0142ug legendy pochodzi z ga\u0142\u0119zi pierwotnego drzewa Bo, pod kt\u00f3rym Budda osi\u0105gn\u0105\u0142 o\u015bwiecenie. Do dzi\u015b to \u015bwi\u0119te miejsce przyci\u0105ga tysi\u0105ce pielgrzym\u00f3w z ca\u0142ego \u015bwiata.<\/p>\n<p>Anuradhapura jest r\u00f3wnie\u017c uwa\u017cane za jedno z najstarszych nieprzerwanie zamieszkanych miast na \u015bwiecie i zosta\u0142o wpisane na List\u0119 \u015awiatowego Dziedzictwa UNESCO. W mie\u015bcie znajduj\u0105 si\u0119 jedne z najwa\u017cniejszych stanowisk archeologicznych na Sri Lance, ze staro\u017cytnymi pa\u0142acami, klasztorami buddyjskimi i pomnikami.<\/p>","protected":false},"featured_media":2873,"comment_status":"open","ping_status":"closed","template":"","meta":[],"product_brand":[],"product_cat":[50],"product_tag":[],"class_list":{"0":"post-1765","1":"product","2":"type-product","3":"status-publish","4":"has-post-thumbnail","6":"product_cat-kultur","8":"first","9":"instock","10":"virtual","11":"product-type-simple"},"_links":{"self":[{"href":"https:\/\/www.travel2srilanka.ch\/pl\/wp-json\/wp\/v2\/product\/1765","targetHints":{"allow":["GET"]}}],"collection":[{"href":"https:\/\/www.travel2srilanka.ch\/pl\/wp-json\/wp\/v2\/product"}],"about":[{"href":"https:\/\/www.travel2srilanka.ch\/pl\/wp-json\/wp\/v2\/types\/product"}],"replies":[{"embeddable":true,"href":"https:\/\/www.travel2srilanka.ch\/pl\/wp-json\/wp\/v2\/comments?post=1765"}],"wp:featuredmedia":[{"embeddable":true,"href":"https:\/\/www.travel2srilanka.ch\/pl\/wp-json\/wp\/v2\/media\/2873"}],"wp:attachment":[{"href":"https:\/\/www.travel2srilanka.ch\/pl\/wp-json\/wp\/v2\/media?parent=1765"}],"wp:term":[{"taxonomy":"product_brand","embeddable":true,"href":"https:\/\/www.travel2srilanka.ch\/pl\/wp-json\/wp\/v2\/product_brand?post=1765"},{"taxonomy":"product_cat","embeddable":true,"href":"https:\/\/www.travel2srilanka.ch\/pl\/wp-json\/wp\/v2\/product_cat?post=1765"},{"taxonomy":"product_tag","embeddable":true,"href":"https:\/\/www.travel2srilanka.ch\/pl\/wp-json\/wp\/v2\/product_tag?post=1765"}],"curies":[{"name":"wp","href":"https:\/\/api.w.org\/{rel}","templated":true}]}}