{"id":1767,"date":"2021-04-16T17:15:48","date_gmt":"2021-04-16T15:15:48","guid":{"rendered":"https:\/\/www.travel2srilanka.ch\/?post_type=product&#038;p=1767"},"modified":"2021-04-16T17:23:46","modified_gmt":"2021-04-16T15:23:46","slug":"fluss-safari-durch-die-mangroven-von-bentota","status":"publish","type":"product","link":"https:\/\/www.travel2srilanka.ch\/pl\/product\/fluss-safari-durch-die-mangroven-von-bentota\/","title":{"rendered":"Wodne safari przez mangrowce w Bentocie"},"content":{"rendered":"<div class=\"vc_row wpb_row vc_row-fluid\"><div class=\"wpb_column vc_column_container vc_col-sm-6\"><div class=\"vc_column-inner\"><div class=\"wpb_wrapper\"><div class=\"wpb_gmaps_widget wpb_content_element\"><div class=\"wpb_wrapper\"><div class=\"wpb_map_wraper\"><iframe src=\"https:\/\/www.google.com\/maps\/embed?pb=!1m18!1m12!1m3!1d1014307.2261843686!2d80.08056194401883!3d6.753068497266563!2m3!1f0!2f0!3f0!3m2!1i1024!2i768!4f13.1!3m3!1m2!1s0x3ae22e900168ca21%3A0x96c438f00a68c060!2sBentota%2C%20Sri%20Lanka!5e0!3m2!1sen!2sch!4v1618586589354!5m2!1sen!2sch\" width=\"600\" height=\"450\" style=\"border:0;\" allowfullscreen=\"\" loading=\"lazy\"><\/iframe><\/div><\/div><\/div><\/div><\/div><\/div><div class=\"wpb_column vc_column_container vc_col-sm-6\"><div class=\"vc_column-inner\"><div class=\"wpb_wrapper\"><\/div><\/div><\/div><\/div>","protected":false},"excerpt":{"rendered":"<p>Odkryj pi\u0119kno fascynuj\u0105cych, nietkni\u0119tych las\u00f3w namorzynowych w rzece Bentota podczas niezapomnianego wodnego safari. Podczas rejsu ma\u0142\u0105 \u0142odzi\u0105 wzd\u0142u\u017c brzeg\u00f3w rzeki mo\u017cna podziwia\u0107 zapieraj\u0105c\u0105 dech w piersiach przyrod\u0119 z bujnymi lasami namorzynowymi i drzewami \u0142\u0119gowymi. Zobaczysz egzotyczn\u0105 faun\u0119 i flor\u0119, mi\u0119dzy innymi czaple, zimorodki, krokodyle i inne gatunki zwierz\u0105t.<\/p>","protected":false},"featured_media":1768,"comment_status":"open","ping_status":"closed","template":"","meta":[],"product_brand":[],"product_cat":[55,51,52,53,54,56],"product_tag":[],"class_list":{"0":"post-1767","1":"product","2":"type-product","3":"status-publish","4":"has-post-thumbnail","6":"product_cat-outdoors","7":"product_cat-natur-landschaften","8":"product_cat-lagunen-mangroven","9":"product_cat-pflanzenwelt","10":"product_cat-straende","11":"product_cat-tierwelt","13":"first","14":"instock","15":"virtual","16":"product-type-simple"},"_links":{"self":[{"href":"https:\/\/www.travel2srilanka.ch\/pl\/wp-json\/wp\/v2\/product\/1767","targetHints":{"allow":["GET"]}}],"collection":[{"href":"https:\/\/www.travel2srilanka.ch\/pl\/wp-json\/wp\/v2\/product"}],"about":[{"href":"https:\/\/www.travel2srilanka.ch\/pl\/wp-json\/wp\/v2\/types\/product"}],"replies":[{"embeddable":true,"href":"https:\/\/www.travel2srilanka.ch\/pl\/wp-json\/wp\/v2\/comments?post=1767"}],"wp:featuredmedia":[{"embeddable":true,"href":"https:\/\/www.travel2srilanka.ch\/pl\/wp-json\/wp\/v2\/media\/1768"}],"wp:attachment":[{"href":"https:\/\/www.travel2srilanka.ch\/pl\/wp-json\/wp\/v2\/media?parent=1767"}],"wp:term":[{"taxonomy":"product_brand","embeddable":true,"href":"https:\/\/www.travel2srilanka.ch\/pl\/wp-json\/wp\/v2\/product_brand?post=1767"},{"taxonomy":"product_cat","embeddable":true,"href":"https:\/\/www.travel2srilanka.ch\/pl\/wp-json\/wp\/v2\/product_cat?post=1767"},{"taxonomy":"product_tag","embeddable":true,"href":"https:\/\/www.travel2srilanka.ch\/pl\/wp-json\/wp\/v2\/product_tag?post=1767"}],"curies":[{"name":"wp","href":"https:\/\/api.w.org\/{rel}","templated":true}]}}