{"id":1774,"date":"2021-04-16T17:26:19","date_gmt":"2021-04-16T15:26:19","guid":{"rendered":"https:\/\/www.travel2srilanka.ch\/?post_type=product&#038;p=1774"},"modified":"2022-03-26T10:01:04","modified_gmt":"2022-03-26T09:01:04","slug":"colombo-das-pochende-herz-sri-lankas","status":"publish","type":"product","link":"https:\/\/www.travel2srilanka.ch\/pl\/product\/colombo-das-pochende-herz-sri-lankas\/","title":{"rendered":"Kolombo - bij\u0105ce serce Sri Lanki"},"content":{"rendered":"<div class=\"vc_row wpb_row vc_row-fluid\"><div class=\"wpb_column vc_column_container vc_col-sm-6\"><div class=\"vc_column-inner\"><div class=\"wpb_wrapper\"><div class=\"wpb_gmaps_widget wpb_content_element\"><div class=\"wpb_wrapper\"><div class=\"wpb_map_wraper\"><iframe src=\"https:\/\/www.google.com\/maps\/embed?pb=!1m18!1m12!1m3!1d1013949.0447531943!2d79.29590203923046!3d6.921837369630912!2m3!1f0!2f0!3f0!3m2!1i1024!2i768!4f13.1!3m3!1m2!1s0x3ae253d10f7a7003%3A0x320b2e4d32d3838d!2sColombo%2C%20Sri%20Lanka!5e0!3m2!1sen!2sch!4v1618587025798!5m2!1sen!2sch\" width=\"600\" height=\"450\" style=\"border:0;\" allowfullscreen=\"\" loading=\"lazy\"><\/iframe><\/div><\/div><\/div><\/div><\/div><\/div><div class=\"wpb_column vc_column_container vc_col-sm-6\"><div class=\"vc_column-inner\"><div class=\"wpb_wrapper\"><\/div><\/div><\/div><\/div>","protected":false},"excerpt":{"rendered":"<p>Kolombo - stolica, metropolia gospodarcza i najludniejsze miasto Sri Lanki, podobnie jak wiele stolic w krajach rozwijaj\u0105cych si\u0119, szybko zmienia swoje oblicze.<\/p>\n<p>W miejscach, gdzie kiedy\u015b sta\u0142y stare budynki, niemal z dnia na dzie\u0144 wyrastaj\u0105 drapacze chmur. Ale w niekt\u00f3rych miejscach urok starego \u015bwiata pozosta\u0142. W mie\u015bcie nadal mo\u017cna podziwia\u0107 stuletni\u0105 dzwonnic\u0119 i kilka budynk\u00f3w kolonialnych wzniesionych przez Brytyjczyk\u00f3w. Bazar Pettah, kt\u00f3ry przyci\u0105ga okazyjnych kupuj\u0105cych, \u015bwi\u0105tynie hinduistyczne i buddyjskie, kt\u00f3re s\u0105 wa\u017cnymi miejscami kultu, wynios\u0142e dzielnice mieszkalne z rezydencjami bogaczy oraz Plac Niepodleg\u0142o\u015bci to tylko niekt\u00f3re z atrakcji, kt\u00f3re warto odwiedzi\u0107.<\/p>\n<p>Wybierz si\u0119 na wieczorne safari po mie\u015bcie w Tuk Tuku o zachodzie s\u0142o\u0144ca. 3,5-godzinna przygoda poza utartymi szlakami, kt\u00f3ra pokazuje autentyczne, prawdziwe i rustykalne Kolombo z lokalnej perspektywy. Mo\u017cna te\u017c wybra\u0107 si\u0119 na zakupy do r\u00f3\u017cnych centr\u00f3w handlowych i outlet\u00f3w lub wypi\u0107 pyszny koktajl w jednym z nowych bar\u00f3w Skyline lub bar\u00f3w na pla\u017cy.<\/p>","protected":false},"featured_media":1775,"comment_status":"open","ping_status":"closed","template":"","meta":[],"product_brand":[],"product_cat":[57,58,59],"product_tag":[],"class_list":{"0":"post-1774","1":"product","2":"type-product","3":"status-publish","4":"has-post-thumbnail","6":"product_cat-nightlife","7":"product_cat-restaurants","8":"product_cat-shopping","10":"first","11":"instock","12":"virtual","13":"product-type-simple"},"_links":{"self":[{"href":"https:\/\/www.travel2srilanka.ch\/pl\/wp-json\/wp\/v2\/product\/1774","targetHints":{"allow":["GET"]}}],"collection":[{"href":"https:\/\/www.travel2srilanka.ch\/pl\/wp-json\/wp\/v2\/product"}],"about":[{"href":"https:\/\/www.travel2srilanka.ch\/pl\/wp-json\/wp\/v2\/types\/product"}],"replies":[{"embeddable":true,"href":"https:\/\/www.travel2srilanka.ch\/pl\/wp-json\/wp\/v2\/comments?post=1774"}],"wp:featuredmedia":[{"embeddable":true,"href":"https:\/\/www.travel2srilanka.ch\/pl\/wp-json\/wp\/v2\/media\/1775"}],"wp:attachment":[{"href":"https:\/\/www.travel2srilanka.ch\/pl\/wp-json\/wp\/v2\/media?parent=1774"}],"wp:term":[{"taxonomy":"product_brand","embeddable":true,"href":"https:\/\/www.travel2srilanka.ch\/pl\/wp-json\/wp\/v2\/product_brand?post=1774"},{"taxonomy":"product_cat","embeddable":true,"href":"https:\/\/www.travel2srilanka.ch\/pl\/wp-json\/wp\/v2\/product_cat?post=1774"},{"taxonomy":"product_tag","embeddable":true,"href":"https:\/\/www.travel2srilanka.ch\/pl\/wp-json\/wp\/v2\/product_tag?post=1774"}],"curies":[{"name":"wp","href":"https:\/\/api.w.org\/{rel}","templated":true}]}}