{"id":1786,"date":"2021-04-16T17:35:28","date_gmt":"2021-04-16T15:35:28","guid":{"rendered":"https:\/\/www.travel2srilanka.ch\/?post_type=product&#038;p=1786"},"modified":"2026-04-17T07:52:37","modified_gmt":"2026-04-17T05:52:37","slug":"lassen-sie-sich-vom-dambulla-hoehlentempel-verzaubern","status":"publish","type":"product","link":"https:\/\/www.travel2srilanka.ch\/pl\/product\/lassen-sie-sich-vom-dambulla-hoehlentempel-verzaubern\/","title":{"rendered":"\u015awi\u0105tynia w jaskini Dambulla"},"content":{"rendered":"<div class=\"vc_row wpb_row vc_row-fluid\"><div class=\"wpb_column vc_column_container vc_col-sm-6\"><div class=\"vc_column-inner\"><div class=\"wpb_wrapper\"><div class=\"wpb_gmaps_widget wpb_content_element\"><div class=\"wpb_wrapper\"><div class=\"wpb_map_wraper\"><iframe src=\"https:\/\/www.google.com\/maps\/embed?pb=!1m18!1m12!1m3!1d1011808.8797974095!2d80.09104213395764!3d7.85540379434017!2m3!1f0!2f0!3f0!3m2!1i1024!2i768!4f13.1!3m3!1m2!1s0x3afca558c5bd3669%3A0xd1daa5c0936b764c!2sDambulla%20Royal%20Cave%20Temple%20and%20Golden%20Temple!5e0!3m2!1sen!2sch!4v1618587537613!5m2!1sen!2sch\" width=\"600\" height=\"450\" style=\"border:0;\" allowfullscreen=\"\" loading=\"lazy\"><\/iframe><\/div><\/div><\/div><\/div><\/div><\/div><div class=\"wpb_column vc_column_container vc_col-sm-6\"><div class=\"vc_column-inner\"><div class=\"wpb_wrapper\"><\/div><\/div><\/div><\/div>","protected":false},"excerpt":{"rendered":"<p>Na wzg\u00f3rzu o wysoko\u015bci 340 m n.p.m. z r\u00f3wnin otaczaj\u0105cych Dambull\u0119 wyrasta pot\u0119\u017cna ska\u0142a o wysoko\u015bci 160 m i d\u0142ugo\u015bci ponad 600 m. Znajduje si\u0119 tu najs\u0142ynniejszy na \u015bwiecie kompleks jaski\u0144 z fascynuj\u0105cymi pos\u0105gami Buddy i malowid\u0142ami naskalnymi o \u017cywych kolorach i kszta\u0142tach, powsta\u0142ymi mi\u0119dzy I w. p.n.e. a epok\u0105 Kandyan w XVIII w.<\/p>\n<p>\u015awi\u0105tynia skalna w Dambulli sk\u0142ada si\u0119 z pi\u0119ciu jaski\u0144, w kt\u00f3rych znajduje si\u0119 150 le\u017c\u0105cych pos\u0105g\u00f3w Buddy, liczne rze\u017aby i malowid\u0142a \u015bcienne z dawnych czas\u00f3w. To fascynuj\u0105ce i niezapomniane miejsce zosta\u0142o za\u0142o\u017cone przez kr\u00f3la Valagambahu. By\u0142a to wdzi\u0119czno\u015b\u0107 za ochron\u0119, jak\u0105 znalaz\u0142 w jaskiniach podczas inwazji grasuj\u0105cych Drawid\u00f3w z po\u0142udniowych Indii.<\/p>","protected":false},"featured_media":2898,"comment_status":"open","ping_status":"closed","template":"","meta":[],"product_brand":[],"product_cat":[50],"product_tag":[],"class_list":{"0":"post-1786","1":"product","2":"type-product","3":"status-publish","4":"has-post-thumbnail","6":"product_cat-kultur","8":"first","9":"instock","10":"virtual","11":"product-type-simple"},"_links":{"self":[{"href":"https:\/\/www.travel2srilanka.ch\/pl\/wp-json\/wp\/v2\/product\/1786","targetHints":{"allow":["GET"]}}],"collection":[{"href":"https:\/\/www.travel2srilanka.ch\/pl\/wp-json\/wp\/v2\/product"}],"about":[{"href":"https:\/\/www.travel2srilanka.ch\/pl\/wp-json\/wp\/v2\/types\/product"}],"replies":[{"embeddable":true,"href":"https:\/\/www.travel2srilanka.ch\/pl\/wp-json\/wp\/v2\/comments?post=1786"}],"wp:featuredmedia":[{"embeddable":true,"href":"https:\/\/www.travel2srilanka.ch\/pl\/wp-json\/wp\/v2\/media\/2898"}],"wp:attachment":[{"href":"https:\/\/www.travel2srilanka.ch\/pl\/wp-json\/wp\/v2\/media?parent=1786"}],"wp:term":[{"taxonomy":"product_brand","embeddable":true,"href":"https:\/\/www.travel2srilanka.ch\/pl\/wp-json\/wp\/v2\/product_brand?post=1786"},{"taxonomy":"product_cat","embeddable":true,"href":"https:\/\/www.travel2srilanka.ch\/pl\/wp-json\/wp\/v2\/product_cat?post=1786"},{"taxonomy":"product_tag","embeddable":true,"href":"https:\/\/www.travel2srilanka.ch\/pl\/wp-json\/wp\/v2\/product_tag?post=1786"}],"curies":[{"name":"wp","href":"https:\/\/api.w.org\/{rel}","templated":true}]}}