{"id":1794,"date":"2021-04-16T17:42:24","date_gmt":"2021-04-16T15:42:24","guid":{"rendered":"https:\/\/www.travel2srilanka.ch\/?post_type=product&#038;p=1794"},"modified":"2025-07-05T14:43:41","modified_gmt":"2025-07-05T12:43:41","slug":"ella-das-reiseziel-fuer-entspannte-naturverbundene-reisetage","status":"publish","type":"product","link":"https:\/\/www.travel2srilanka.ch\/pl\/product\/ella-das-reiseziel-fuer-entspannte-naturverbundene-reisetage\/","title":{"rendered":"Ella - cel podr\u00f3\u017cy, w kt\u00f3rym zrelaksujesz si\u0119, podziwiaj\u0105c natur\u0119"},"content":{"rendered":"<div class=\"vc_row wpb_row vc_row-fluid\"><div class=\"wpb_column vc_column_container vc_col-sm-6\"><div class=\"vc_column-inner\"><div class=\"wpb_wrapper\"><div class=\"wpb_gmaps_widget wpb_content_element\"><div class=\"wpb_wrapper\"><div class=\"wpb_map_wraper\"><iframe src=\"https:\/\/www.google.com\/maps\/embed?pb=!1m18!1m12!1m3!1d1014069.9961697905!2d80.48704424341284!3d6.865308920620244!2m3!1f0!2f0!3f0!3m2!1i1024!2i768!4f13.1!3m3!1m2!1s0x3ae465955bc09a25%3A0xbdfadcdadec487fb!2sElla%2C%20Sri%20Lanka!5e0!3m2!1sen!2sch!4v1618587896917!5m2!1sen!2sch\" width=\"600\" height=\"450\" style=\"border:0;\" allowfullscreen=\"\" loading=\"lazy\"><\/iframe><\/div><\/div><\/div><\/div><\/div><\/div><div class=\"wpb_column vc_column_container vc_col-sm-6\"><div class=\"vc_column-inner\"><div class=\"wpb_wrapper\"><\/div><\/div><\/div><\/div>","protected":false},"excerpt":{"rendered":"<p>Ukryta w mglistych g\u00f3rach Sri Lanki, pomi\u0119dzy idyllicznymi zielonymi wzg\u00f3rzami i tryskaj\u0105cymi wodospadami, le\u017cy Ella - jedno z najbardziej atrakcyjnych obecnie miejsc na Sri Lance.<\/p>\n<p>Wejd\u017a na ekscytuj\u0105cy szczyt Ella Rock, zobacz mistyczny Nine-Arch-Bridge, sta\u0144 na kraw\u0119dzi grzmi\u0105cego wodospadu Diyaluma (drugiego pod wzgl\u0119dem wysoko\u015bci w kraju) i przemierzaj plantacje herbaty oraz g\u00f3rskie prze\u0142\u0119cze s\u0142ynnym poci\u0105giem z Kandy do Ella. Ella to urocza i spokojna miejscowo\u015b\u0107, idealna do wypoczynku i w\u0119dr\u00f3wek. Uciekniesz tu od upa\u0142\u00f3w panuj\u0105cych w mie\u015bcie.<\/p>","protected":false},"featured_media":2924,"comment_status":"open","ping_status":"closed","template":"","meta":[],"product_brand":[],"product_cat":[55,51,60,66],"product_tag":[],"class_list":{"0":"post-1794","1":"product","2":"type-product","3":"status-publish","4":"has-post-thumbnail","6":"product_cat-outdoors","7":"product_cat-natur-landschaften","8":"product_cat-berge","9":"product_cat-entspannen-erholen","11":"first","12":"instock","13":"virtual","14":"product-type-simple"},"_links":{"self":[{"href":"https:\/\/www.travel2srilanka.ch\/pl\/wp-json\/wp\/v2\/product\/1794","targetHints":{"allow":["GET"]}}],"collection":[{"href":"https:\/\/www.travel2srilanka.ch\/pl\/wp-json\/wp\/v2\/product"}],"about":[{"href":"https:\/\/www.travel2srilanka.ch\/pl\/wp-json\/wp\/v2\/types\/product"}],"replies":[{"embeddable":true,"href":"https:\/\/www.travel2srilanka.ch\/pl\/wp-json\/wp\/v2\/comments?post=1794"}],"wp:featuredmedia":[{"embeddable":true,"href":"https:\/\/www.travel2srilanka.ch\/pl\/wp-json\/wp\/v2\/media\/2924"}],"wp:attachment":[{"href":"https:\/\/www.travel2srilanka.ch\/pl\/wp-json\/wp\/v2\/media?parent=1794"}],"wp:term":[{"taxonomy":"product_brand","embeddable":true,"href":"https:\/\/www.travel2srilanka.ch\/pl\/wp-json\/wp\/v2\/product_brand?post=1794"},{"taxonomy":"product_cat","embeddable":true,"href":"https:\/\/www.travel2srilanka.ch\/pl\/wp-json\/wp\/v2\/product_cat?post=1794"},{"taxonomy":"product_tag","embeddable":true,"href":"https:\/\/www.travel2srilanka.ch\/pl\/wp-json\/wp\/v2\/product_tag?post=1794"}],"curies":[{"name":"wp","href":"https:\/\/api.w.org\/{rel}","templated":true}]}}