{"id":1809,"date":"2021-04-17T21:26:55","date_gmt":"2021-04-17T19:26:55","guid":{"rendered":"https:\/\/www.travel2srilanka.ch\/?post_type=product&#038;p=1809"},"modified":"2021-04-17T21:31:28","modified_gmt":"2021-04-17T19:31:28","slug":"galle-die-hafenstadt-der-antike","status":"publish","type":"product","link":"https:\/\/www.travel2srilanka.ch\/pl\/product\/galle-die-hafenstadt-der-antike\/","title":{"rendered":"Galle - staro\u017cytne miasto portowe"},"content":{"rendered":"<div class=\"vc_row wpb_row vc_row-fluid\"><div class=\"wpb_column vc_column_container vc_col-sm-6\"><div class=\"vc_column-inner\"><div class=\"wpb_wrapper\"><div class=\"wpb_gmaps_widget wpb_content_element\"><div class=\"wpb_wrapper\"><div class=\"wpb_map_wraper\"><iframe src=\"https:\/\/www.google.com\/maps\/embed?pb=!1m18!1m12!1m3!1d1014859.0209539358!2d79.8576872403527!3d6.484523213034342!2m3!1f0!2f0!3f0!3m2!1i1024!2i768!4f13.1!3m3!1m2!1s0x3ae173bb6932fce3%3A0x4a35b903f9c64c03!2sGalle%2C%20Sri%20Lanka!5e0!3m2!1sen!2sch!4v1618687781815!5m2!1sen!2sch\" width=\"600\" height=\"450\" style=\"border:0;\" allowfullscreen=\"\" loading=\"lazy\"><\/iframe><\/div><\/div><\/div><\/div><\/div><\/div><div class=\"wpb_column vc_column_container vc_col-sm-6\"><div class=\"vc_column-inner\"><div class=\"wpb_wrapper\"><\/div><\/div><\/div><\/div>","protected":false},"excerpt":{"rendered":"<p>Galle, s\u0142ynny port morski z czas\u00f3w staro\u017cytnych, kiedy to statki handlowe kotwiczy\u0142y tu, by handlowa\u0107 s\u0142ynnymi klejnotami, egzotycznymi przyprawami i innymi towarami.<\/p>\n<p>Stara cz\u0119\u015b\u0107 miasta w obr\u0119bie XVII-wiecznej holenderskiej twierdzy zosta\u0142a wpisana na List\u0119 \u015awiatowego Dziedzictwa UNESCO. Spacer po murach miejskich od Bastion Point Utrecht do Bastion Flag Rock zapewnia doskona\u0142y widok na stary port, kt\u00f3ry w Biblii znany by\u0142 pod nazw\u0105 Tarszisz. St\u0105d mo\u017cna przej\u015b\u0107 do XVII-wiecznego Holenderskiego Ko\u015bcio\u0142a Reformowanego, S\u0105du Okr\u0119gowego i oryginalnego wej\u015bcia do Fortu Galle. Nowe miasto na p\u00f3\u0142noc od fortu zosta\u0142o powa\u017cnie dotkni\u0119te przez tsunami w 2004 roku i jest siedzib\u0105 s\u0142ynnego mi\u0119dzynarodowego stadionu krykietowego, kt\u00f3ry jest obecnie odbudowywany.<\/p>","protected":false},"featured_media":1810,"comment_status":"open","ping_status":"closed","template":"","meta":[],"product_brand":[],"product_cat":[50,54],"product_tag":[],"class_list":{"0":"post-1809","1":"product","2":"type-product","3":"status-publish","4":"has-post-thumbnail","6":"product_cat-kultur","7":"product_cat-straende","9":"first","10":"instock","11":"virtual","12":"product-type-simple"},"_links":{"self":[{"href":"https:\/\/www.travel2srilanka.ch\/pl\/wp-json\/wp\/v2\/product\/1809","targetHints":{"allow":["GET"]}}],"collection":[{"href":"https:\/\/www.travel2srilanka.ch\/pl\/wp-json\/wp\/v2\/product"}],"about":[{"href":"https:\/\/www.travel2srilanka.ch\/pl\/wp-json\/wp\/v2\/types\/product"}],"replies":[{"embeddable":true,"href":"https:\/\/www.travel2srilanka.ch\/pl\/wp-json\/wp\/v2\/comments?post=1809"}],"wp:featuredmedia":[{"embeddable":true,"href":"https:\/\/www.travel2srilanka.ch\/pl\/wp-json\/wp\/v2\/media\/1810"}],"wp:attachment":[{"href":"https:\/\/www.travel2srilanka.ch\/pl\/wp-json\/wp\/v2\/media?parent=1809"}],"wp:term":[{"taxonomy":"product_brand","embeddable":true,"href":"https:\/\/www.travel2srilanka.ch\/pl\/wp-json\/wp\/v2\/product_brand?post=1809"},{"taxonomy":"product_cat","embeddable":true,"href":"https:\/\/www.travel2srilanka.ch\/pl\/wp-json\/wp\/v2\/product_cat?post=1809"},{"taxonomy":"product_tag","embeddable":true,"href":"https:\/\/www.travel2srilanka.ch\/pl\/wp-json\/wp\/v2\/product_tag?post=1809"}],"curies":[{"name":"wp","href":"https:\/\/api.w.org\/{rel}","templated":true}]}}