{"id":1816,"date":"2021-04-17T21:33:23","date_gmt":"2021-04-17T19:33:23","guid":{"rendered":"https:\/\/www.travel2srilanka.ch\/?post_type=product&#038;p=1816"},"modified":"2025-07-05T14:45:17","modified_gmt":"2025-07-05T12:45:17","slug":"kandy-die-letzte-hochburg-der-koenige","status":"publish","type":"product","link":"https:\/\/www.travel2srilanka.ch\/pl\/product\/kandy-die-letzte-hochburg-der-koenige\/","title":{"rendered":"Kandy - ostatnia twierdza kr\u00f3l\u00f3w"},"content":{"rendered":"<div class=\"vc_row wpb_row vc_row-fluid\"><div class=\"wpb_column vc_column_container vc_col-sm-6\"><div class=\"vc_column-inner\"><div class=\"wpb_wrapper\"><div class=\"wpb_gmaps_widget wpb_content_element\"><div class=\"wpb_wrapper\"><div class=\"wpb_map_wraper\"><iframe src=\"https:\/\/www.google.com\/maps\/embed?pb=!1m18!1m12!1m3!1d1013126.8805553704!2d80.06547798980617!3d7.294543952146526!2m3!1f0!2f0!3f0!3m2!1i1024!2i768!4f13.1!3m3!1m2!1s0x3ae366266498acd3%3A0x411a3818a1e03c35!2sKandy%2C%20Sri%20Lanka!5e0!3m2!1sen!2sch!4v1618688181623!5m2!1sen!2sch\" width=\"600\" height=\"450\" style=\"border:0;\" allowfullscreen=\"\" loading=\"lazy\"><\/iframe><\/div><\/div><\/div><\/div><\/div><\/div><div class=\"wpb_column vc_column_container vc_col-sm-6\"><div class=\"vc_column-inner\"><div class=\"wpb_wrapper\">\n\t<div class=\"wpb_text_column wpb_content_element\" >\n\t\t<div class=\"wpb_wrapper\">\n\t\t\t<ul>\n<li>W drodze do Kandy odwiedzisz ogr\u00f3d przypraw w Matale.<\/li>\n<li>Nast\u0119pnie zwiedzanie miasta Kandy z wizyt\u0105 na rynku i przejazd wzd\u0142u\u017c Upper Lake Road, sk\u0105d roztacza si\u0119 widok z lotu ptaka na miasto i jezioro Kandy, zbudowane w 1807 r.<\/li>\n<li>Kolejno zwiedzisz s\u0142ynn\u0105 \u015awi\u0105tyni\u0119 Z\u0119ba, zbudowan\u0105 w XVI w. n.e., w kt\u00f3rej znajduje si\u0119 naj\u015bwi\u0119tsza relikwia z\u0119ba Buddy.<\/li>\n<li>We\u017amiesz udzia\u0142 w Kandyan Cultural Show w Kandyan Arts &amp; Cultural Centre i zobaczysz imponuj\u0105ce wyst\u0119py pe\u0142nych gracji i rytmu tancerzy i b\u0119bniarzy, zako\u0144czone pokazem chodzenia po ogniu.<\/li>\n<li>Odwiedzisz s\u0142ynny Kr\u00f3lewski Ogr\u00f3d Botaniczny w Peradeniya i zobaczysz rzadk\u0105 kolekcj\u0119 tropikalnej, egzotycznej i rodzimej flory, w tym s\u0142ynny Dom Orchidei.<\/li>\n<\/ul>\n\n\t\t<\/div>\n\t<\/div>\n<\/div><\/div><\/div><\/div>","protected":false},"excerpt":{"rendered":"<p>Kandy - ostatnia twierdza kr\u00f3l\u00f3w syngaleskich - roztacza wok\u00f3\u0142 siebie aur\u0119 wspania\u0142o\u015bci, kt\u00f3rej nie zmieni\u0142 czas. W Kandy, otoczonej wzg\u00f3rzami, z cichym jeziorem w centrum, zbudowanym przez ostatniego kr\u00f3la, znajduje si\u0119 s\u0142ynna \u015awi\u0105tynia Z\u0119ba \"Sri Dalada Maligawa\" oraz Kr\u00f3lewski Ogr\u00f3d Botaniczny. Kandy, wraz z okolicznymi wioskami, jest centrum rzemios\u0142a na wyspie, a tradycyjne ta\u0144ce s\u0105 najbardziej spektakularne w kraju. Miasto i okoliczne tereny s\u0105 bujne i zielone, a w mie\u015bcie i poza nim jest wiele przyjemnych tras spacerowych. W centrum miasta, w pobli\u017cu malowniczego jeziora Kandy, znajduje si\u0119 urocza mieszanka starych sklep\u00f3w, sklep\u00f3w z antykami i klejnotami oraz t\u0119tni\u0105cy \u017cyciem targ. Gdy zapada noc, w miasteczku robi si\u0119 zdecydowanie cicho i spokojnie.<\/p>\n<p>Sri Dalada Maligawa jako miejsce ostatecznego spoczynku \u015bwi\u0119tej relikwii z\u0119ba Buddy podnosi Kandy do rangi najwa\u017cniejszego miejsca dla dzisiejszej spo\u0142eczno\u015bci buddyjskiej na Sri Lance. Najwa\u017cniejsz\u0105 cz\u0119\u015bci\u0105 Dalada Maligawa jest o\u015bmiok\u0105t (Pathirppuwa). Tysi\u0105ce ludzi ustawiaj\u0105 si\u0119 codziennie w kolejce, aby zobaczy\u0107 jego blask. Kandy jest tak\u017ce centrum kultury buddyjskiej z o\u015brodkami medytacyjnymi i Buddyjskim Towarzystwem Wydawniczym.<\/p>","protected":false},"featured_media":2946,"comment_status":"open","ping_status":"closed","template":"","meta":[],"product_brand":[],"product_cat":[50,51,60],"product_tag":[],"class_list":{"0":"post-1816","1":"product","2":"type-product","3":"status-publish","4":"has-post-thumbnail","6":"product_cat-kultur","7":"product_cat-natur-landschaften","8":"product_cat-berge","10":"first","11":"instock","12":"virtual","13":"product-type-simple"},"_links":{"self":[{"href":"https:\/\/www.travel2srilanka.ch\/pl\/wp-json\/wp\/v2\/product\/1816","targetHints":{"allow":["GET"]}}],"collection":[{"href":"https:\/\/www.travel2srilanka.ch\/pl\/wp-json\/wp\/v2\/product"}],"about":[{"href":"https:\/\/www.travel2srilanka.ch\/pl\/wp-json\/wp\/v2\/types\/product"}],"replies":[{"embeddable":true,"href":"https:\/\/www.travel2srilanka.ch\/pl\/wp-json\/wp\/v2\/comments?post=1816"}],"wp:featuredmedia":[{"embeddable":true,"href":"https:\/\/www.travel2srilanka.ch\/pl\/wp-json\/wp\/v2\/media\/2946"}],"wp:attachment":[{"href":"https:\/\/www.travel2srilanka.ch\/pl\/wp-json\/wp\/v2\/media?parent=1816"}],"wp:term":[{"taxonomy":"product_brand","embeddable":true,"href":"https:\/\/www.travel2srilanka.ch\/pl\/wp-json\/wp\/v2\/product_brand?post=1816"},{"taxonomy":"product_cat","embeddable":true,"href":"https:\/\/www.travel2srilanka.ch\/pl\/wp-json\/wp\/v2\/product_cat?post=1816"},{"taxonomy":"product_tag","embeddable":true,"href":"https:\/\/www.travel2srilanka.ch\/pl\/wp-json\/wp\/v2\/product_tag?post=1816"}],"curies":[{"name":"wp","href":"https:\/\/api.w.org\/{rel}","templated":true}]}}