{"id":1826,"date":"2021-04-17T21:50:23","date_gmt":"2021-04-17T19:50:23","guid":{"rendered":"https:\/\/www.travel2srilanka.ch\/?post_type=product&#038;p=1826"},"modified":"2025-07-05T14:46:11","modified_gmt":"2025-07-05T12:46:11","slug":"nuwara-eliya-little-england-und-das-herz-des-hochlandes","status":"publish","type":"product","link":"https:\/\/www.travel2srilanka.ch\/pl\/product\/nuwara-eliya-little-england-und-das-herz-des-hochlandes\/","title":{"rendered":"Nuwara Eliya - Ma\u0142a Anglia i serce kraju"},"content":{"rendered":"<div class=\"vc_row wpb_row vc_row-fluid\"><div class=\"wpb_column vc_column_container vc_col-sm-6\"><div class=\"vc_column-inner\"><div class=\"wpb_wrapper\"><div class=\"wpb_gmaps_widget wpb_content_element\"><div class=\"wpb_wrapper\"><div class=\"wpb_map_wraper\"><iframe src=\"https:\/\/www.google.com\/maps\/embed?pb=!1m18!1m12!1m3!1d1013885.4735489633!2d80.22064353927499!3d6.951364914276434!2m3!1f0!2f0!3f0!3m2!1i1024!2i768!4f13.1!3m3!1m2!1s0x3ae380434e1554c7%3A0x291608404c937d9c!2sNuwara%20Eliya%2C%20Sri%20Lanka!5e0!3m2!1sen!2sch!4v1618689196047!5m2!1sen!2sch\" width=\"600\" height=\"450\" style=\"border:0;\" allowfullscreen=\"\" loading=\"lazy\"><\/iframe><\/div><\/div><\/div><\/div><\/div><\/div><div class=\"wpb_column vc_column_container vc_col-sm-6\"><div class=\"vc_column-inner\"><div class=\"wpb_wrapper\">\n\t<div class=\"wpb_text_column wpb_content_element\" >\n\t\t<div class=\"wpb_wrapper\">\n\t\t\t<ul>\n<li>Fahren Sie durch die atemberaubende Landschaft \u00fcber Kithulgala nach Nuwara Eliya, wo der ber\u00fchmte Film &#8222;The Bridge on the River Kwai \/ Die Br\u00fccke am Kwai&#8220; gedreht wurde. Wenn Sie abenteuerlustig sind, k\u00f6nnen Sie in Kithulgala Wildwasser-Rafting erleben. Geniessen Sie einen kurzen Halt an den St. Clair&#8217;s und Devon Wasserf\u00e4llen, gefolgt vom Besuch einer Teeplantage und -Fabrik.<\/li>\n<li>Besuchen Sie unterwegs eine Teeplantage und -fabrik und erleben Sie den gesamten Prozess der Teeherstellung &#8211; vom Pfl\u00fccken der gr\u00fcnen Bl\u00e4tter bis zur Verpackung des verarbeiteten Tees.<\/li>\n<li>Machen Sie einen gem\u00fctlichen Spaziergang durch die Stadt und besuchen Sie den lokalen Markt, den Lake Gregory, The Hill Club und den ber\u00fchmten Golf Club.<\/li>\n<li>Spielen Sie Golf auf dem 1889 gegr\u00fcndeten 18-Loch-Golfplatz Nuwara Eliya Golf Course, der sich \u00fcber 90 Hektaren erstreckt.<\/li>\n<li>Buchen Sie einen Ganztagesausflug und wandern Richtung Horton-Plains, um die Natur am &#8222;Worlds End &#8211; Weltende&#8220; zu bestaunen.<\/li>\n<li>Reisen Sie mit dem Zug von Kandy nach Ella oder Peradeniya nach Nanuoya und geniessen Sie eine fesselnde Bahnfahrt durch die Vielfalt von Landschaften, einschliesslich Teeplantagen, W\u00e4ldern, T\u00e4lern und Klippen.<\/li>\n<\/ul>\n\n\t\t<\/div>\n\t<\/div>\n<\/div><\/div><\/div><\/div>","protected":false},"excerpt":{"rendered":"<p>Nuwara Eliya &#8211; Das &#8222;Kleine England&#8220; Sri Lankas ist das Herz des srilankischen Hochlandes. Es liegt 1890 Meter \u00fcber dem Meeresspiegel und schmiegt sich an den Fuss des Mount Pidurutalagala, dem h\u00f6chsten Gipfel des Landes. Ausserdem ist es die Heimat des ber\u00fchmten &#8222;Ceylon-Tees&#8220;. Die sanft geschwungenen Berge sind wie ein Teppich aus samtigen Gr\u00fcnteeplantagen, durchsetzt von sprudelnden B\u00e4chen und tosenden Wasserf\u00e4llen. Das heilsame Klima und die nebligen T\u00e4ler machen Nuwara Eliya zu einem Muss auf jeder srilankischen Reiseroute.<\/p>\n<p>Es soll einer der k\u00e4ltesten Orte der Insel sein, gleicht aber einem englischen Fr\u00fchlingstag, obwohl die Temperatur nachts deutlich sinkt. Die durch W\u00e4lder und Teepflanzen destillierte Luft, vermittelt hier eine Frische und Reinheit, die die Briten in den 1820er Jahren zum Bau eines Milit\u00e4rsanatoriums veranlasste. Der britische Einfluss ist noch immer sichtbar und schafft eine britische Country-Landschaft mit H\u00e4usern im viktorianischen und Tudorstil, die den malerisch blauen See umgeben. Gepflegte Rasenfl\u00e4chen mit Hecken, eine anglikanische Kirche, der ber\u00fchmte Golfplatz und wundersch\u00f6ne Parks verleihen dem Ort einen Hauch von Nostalgie.<\/p>","protected":false},"featured_media":2988,"comment_status":"open","ping_status":"closed","template":"","meta":[],"product_brand":[],"product_cat":[55,51,60],"product_tag":[],"class_list":{"0":"post-1826","1":"product","2":"type-product","3":"status-publish","4":"has-post-thumbnail","6":"product_cat-outdoors","7":"product_cat-natur-landschaften","8":"product_cat-berge","10":"first","11":"instock","12":"virtual","13":"product-type-simple"},"_links":{"self":[{"href":"https:\/\/www.travel2srilanka.ch\/pl\/wp-json\/wp\/v2\/product\/1826","targetHints":{"allow":["GET"]}}],"collection":[{"href":"https:\/\/www.travel2srilanka.ch\/pl\/wp-json\/wp\/v2\/product"}],"about":[{"href":"https:\/\/www.travel2srilanka.ch\/pl\/wp-json\/wp\/v2\/types\/product"}],"replies":[{"embeddable":true,"href":"https:\/\/www.travel2srilanka.ch\/pl\/wp-json\/wp\/v2\/comments?post=1826"}],"wp:featuredmedia":[{"embeddable":true,"href":"https:\/\/www.travel2srilanka.ch\/pl\/wp-json\/wp\/v2\/media\/2988"}],"wp:attachment":[{"href":"https:\/\/www.travel2srilanka.ch\/pl\/wp-json\/wp\/v2\/media?parent=1826"}],"wp:term":[{"taxonomy":"product_brand","embeddable":true,"href":"https:\/\/www.travel2srilanka.ch\/pl\/wp-json\/wp\/v2\/product_brand?post=1826"},{"taxonomy":"product_cat","embeddable":true,"href":"https:\/\/www.travel2srilanka.ch\/pl\/wp-json\/wp\/v2\/product_cat?post=1826"},{"taxonomy":"product_tag","embeddable":true,"href":"https:\/\/www.travel2srilanka.ch\/pl\/wp-json\/wp\/v2\/product_tag?post=1826"}],"curies":[{"name":"wp","href":"https:\/\/api.w.org\/{rel}","templated":true}]}}