{"id":1841,"date":"2021-04-17T22:02:09","date_gmt":"2021-04-17T20:02:09","guid":{"rendered":"https:\/\/www.travel2srilanka.ch\/?post_type=product&#038;p=1841"},"modified":"2022-11-13T01:33:17","modified_gmt":"2022-11-13T00:33:17","slug":"royale-botanische-garten-von-peradeniya","status":"publish","type":"product","link":"https:\/\/www.travel2srilanka.ch\/pl\/product\/royale-botanische-garten-von-peradeniya\/","title":{"rendered":"Kr\u00f3lewski Ogr\u00f3d Botaniczny w Peradeniya"},"content":{"rendered":"<div class=\"vc_row wpb_row vc_row-fluid\"><div class=\"wpb_column vc_column_container vc_col-sm-4\"><div class=\"vc_column-inner\"><div class=\"wpb_wrapper\"><div class=\"wpb_gmaps_widget wpb_content_element\"><div class=\"wpb_wrapper\"><div class=\"wpb_map_wraper\"><iframe src=\"https:\/\/www.google.com\/maps\/embed?pb=!1m18!1m12!1m3!1d1013186.2376685771!2d80.03629623395395!3d7.268272794753714!2m3!1f0!2f0!3f0!3m2!1i1024!2i768!4f13.1!3m3!1m2!1s0x3ae36890ae2f95fd%3A0x92ce8ec2bf791233!2sRoyal%20Botanic%20Gardens!5e0!3m2!1sen!2sch!4v1618689916742!5m2!1sen!2sch\" width=\"600\" height=\"450\" style=\"border:0;\" allowfullscreen=\"\" loading=\"lazy\"><\/iframe><\/div><\/div><\/div><\/div><\/div><\/div><div class=\"wpb_column vc_column_container vc_col-sm-8\"><div class=\"vc_column-inner\"><div class=\"wpb_wrapper\">\n\t<div class=\"wpb_video_widget wpb_content_element vc_clearfix   vc_video-aspect-ratio-169 vc_video-el-width-100 vc_video-align-left\" >\n\t\t<div class=\"wpb_wrapper\">\n\t\t\t\n\t\t\t<div class=\"wpb_video_wrapper\"><iframe loading=\"lazy\" title=\"ROYAL BOTANIC GARDEN Official Video\" width=\"1180\" height=\"664\" src=\"https:\/\/www.youtube.com\/embed\/_CnanFwggsQ?feature=oembed\" frameborder=\"0\" allow=\"accelerometer; autoplay; clipboard-write; encrypted-media; gyroscope; picture-in-picture\" allowfullscreen><\/iframe><\/div>\n\t\t<\/div>\n\t<\/div>\n<\/div><\/div><\/div><\/div>","protected":false},"excerpt":{"rendered":"<p>Kr\u00f3lewski Ogr\u00f3d Botaniczny w Peradeniya po\u0142o\u017cony jest na wysoko\u015bci 460 m n.p.m. w pobli\u017cu Kandy. Zosta\u0142 za\u0142o\u017cony w 1824 r. i jest otoczony z trzech stron rzek\u0105 Mahaweli.<\/p>\n<p>Znajduj\u0105 si\u0119 tu jedne z najlepszych i najcenniejszych kolekcji ro\u015blin i drzew na \u015bwiecie (ponad 4000 gatunk\u00f3w, wewn\u0105trz i na zewn\u0105trz), takie jak olbrzymie drzewa z rodziny fikusowatych, r\u00f3\u017cne mi\u0119dzynarodowe gatunki bambus\u00f3w i palm, rzadkie ro\u015bliny ajurwedyjskie, orchidee, przyprawy, drzewa drzewiaste, takie jak heban, tek, drzewo satynowe, maho\u0144, tamaryndowiec. Testowano tu r\u00f3wnie\u017c egzotyczne uprawy, takie jak kawa, herbata, ga\u0142ka muszkato\u0142owa, kauczuk i cinchona (chinina), kt\u00f3re p\u00f3\u017aniej sta\u0142y si\u0119 nieodzowne dla gospodarki Sri Lanki. Wi\u0119kszo\u015b\u0107 go\u015bci honorowych, kt\u00f3rzy odwiedzili Sri Lank\u0119, zasadzi\u0142a w tym parku drzewa na pami\u0105tk\u0119. W\u015br\u00f3d nich s\u0105 takie osobisto\u015bci, jak kr\u00f3lowa El\u017cbieta, marsza\u0142ek Tito, kanclerz Kiesinger i Jurij Gagarin.<\/p>\n<p>Na terenie ogrod\u00f3w znajduje si\u0119 s\u0142ynny Dom Orchidei z najwi\u0119ksz\u0105 kolekcj\u0105 orchidei w Azji, a tak\u017ce s\u0142ynna kwatera g\u0142\u00f3wna lorda Louisa Mountbattena z czas\u00f3w II wojny \u015bwiatowej.<\/p>","protected":false},"featured_media":3013,"comment_status":"open","ping_status":"closed","template":"","meta":[],"product_brand":[],"product_cat":[51,53,61],"product_tag":[],"class_list":{"0":"post-1841","1":"product","2":"type-product","3":"status-publish","4":"has-post-thumbnail","6":"product_cat-natur-landschaften","7":"product_cat-pflanzenwelt","8":"product_cat-instagram-hotspots","10":"first","11":"instock","12":"virtual","13":"product-type-simple"},"_links":{"self":[{"href":"https:\/\/www.travel2srilanka.ch\/pl\/wp-json\/wp\/v2\/product\/1841","targetHints":{"allow":["GET"]}}],"collection":[{"href":"https:\/\/www.travel2srilanka.ch\/pl\/wp-json\/wp\/v2\/product"}],"about":[{"href":"https:\/\/www.travel2srilanka.ch\/pl\/wp-json\/wp\/v2\/types\/product"}],"replies":[{"embeddable":true,"href":"https:\/\/www.travel2srilanka.ch\/pl\/wp-json\/wp\/v2\/comments?post=1841"}],"wp:featuredmedia":[{"embeddable":true,"href":"https:\/\/www.travel2srilanka.ch\/pl\/wp-json\/wp\/v2\/media\/3013"}],"wp:attachment":[{"href":"https:\/\/www.travel2srilanka.ch\/pl\/wp-json\/wp\/v2\/media?parent=1841"}],"wp:term":[{"taxonomy":"product_brand","embeddable":true,"href":"https:\/\/www.travel2srilanka.ch\/pl\/wp-json\/wp\/v2\/product_brand?post=1841"},{"taxonomy":"product_cat","embeddable":true,"href":"https:\/\/www.travel2srilanka.ch\/pl\/wp-json\/wp\/v2\/product_cat?post=1841"},{"taxonomy":"product_tag","embeddable":true,"href":"https:\/\/www.travel2srilanka.ch\/pl\/wp-json\/wp\/v2\/product_tag?post=1841"}],"curies":[{"name":"wp","href":"https:\/\/api.w.org\/{rel}","templated":true}]}}