{"id":1853,"date":"2021-04-17T22:11:24","date_gmt":"2021-04-17T20:11:24","guid":{"rendered":"https:\/\/www.travel2srilanka.ch\/?post_type=product&#038;p=1853"},"modified":"2025-07-05T14:46:29","modified_gmt":"2025-07-05T12:46:29","slug":"pinnawala-elefanten-waisenhaus","status":"publish","type":"product","link":"https:\/\/www.travel2srilanka.ch\/pl\/product\/pinnawala-elefanten-waisenhaus\/","title":{"rendered":"Sierociniec dla s\u0142oni w Pinnawala"},"content":{"rendered":"<div class=\"vc_row wpb_row vc_row-fluid\"><div class=\"wpb_column vc_column_container vc_col-sm-6\"><div class=\"vc_column-inner\"><div class=\"wpb_wrapper\"><div class=\"wpb_gmaps_widget wpb_content_element\"><div class=\"wpb_wrapper\"><div class=\"wpb_map_wraper\"><iframe src=\"https:\/\/www.google.com\/maps\/embed?pb=!1m18!1m12!1m3!1d1013112.3279846143!2d79.82685353395422!3d7.300970494730634!2m3!1f0!2f0!3f0!3m2!1i1024!2i768!4f13.1!3m3!1m2!1s0x3ae315c83a2c0273%3A0xa5744b525ada1e6c!2sElephant%20Orphanage!5e0!3m2!1sen!2sch!4v1618690491433!5m2!1sen!2sch\" width=\"600\" height=\"450\" style=\"border:0;\" allowfullscreen=\"\" loading=\"lazy\"><\/iframe><\/div><\/div><\/div><\/div><\/div><\/div><div class=\"wpb_column vc_column_container vc_col-sm-6\"><div class=\"vc_column-inner\"><div class=\"wpb_wrapper\"><\/div><\/div><\/div><\/div>","protected":false},"excerpt":{"rendered":"<p>Odwied\u017a s\u0142ynny sierociniec dla s\u0142oni w Pinnawala, gdzie \u017cyje najwi\u0119ksze na \u015bwiecie stado udomowionych s\u0142oni. Sierociniec zosta\u0142 za\u0142o\u017cony w 1975 r. w celu opieki nad porzuconymi i rannymi s\u0142oniami, a obecnie rozr\u00f3s\u0142 si\u0119 do wielkiej rodziny, w kt\u00f3rej \u017cyj\u0105 93 zwierz\u0119ta z trzech pokole\u0144. Obiekt s\u0142u\u017cy r\u00f3wnie\u017c jako o\u015brodek hodowli i chowu dzikich s\u0142oni azjatyckich.<\/p>\n<p>Najlepiej odwiedzi\u0107 to miejsce podczas k\u0105pieli s\u0142oni, kiedy to s\u0105 one zabierane do pobliskiej rzeki. To rzadkie do\u015bwiadczenie, kt\u00f3rego nie mo\u017cna przegapi\u0107.<\/p>","protected":false},"featured_media":2772,"comment_status":"open","ping_status":"closed","template":"","meta":[],"product_brand":[],"product_cat":[56,61],"product_tag":[],"class_list":{"0":"post-1853","1":"product","2":"type-product","3":"status-publish","4":"has-post-thumbnail","6":"product_cat-tierwelt","7":"product_cat-instagram-hotspots","9":"first","10":"instock","11":"virtual","12":"product-type-simple"},"_links":{"self":[{"href":"https:\/\/www.travel2srilanka.ch\/pl\/wp-json\/wp\/v2\/product\/1853","targetHints":{"allow":["GET"]}}],"collection":[{"href":"https:\/\/www.travel2srilanka.ch\/pl\/wp-json\/wp\/v2\/product"}],"about":[{"href":"https:\/\/www.travel2srilanka.ch\/pl\/wp-json\/wp\/v2\/types\/product"}],"replies":[{"embeddable":true,"href":"https:\/\/www.travel2srilanka.ch\/pl\/wp-json\/wp\/v2\/comments?post=1853"}],"wp:featuredmedia":[{"embeddable":true,"href":"https:\/\/www.travel2srilanka.ch\/pl\/wp-json\/wp\/v2\/media\/2772"}],"wp:attachment":[{"href":"https:\/\/www.travel2srilanka.ch\/pl\/wp-json\/wp\/v2\/media?parent=1853"}],"wp:term":[{"taxonomy":"product_brand","embeddable":true,"href":"https:\/\/www.travel2srilanka.ch\/pl\/wp-json\/wp\/v2\/product_brand?post=1853"},{"taxonomy":"product_cat","embeddable":true,"href":"https:\/\/www.travel2srilanka.ch\/pl\/wp-json\/wp\/v2\/product_cat?post=1853"},{"taxonomy":"product_tag","embeddable":true,"href":"https:\/\/www.travel2srilanka.ch\/pl\/wp-json\/wp\/v2\/product_tag?post=1853"}],"curies":[{"name":"wp","href":"https:\/\/api.w.org\/{rel}","templated":true}]}}