{"id":1866,"date":"2021-04-17T22:20:29","date_gmt":"2021-04-17T20:20:29","guid":{"rendered":"https:\/\/www.travel2srilanka.ch\/?post_type=product&#038;p=1866"},"modified":"2025-07-05T14:44:05","modified_gmt":"2025-07-05T12:44:05","slug":"erkunde-die-heilige-stadt-und-antiken-ruinen-von-polonnaruwa","status":"publish","type":"product","link":"https:\/\/www.travel2srilanka.ch\/pl\/product\/erkunde-die-heilige-stadt-und-antiken-ruinen-von-polonnaruwa\/","title":{"rendered":"\u015awi\u0119te miasto i staro\u017cytne ruiny Polonnaruwa"},"content":{"rendered":"<div class=\"vc_row wpb_row vc_row-fluid\"><div class=\"wpb_column vc_column_container vc_col-sm-6\"><div class=\"vc_column-inner\"><div class=\"wpb_wrapper\"><div class=\"wpb_gmaps_widget wpb_content_element\"><div class=\"wpb_wrapper\"><div class=\"wpb_map_wraper\"><iframe src=\"https:\/\/www.google.com\/maps\/embed?pb=!1m18!1m12!1m3!1d1011616.1581096497!2d80.452875140864!3d7.934111836880715!2m3!1f0!2f0!3f0!3m2!1i1024!2i768!4f13.1!3m3!1m2!1s0x3afb44ba3b16ce27%3A0xc34997a2b3032b7c!2sPolonnaruwa%2C%20Sri%20Lanka!5e0!3m2!1sen!2sch!4v1618691065293!5m2!1sen!2sch\" width=\"600\" height=\"450\" style=\"border:0;\" allowfullscreen=\"\" loading=\"lazy\"><\/iframe><\/div><\/div><\/div><\/div><\/div><\/div><div class=\"wpb_column vc_column_container vc_col-sm-6\"><div class=\"vc_column-inner\"><div class=\"wpb_wrapper\"><\/div><\/div><\/div><\/div>","protected":false},"excerpt":{"rendered":"<p>Polonnaruwa by\u0142a drug\u0105 staro\u017cytn\u0105 stolic\u0105 Sri Lanki w XI i XIII w. n.e. S\u0142aw\u0119 zyska\u0142o po upadku Anuradhapury, a dzi\u0119ki swojemu historycznemu znaczeniu zosta\u0142o wpisane na List\u0119 \u015awiatowego Dziedzictwa UNESCO.<\/p>\n<p>Miasto zosta\u0142o w swoim czasie ufortyfikowane trzema koncentrycznymi murami i prezentuje arcydzie\u0142a rze\u017aby antycznej oraz systemy irygacyjne, kt\u00f3re zastanawiaj\u0105 nawet w czasach wsp\u00f3\u0142czesnych. Unikalny kompleks irygacyjny znany jako Morze Parakarama nawadnia\u0142 miasto i okoliczne r\u00f3wniny. Pa\u0142ace kr\u00f3lewskie, \u015bwi\u0105tynie buddyjskie, sztuczne baseny wodne, rze\u017aby naskalne i inskrypcje \u015bwiadcz\u0105 o warto\u015bci tego staro\u017cytnego miejsca. Gal Vihare - najbardziej imponuj\u0105ca rze\u017aba - sk\u0142ada si\u0119 z kolosalnych pos\u0105g\u00f3w Buddy wyrze\u017abionych w granicie.<\/p>","protected":false},"featured_media":3104,"comment_status":"open","ping_status":"closed","template":"","meta":[],"product_brand":[],"product_cat":[50],"product_tag":[],"class_list":{"0":"post-1866","1":"product","2":"type-product","3":"status-publish","4":"has-post-thumbnail","6":"product_cat-kultur","8":"first","9":"instock","10":"virtual","11":"product-type-simple"},"_links":{"self":[{"href":"https:\/\/www.travel2srilanka.ch\/pl\/wp-json\/wp\/v2\/product\/1866","targetHints":{"allow":["GET"]}}],"collection":[{"href":"https:\/\/www.travel2srilanka.ch\/pl\/wp-json\/wp\/v2\/product"}],"about":[{"href":"https:\/\/www.travel2srilanka.ch\/pl\/wp-json\/wp\/v2\/types\/product"}],"replies":[{"embeddable":true,"href":"https:\/\/www.travel2srilanka.ch\/pl\/wp-json\/wp\/v2\/comments?post=1866"}],"wp:featuredmedia":[{"embeddable":true,"href":"https:\/\/www.travel2srilanka.ch\/pl\/wp-json\/wp\/v2\/media\/3104"}],"wp:attachment":[{"href":"https:\/\/www.travel2srilanka.ch\/pl\/wp-json\/wp\/v2\/media?parent=1866"}],"wp:term":[{"taxonomy":"product_brand","embeddable":true,"href":"https:\/\/www.travel2srilanka.ch\/pl\/wp-json\/wp\/v2\/product_brand?post=1866"},{"taxonomy":"product_cat","embeddable":true,"href":"https:\/\/www.travel2srilanka.ch\/pl\/wp-json\/wp\/v2\/product_cat?post=1866"},{"taxonomy":"product_tag","embeddable":true,"href":"https:\/\/www.travel2srilanka.ch\/pl\/wp-json\/wp\/v2\/product_tag?post=1866"}],"curies":[{"name":"wp","href":"https:\/\/api.w.org\/{rel}","templated":true}]}}