{"id":1876,"date":"2021-04-17T22:38:07","date_gmt":"2021-04-17T20:38:07","guid":{"rendered":"https:\/\/www.travel2srilanka.ch\/?post_type=product&#038;p=1876"},"modified":"2025-07-05T14:42:49","modified_gmt":"2025-07-05T12:42:49","slug":"beobachte-die-stelzenfischer-von-weligama","status":"publish","type":"product","link":"https:\/\/www.travel2srilanka.ch\/pl\/product\/beobachte-die-stelzenfischer-von-weligama\/","title":{"rendered":"Obserwuj tradycyjnych rybak\u00f3w na palach w Weligamie"},"content":{"rendered":"<div class=\"vc_row wpb_row vc_row-fluid\"><div class=\"wpb_column vc_column_container vc_col-sm-6\"><div class=\"vc_column-inner\"><div class=\"wpb_wrapper\"><div class=\"wpb_gmaps_widget wpb_content_element\"><div class=\"wpb_wrapper\"><div class=\"wpb_map_wraper\"><iframe src=\"https:\/\/www.google.com\/maps\/embed?pb=!1m18!1m12!1m3!1d507758.1077212485!2d80.26034369356185!3d6.149468028563831!2m3!1f0!2f0!3f0!3m2!1i1024!2i768!4f13.1!3m3!1m2!1s0x3ae115377cc3eaf9%3A0x2463154f2d989243!2sWeligama%2C%20Sri%20Lanka!5e0!3m2!1sen!2sch!4v1618692103964!5m2!1sen!2sch\" width=\"600\" height=\"450\" style=\"border:0;\" allowfullscreen=\"\" loading=\"lazy\"><\/iframe><\/div><\/div><\/div><\/div><\/div><\/div><div class=\"wpb_column vc_column_container vc_col-sm-6\"><div class=\"vc_column-inner\"><div class=\"wpb_wrapper\"><\/div><\/div><\/div><\/div>","protected":false},"excerpt":{"rendered":"<p>Ritipanna to syngaleski termin oznaczaj\u0105cy po\u0142\u00f3w na palach. Jest to tradycyjna metoda po\u0142owu stosowana przez wi\u0119kszo\u015b\u0107 rybak\u00f3w wzd\u0142u\u017c po\u0142udniowego wybrze\u017ca Sri Lanki. Sztuka ta jest powszechna w takich rejonach jak Koggala i Weligama. W\u0105ski dr\u0105\u017cek jest przywi\u0105zany do tyczki, kt\u00f3ra jest zakotwiczona do dna morskiego. Rybacy wspinaj\u0105 si\u0119 na ten kij i balansuj\u0105 na nim przez kilka godzin, \u0142owi\u0105c ryby.<\/p>\n<p>Nawiasem m\u00f3wi\u0105c, na zdj\u0119ciach mo\u017cna zobaczy\u0107 jednego z naszych zadowolonych klient\u00f3w Bogdana, kt\u00f3ry pr\u00f3bowa\u0142 swoich si\u0142 w \u0142owieniu na szczud\u0142ach na Sri Lance i uda\u0142o mu si\u0119 nawet z\u0142owi\u0107 ryb\u0119. Co za wrodzony talent! \ud83d\ude42<\/p>","protected":false},"featured_media":1877,"comment_status":"open","ping_status":"closed","template":"","meta":[],"product_brand":[],"product_cat":[51,54,62],"product_tag":[],"class_list":{"0":"post-1876","1":"product","2":"type-product","3":"status-publish","4":"has-post-thumbnail","6":"product_cat-natur-landschaften","7":"product_cat-straende","8":"product_cat-menschen-begegnungen","10":"first","11":"instock","12":"virtual","13":"product-type-simple"},"_links":{"self":[{"href":"https:\/\/www.travel2srilanka.ch\/pl\/wp-json\/wp\/v2\/product\/1876","targetHints":{"allow":["GET"]}}],"collection":[{"href":"https:\/\/www.travel2srilanka.ch\/pl\/wp-json\/wp\/v2\/product"}],"about":[{"href":"https:\/\/www.travel2srilanka.ch\/pl\/wp-json\/wp\/v2\/types\/product"}],"replies":[{"embeddable":true,"href":"https:\/\/www.travel2srilanka.ch\/pl\/wp-json\/wp\/v2\/comments?post=1876"}],"wp:featuredmedia":[{"embeddable":true,"href":"https:\/\/www.travel2srilanka.ch\/pl\/wp-json\/wp\/v2\/media\/1877"}],"wp:attachment":[{"href":"https:\/\/www.travel2srilanka.ch\/pl\/wp-json\/wp\/v2\/media?parent=1876"}],"wp:term":[{"taxonomy":"product_brand","embeddable":true,"href":"https:\/\/www.travel2srilanka.ch\/pl\/wp-json\/wp\/v2\/product_brand?post=1876"},{"taxonomy":"product_cat","embeddable":true,"href":"https:\/\/www.travel2srilanka.ch\/pl\/wp-json\/wp\/v2\/product_cat?post=1876"},{"taxonomy":"product_tag","embeddable":true,"href":"https:\/\/www.travel2srilanka.ch\/pl\/wp-json\/wp\/v2\/product_tag?post=1876"}],"curies":[{"name":"wp","href":"https:\/\/api.w.org\/{rel}","templated":true}]}}