{"id":1883,"date":"2021-04-17T22:44:52","date_gmt":"2021-04-17T20:44:52","guid":{"rendered":"https:\/\/www.travel2srilanka.ch\/?post_type=product&#038;p=1883"},"modified":"2025-07-05T14:44:56","modified_gmt":"2025-07-05T12:44:56","slug":"jeep-safari-im-yala-nationalpark-entdecke-die-enorme-vielfalt-an-wildtieren","status":"publish","type":"product","link":"https:\/\/www.travel2srilanka.ch\/pl\/product\/jeep-safari-im-yala-nationalpark-entdecke-die-enorme-vielfalt-an-wildtieren\/","title":{"rendered":"Jeep Safari w Parku Narodowym Yala - Odkryj r\u00f3\u017cnorodno\u015b\u0107 dzikich zwierz\u0105t"},"content":{"rendered":"<div class=\"vc_row wpb_row vc_row-fluid\"><div class=\"wpb_column vc_column_container vc_col-sm-6\"><div class=\"vc_column-inner\"><div class=\"wpb_wrapper\"><div class=\"wpb_gmaps_widget wpb_content_element\"><div class=\"wpb_wrapper\"><div class=\"wpb_map_wraper\"><iframe src=\"https:\/\/www.google.com\/maps\/embed?pb=!1m18!1m12!1m3!1d1015269.0152450664!2d80.8420460339484!3d6.277587295456385!2m3!1f0!2f0!3f0!3m2!1i1024!2i768!4f13.1!3m3!1m2!1s0x3ae5d3a62ffb9359%3A0x3bb623d70b5a3314!2sYala%20National%20Park!5e0!3m2!1sen!2sch!4v1618692431976!5m2!1sen!2sch\" width=\"600\" height=\"450\" style=\"border:0;\" allowfullscreen=\"\" loading=\"lazy\"><\/iframe><\/div><\/div><\/div><\/div><\/div><\/div><div class=\"wpb_column vc_column_container vc_col-sm-6\"><div class=\"vc_column-inner\"><div class=\"wpb_wrapper\"><\/div><\/div><\/div><\/div>","protected":false},"excerpt":{"rendered":"<p>Poznaj Park Narodowy Yala podczas jeep safari. Yala to najs\u0142ynniejszy park narodowy na Sri Lance, ponad trzykrotnie wi\u0119kszy od parku Udawalawe. Park ten, o powierzchni 97 800 hektar\u00f3w, jest drugim co do wielko\u015bci parkiem narodowym na Sri Lance. Ostatnio zyska\u0142 on wiele uwagi dzi\u0119ki relacjom w telewizji National Geographic i Discovery, gdzie podaje si\u0119 najwi\u0119ksze na \u015bwiecie zag\u0119szczenie lampart\u00f3w na kilometr kwadratowy.<\/p>\n<p>Park Narodowy Yala to najlepsza okazja do odkrycia ogromnej r\u00f3\u017cnorodno\u015bci dzikich zwierz\u0105t. Kolorowe bociany mo\u017cna zobaczy\u0107 w stadach na brzegu laguny, gdzie drzemi\u0105 r\u00f3wnie\u017c krokodyle. Pi\u0119kne pawie w b\u0142\u0119kitach i zieleniach przechadzaj\u0105 si\u0119 w\u015br\u00f3d las\u00f3w, w kt\u00f3rych ma\u0142py pl\u0105saj\u0105, skacz\u0105 i rycz\u0105. W d\u017cungli mo\u017cna zobaczy\u0107 s\u0142onie przemierzaj\u0105ce szlaki i w\u0119druj\u0105ce po ciernistych lasach buszu, gdzie mo\u017cna spotka\u0107 g\u0142\u00f3wn\u0105 atrakcj\u0119 parku - lamparta. Do zagro\u017conych gatunk\u00f3w nale\u017c\u0105: nied\u017awied\u017a leniwy, lampart, s\u0142o\u0144, baw\u00f3\u0142 wodny, dzik, jele\u0144 c\u0119tkowany, sambar i szakal z\u0142ocisty.<\/p>","protected":false},"featured_media":3177,"comment_status":"open","ping_status":"closed","template":"","meta":[],"product_brand":[],"product_cat":[51,52,63,53,56],"product_tag":[],"class_list":{"0":"post-1883","1":"product","2":"type-product","3":"status-publish","4":"has-post-thumbnail","6":"product_cat-natur-landschaften","7":"product_cat-lagunen-mangroven","8":"product_cat-nationalparks","9":"product_cat-pflanzenwelt","10":"product_cat-tierwelt","12":"first","13":"instock","14":"virtual","15":"product-type-simple"},"_links":{"self":[{"href":"https:\/\/www.travel2srilanka.ch\/pl\/wp-json\/wp\/v2\/product\/1883","targetHints":{"allow":["GET"]}}],"collection":[{"href":"https:\/\/www.travel2srilanka.ch\/pl\/wp-json\/wp\/v2\/product"}],"about":[{"href":"https:\/\/www.travel2srilanka.ch\/pl\/wp-json\/wp\/v2\/types\/product"}],"replies":[{"embeddable":true,"href":"https:\/\/www.travel2srilanka.ch\/pl\/wp-json\/wp\/v2\/comments?post=1883"}],"wp:featuredmedia":[{"embeddable":true,"href":"https:\/\/www.travel2srilanka.ch\/pl\/wp-json\/wp\/v2\/media\/3177"}],"wp:attachment":[{"href":"https:\/\/www.travel2srilanka.ch\/pl\/wp-json\/wp\/v2\/media?parent=1883"}],"wp:term":[{"taxonomy":"product_brand","embeddable":true,"href":"https:\/\/www.travel2srilanka.ch\/pl\/wp-json\/wp\/v2\/product_brand?post=1883"},{"taxonomy":"product_cat","embeddable":true,"href":"https:\/\/www.travel2srilanka.ch\/pl\/wp-json\/wp\/v2\/product_cat?post=1883"},{"taxonomy":"product_tag","embeddable":true,"href":"https:\/\/www.travel2srilanka.ch\/pl\/wp-json\/wp\/v2\/product_tag?post=1883"}],"curies":[{"name":"wp","href":"https:\/\/api.w.org\/{rel}","templated":true}]}}