{"id":1910,"date":"2021-04-18T20:03:54","date_gmt":"2021-04-18T18:03:54","guid":{"rendered":"https:\/\/www.travel2srilanka.ch\/?post_type=product&#038;p=1910"},"modified":"2025-07-05T14:43:17","modified_gmt":"2025-07-05T12:43:17","slug":"besteigung-der-sigiriya-fels-festung","status":"publish","type":"product","link":"https:\/\/www.travel2srilanka.ch\/pl\/product\/besteigung-der-sigiriya-fels-festung\/","title":{"rendered":"Wspinaczka po skalnej fortecy Sigiriya"},"content":{"rendered":"<div class=\"vc_row wpb_row vc_row-fluid\"><div class=\"wpb_column vc_column_container vc_col-sm-6\"><div class=\"vc_column-inner\"><div class=\"wpb_wrapper\"><div class=\"wpb_gmaps_widget wpb_content_element\"><div class=\"wpb_wrapper\"><div class=\"wpb_map_wraper\"><iframe src=\"https:\/\/www.google.com\/maps\/embed?pb=!1m18!1m12!1m3!1d1012069.103113961!2d80.1307654460779!3d7.747867357696174!2m3!1f0!2f0!3f0!3m2!1i1024!2i768!4f13.1!3m3!1m2!1s0x3afca15b724c9ab3%3A0xab1771275b370d52!2sSigiriya%20Rock!5e0!3m2!1sde!2sch!4v1639582481133!5m2!1sde!2sch\" width=\"600\" height=\"450\" style=\"border:0;\" allowfullscreen=\"\" loading=\"lazy\"><\/iframe><\/div><\/div><\/div><\/div><\/div><\/div><div class=\"wpb_column vc_column_container vc_col-sm-6\"><div class=\"vc_column-inner\"><div class=\"wpb_wrapper\"><\/div><\/div><\/div><\/div>","protected":false},"excerpt":{"rendered":"<p>Wejd\u017a na twierdz\u0119 Lion Rock w Sigiriya, kt\u00f3ra s\u0142u\u017cy\u0142a jako kr\u00f3lewska cytadela kr\u00f3la Kasjapy w V wieku naszej ery. Po drodze zobaczysz liczne fosy, tarasy, ogrody wodne, fontanny, skalne, kamienne schody i pi\u0119kne staro\u017cytne freski przedstawiaj\u0105ce niebia\u0144skie kobiety.<\/p>\n<p>Pierwotnie wej\u015bcie do twierdzy prowadzi\u0142o przez paszcz\u0119 kamiennego lwa. Z powodu erozji dzi\u015b wida\u0107 tylko cz\u0119\u015b\u0107 masywnych \u0142ap zwierz\u0119cia. Na szczycie ska\u0142y znajduj\u0105 si\u0119 ruiny pa\u0142acu z dwoma nienaruszonymi basenami wodnymi. Skalna forteca Sigiriya jest prawdopodobnie jednym z najbardziej znanych i imponuj\u0105cych zabytk\u00f3w w historii kultury Sri Lanki.<\/p>","protected":false},"featured_media":3075,"comment_status":"open","ping_status":"closed","template":"","meta":[],"product_brand":[],"product_cat":[50,51,61],"product_tag":[],"class_list":{"0":"post-1910","1":"product","2":"type-product","3":"status-publish","4":"has-post-thumbnail","6":"product_cat-kultur","7":"product_cat-natur-landschaften","8":"product_cat-instagram-hotspots","10":"first","11":"instock","12":"virtual","13":"product-type-simple"},"_links":{"self":[{"href":"https:\/\/www.travel2srilanka.ch\/pl\/wp-json\/wp\/v2\/product\/1910","targetHints":{"allow":["GET"]}}],"collection":[{"href":"https:\/\/www.travel2srilanka.ch\/pl\/wp-json\/wp\/v2\/product"}],"about":[{"href":"https:\/\/www.travel2srilanka.ch\/pl\/wp-json\/wp\/v2\/types\/product"}],"replies":[{"embeddable":true,"href":"https:\/\/www.travel2srilanka.ch\/pl\/wp-json\/wp\/v2\/comments?post=1910"}],"wp:featuredmedia":[{"embeddable":true,"href":"https:\/\/www.travel2srilanka.ch\/pl\/wp-json\/wp\/v2\/media\/3075"}],"wp:attachment":[{"href":"https:\/\/www.travel2srilanka.ch\/pl\/wp-json\/wp\/v2\/media?parent=1910"}],"wp:term":[{"taxonomy":"product_brand","embeddable":true,"href":"https:\/\/www.travel2srilanka.ch\/pl\/wp-json\/wp\/v2\/product_brand?post=1910"},{"taxonomy":"product_cat","embeddable":true,"href":"https:\/\/www.travel2srilanka.ch\/pl\/wp-json\/wp\/v2\/product_cat?post=1910"},{"taxonomy":"product_tag","embeddable":true,"href":"https:\/\/www.travel2srilanka.ch\/pl\/wp-json\/wp\/v2\/product_tag?post=1910"}],"curies":[{"name":"wp","href":"https:\/\/api.w.org\/{rel}","templated":true}]}}