{"id":1925,"date":"2021-04-18T20:25:09","date_gmt":"2021-04-18T18:25:09","guid":{"rendered":"https:\/\/www.travel2srilanka.ch\/?post_type=product&#038;p=1925"},"modified":"2022-07-23T02:15:25","modified_gmt":"2022-07-23T00:15:25","slug":"besuche-eine-meeresschildkroeten-brutstaette-und-beobachte-die-suessen-babyschildkroeten","status":"publish","type":"product","link":"https:\/\/www.travel2srilanka.ch\/pl\/product\/besuche-eine-meeresschildkroeten-brutstaette-und-beobachte-die-suessen-babyschildkroeten\/","title":{"rendered":"Odwied\u017a wyl\u0119garni\u0119 \u017c\u00f3\u0142wi morskich i zobacz m\u0142ode, malutkie \u017c\u00f3\u0142wie"},"content":{"rendered":"<div class=\"vc_row wpb_row vc_row-fluid\"><div class=\"wpb_column vc_column_container vc_col-sm-6\"><div class=\"vc_column-inner\"><div class=\"wpb_wrapper\"><div class=\"wpb_gmaps_widget wpb_content_element\"><div class=\"wpb_wrapper\"><div class=\"wpb_map_wraper\"><iframe src=\"https:\/\/www.google.com\/maps\/embed?pb=!1m18!1m12!1m3!1d507575.8692410173!2d79.75072119445773!3d6.337467406473957!2m3!1f0!2f0!3f0!3m2!1i1024!2i768!4f13.1!3m3!1m2!1s0x3ae22bcc8b8f4f5b%3A0x672dca279a50537f!2sKosgoda%2C%20Sri%20Lanka!5e0!3m2!1sen!2sch!4v1618770659366!5m2!1sen!2sch\" width=\"600\" height=\"450\" style=\"border:0;\" allowfullscreen=\"\" loading=\"lazy\"><\/iframe><\/div><\/div><\/div><\/div><\/div><\/div><div class=\"wpb_column vc_column_container vc_col-sm-6\"><div class=\"vc_column-inner\"><div class=\"wpb_wrapper\"><\/div><\/div><\/div><\/div>","protected":false},"excerpt":{"rendered":"<p>G\u0142\u00f3wnym celem wyl\u0119garni jest monitorowanie lokalnych \u017c\u00f3\u0142wi morskich i ochrona miejsc ich gniazdowania. Nale\u017cy u\u015bwiadamia\u0107 spo\u0142ecze\u0144stwu, jak bardzo zagro\u017cone s\u0105 te pi\u0119kne zwierz\u0119ta i jak wa\u017cna jest ich ochrona.<\/p>\n<p>Jednym z najwa\u017cniejszych zada\u0144 w ramach projektu jest wyl\u0119garnia \u017c\u00f3\u0142wi. Na tym chronionym obszarze z zebranych i uratowanych jaj mog\u0105 bezpiecznie wykluwa\u0107 si\u0119 ma\u0142e \u017c\u00f3\u0142wiki, kt\u00f3re nast\u0119pnie zostan\u0105 wypuszczone do morza. Ponadto pewna liczba ma\u0142ych zwierz\u0105t z ka\u017cdego wyl\u0119gu jest zatrzymywana na kr\u00f3tki okres czasu, aby zapewni\u0107 im ma\u0142y start przed wypuszczeniem na wolno\u015b\u0107.<\/p>\n<p>Odwied\u017a s\u0142ynn\u0105 farm\u0119 hodowlan\u0105 w Kosgodzie i zobacz etapy rozwoju r\u00f3\u017cnych gatunk\u00f3w \u017c\u00f3\u0142wi morskich. We\u017a na r\u0119ce jedno z uroczych \u017c\u00f3\u0142wi\u0105tek i dowiedz si\u0119 wi\u0119cej o tym gatunku i jak je chroni\u0107.<\/p>","protected":false},"featured_media":2976,"comment_status":"open","ping_status":"closed","template":"","meta":[],"product_brand":[],"product_cat":[54,56],"product_tag":[],"class_list":{"0":"post-1925","1":"product","2":"type-product","3":"status-publish","4":"has-post-thumbnail","6":"product_cat-straende","7":"product_cat-tierwelt","9":"first","10":"instock","11":"virtual","12":"product-type-simple"},"_links":{"self":[{"href":"https:\/\/www.travel2srilanka.ch\/pl\/wp-json\/wp\/v2\/product\/1925","targetHints":{"allow":["GET"]}}],"collection":[{"href":"https:\/\/www.travel2srilanka.ch\/pl\/wp-json\/wp\/v2\/product"}],"about":[{"href":"https:\/\/www.travel2srilanka.ch\/pl\/wp-json\/wp\/v2\/types\/product"}],"replies":[{"embeddable":true,"href":"https:\/\/www.travel2srilanka.ch\/pl\/wp-json\/wp\/v2\/comments?post=1925"}],"wp:featuredmedia":[{"embeddable":true,"href":"https:\/\/www.travel2srilanka.ch\/pl\/wp-json\/wp\/v2\/media\/2976"}],"wp:attachment":[{"href":"https:\/\/www.travel2srilanka.ch\/pl\/wp-json\/wp\/v2\/media?parent=1925"}],"wp:term":[{"taxonomy":"product_brand","embeddable":true,"href":"https:\/\/www.travel2srilanka.ch\/pl\/wp-json\/wp\/v2\/product_brand?post=1925"},{"taxonomy":"product_cat","embeddable":true,"href":"https:\/\/www.travel2srilanka.ch\/pl\/wp-json\/wp\/v2\/product_cat?post=1925"},{"taxonomy":"product_tag","embeddable":true,"href":"https:\/\/www.travel2srilanka.ch\/pl\/wp-json\/wp\/v2\/product_tag?post=1925"}],"curies":[{"name":"wp","href":"https:\/\/api.w.org\/{rel}","templated":true}]}}