{"id":1931,"date":"2021-04-18T20:35:44","date_gmt":"2021-04-18T18:35:44","guid":{"rendered":"https:\/\/www.travel2srilanka.ch\/?post_type=product&#038;p=1931"},"modified":"2022-04-10T19:58:09","modified_gmt":"2022-04-10T17:58:09","slug":"der-heilige-zahntempel-von-buddha","status":"publish","type":"product","link":"https:\/\/www.travel2srilanka.ch\/pl\/product\/der-heilige-zahntempel-von-buddha\/","title":{"rendered":"\u015awi\u0105tynia \u015awi\u0119tego Z\u0119ba Buddy"},"content":{"rendered":"<div class=\"vc_row wpb_row vc_row-fluid\"><div class=\"wpb_column vc_column_container vc_col-sm-6\"><div class=\"vc_column-inner\"><div class=\"wpb_wrapper\"><div class=\"wpb_gmaps_widget wpb_content_element\"><div class=\"wpb_wrapper\"><div class=\"wpb_map_wraper\"><iframe src=\"https:\/\/www.google.com\/maps\/embed?pb=!1m18!1m12!1m3!1d1013128.9966467153!2d80.08102223590609!3d7.293608998683963!2m3!1f0!2f0!3f0!3m2!1i1024!2i768!4f13.1!3m3!1m2!1s0x3ae3662db149fbf5%3A0x8165d70ac115e887!2sTemple%20of%20the%20Sacred%20Tooth%20Relic!5e0!3m2!1sen!2sch!4v1618771162101!5m2!1sen!2sch\" width=\"600\" height=\"450\" style=\"border:0;\" allowfullscreen=\"\" loading=\"lazy\"><\/iframe><\/div><\/div><\/div><\/div><\/div><\/div><div class=\"wpb_column vc_column_container vc_col-sm-6\"><div class=\"vc_column-inner\"><div class=\"wpb_wrapper\"><\/div><\/div><\/div><\/div>","protected":false},"excerpt":{"rendered":"<p>Masz szans\u0119 zwiedzi\u0107 s\u0142ynn\u0105 \u015awi\u0105tyni\u0119 Z\u0119ba, zbudowan\u0105 w XVI w. n.e., w kt\u00f3rej znajduje si\u0119 naj\u015bwi\u0119tsza relikwia z\u0119ba Buddy.<\/p>\n<p>\u015awi\u0105tynia \u015awi\u0119tego Z\u0119ba jest znanym na ca\u0142ym \u015bwiecie miejscem kultu. Znajduje si\u0119 w nim lewy z\u0105b k\u0142a Gauthamy Buddy. Ta \u015bwi\u0119ta \u015bwi\u0105tynia, odwiedzana codziennie przez tysi\u0105ce wiernych i turyst\u00f3w z kraju i zagranicy, zosta\u0142a wpisana na List\u0119 \u015awiatowego Dziedzictwa UNESCO w 1988 roku.<\/p>\n<p>\u015awi\u0105tynia \u015awi\u0119tego Z\u0119ba, znana r\u00f3wnie\u017c jako Sri Dalada Maligawa, znajduje si\u0119 w mie\u015bcie Kandy. Umiejscowiona w kr\u00f3lewskim kompleksie pa\u0142acowym dawnego kr\u00f3lestwa Kandy. Od czas\u00f3w staro\u017cytnych relikwia odgrywa\u0142a wa\u017cn\u0105 rol\u0119 w lokalnej polityce, poniewa\u017c uwa\u017ca si\u0119, \u017ce ten, kto j\u0105 posiada, sprawuje w\u0142adz\u0119 w kraju. Kandy by\u0142o ostatni\u0105 stolic\u0105 kr\u00f3l\u00f3w lankijskich.<\/p>","protected":false},"featured_media":3136,"comment_status":"open","ping_status":"closed","template":"","meta":[],"product_brand":[],"product_cat":[50],"product_tag":[],"class_list":{"0":"post-1931","1":"product","2":"type-product","3":"status-publish","4":"has-post-thumbnail","6":"product_cat-kultur","8":"first","9":"instock","10":"virtual","11":"product-type-simple"},"_links":{"self":[{"href":"https:\/\/www.travel2srilanka.ch\/pl\/wp-json\/wp\/v2\/product\/1931","targetHints":{"allow":["GET"]}}],"collection":[{"href":"https:\/\/www.travel2srilanka.ch\/pl\/wp-json\/wp\/v2\/product"}],"about":[{"href":"https:\/\/www.travel2srilanka.ch\/pl\/wp-json\/wp\/v2\/types\/product"}],"replies":[{"embeddable":true,"href":"https:\/\/www.travel2srilanka.ch\/pl\/wp-json\/wp\/v2\/comments?post=1931"}],"wp:featuredmedia":[{"embeddable":true,"href":"https:\/\/www.travel2srilanka.ch\/pl\/wp-json\/wp\/v2\/media\/3136"}],"wp:attachment":[{"href":"https:\/\/www.travel2srilanka.ch\/pl\/wp-json\/wp\/v2\/media?parent=1931"}],"wp:term":[{"taxonomy":"product_brand","embeddable":true,"href":"https:\/\/www.travel2srilanka.ch\/pl\/wp-json\/wp\/v2\/product_brand?post=1931"},{"taxonomy":"product_cat","embeddable":true,"href":"https:\/\/www.travel2srilanka.ch\/pl\/wp-json\/wp\/v2\/product_cat?post=1931"},{"taxonomy":"product_tag","embeddable":true,"href":"https:\/\/www.travel2srilanka.ch\/pl\/wp-json\/wp\/v2\/product_tag?post=1931"}],"curies":[{"name":"wp","href":"https:\/\/api.w.org\/{rel}","templated":true}]}}