{"id":1946,"date":"2021-04-18T21:00:05","date_gmt":"2021-04-18T19:00:05","guid":{"rendered":"https:\/\/www.travel2srilanka.ch\/?post_type=product&#038;p=1946"},"modified":"2022-07-23T02:05:32","modified_gmt":"2022-07-23T00:05:32","slug":"elefantenreiten-die-etwas-andere-safari","status":"publish","type":"product","link":"https:\/\/www.travel2srilanka.ch\/pl\/product\/elefantenreiten-die-etwas-andere-safari\/","title":{"rendered":"Przeja\u017cd\u017cka na s\u0142oniu - Safari inne ni\u017c wszystkie"},"content":{"rendered":"<div class=\"vc_row wpb_row vc_row-fluid\"><div class=\"wpb_column vc_column_container vc_col-sm-6\"><div class=\"vc_column-inner\"><div class=\"wpb_wrapper\"><div class=\"wpb_gmaps_widget wpb_content_element\"><div class=\"wpb_wrapper\"><div class=\"wpb_map_wraper\"><iframe src=\"https:\/\/www.google.com\/maps\/embed?pb=!1m18!1m12!1m3!1d1011372.2619416028!2d80.19311859352932!3d8.03262115745218!2m3!1f0!2f0!3f0!3m2!1i1024!2i768!4f13.1!3m3!1m2!1s0x3afc9f63c303e2fb%3A0x244a4391b7c10e63!2sHabarana%2C%20Sri%20Lanka!5e0!3m2!1sen!2sch!4v1618772610172!5m2!1sen!2sch\" width=\"600\" height=\"450\" style=\"border:0;\" allowfullscreen=\"\" loading=\"lazy\"><\/iframe><\/div><\/div><\/div><\/div><\/div><\/div><div class=\"wpb_column vc_column_container vc_col-sm-6\"><div class=\"vc_column-inner\"><div class=\"wpb_wrapper\"><\/div><\/div><\/div><\/div>","protected":false},"excerpt":{"rendered":"<p>W pobli\u017cu najpopularniejszych atrakcji kulturalnych Sri Lanki, takich jak Sigiriya, Habarana i Minneriya, ch\u0119tni mog\u0105 wybra\u0107 si\u0119 na kr\u00f3tkie safari na grzbiecie s\u0142onia. Mo\u017cna tu odpocz\u0105\u0107 i obserwowa\u0107 pi\u0119kn\u0105 przyrod\u0119, podczas gdy s\u0142o\u0144 przewozi nas w\u0105skimi \u015bcie\u017ckami i przez p\u0142ytkie wody le\u015bne. W ten spos\u00f3b podczas wsp\u00f3lnej wycieczki poznasz zachowania tych uroczych, a zarazem pot\u0119\u017cnych zwierz\u0105t.<\/p>","protected":false},"featured_media":2911,"comment_status":"closed","ping_status":"closed","template":"","meta":[],"product_brand":[],"product_cat":[55,53,56],"product_tag":[],"class_list":{"0":"post-1946","1":"product","2":"type-product","3":"status-publish","4":"has-post-thumbnail","6":"product_cat-outdoors","7":"product_cat-pflanzenwelt","8":"product_cat-tierwelt","10":"first","11":"instock","12":"virtual","13":"product-type-simple"},"_links":{"self":[{"href":"https:\/\/www.travel2srilanka.ch\/pl\/wp-json\/wp\/v2\/product\/1946","targetHints":{"allow":["GET"]}}],"collection":[{"href":"https:\/\/www.travel2srilanka.ch\/pl\/wp-json\/wp\/v2\/product"}],"about":[{"href":"https:\/\/www.travel2srilanka.ch\/pl\/wp-json\/wp\/v2\/types\/product"}],"replies":[{"embeddable":true,"href":"https:\/\/www.travel2srilanka.ch\/pl\/wp-json\/wp\/v2\/comments?post=1946"}],"wp:featuredmedia":[{"embeddable":true,"href":"https:\/\/www.travel2srilanka.ch\/pl\/wp-json\/wp\/v2\/media\/2911"}],"wp:attachment":[{"href":"https:\/\/www.travel2srilanka.ch\/pl\/wp-json\/wp\/v2\/media?parent=1946"}],"wp:term":[{"taxonomy":"product_brand","embeddable":true,"href":"https:\/\/www.travel2srilanka.ch\/pl\/wp-json\/wp\/v2\/product_brand?post=1946"},{"taxonomy":"product_cat","embeddable":true,"href":"https:\/\/www.travel2srilanka.ch\/pl\/wp-json\/wp\/v2\/product_cat?post=1946"},{"taxonomy":"product_tag","embeddable":true,"href":"https:\/\/www.travel2srilanka.ch\/pl\/wp-json\/wp\/v2\/product_tag?post=1946"}],"curies":[{"name":"wp","href":"https:\/\/api.w.org\/{rel}","templated":true}]}}