{"id":1951,"date":"2021-04-18T21:05:08","date_gmt":"2021-04-18T19:05:08","guid":{"rendered":"https:\/\/www.travel2srilanka.ch\/?post_type=product&#038;p=1951"},"modified":"2022-07-23T01:54:44","modified_gmt":"2022-07-22T23:54:44","slug":"erklimme-adams-peak-mini-matterhorn-und-heilige-pilgerstaette","status":"publish","type":"product","link":"https:\/\/www.travel2srilanka.ch\/pl\/product\/erklimme-adams-peak-mini-matterhorn-und-heilige-pilgerstaette\/","title":{"rendered":"Szczyt Adams Peak -  \u015bwi\u0119te miejsce pielgrzym\u00f3w"},"content":{"rendered":"<div class=\"vc_row wpb_row vc_row-fluid\"><div class=\"wpb_column vc_column_container vc_col-sm-6\"><div class=\"vc_column-inner\"><div class=\"wpb_wrapper\"><div class=\"wpb_gmaps_widget wpb_content_element\"><div class=\"wpb_wrapper\"><div class=\"wpb_map_wraper\"><iframe src=\"https:\/\/www.google.com\/maps\/embed?pb=!1m18!1m12!1m3!1d1014188.1379437484!2d79.93908539340786!3d6.809642771251654!2m3!1f0!2f0!3f0!3m2!1i1024!2i768!4f13.1!3m3!1m2!1s0x3ae3977589234b59%3A0x8723ad471d5b37dc!2sSri%20Pada%20%2F%20Adam&#39;s%20Peak!5e0!3m2!1sen!2sch!4v1618772953852!5m2!1sen!2sch\" width=\"600\" height=\"450\" style=\"border:0;\" allowfullscreen=\"\" loading=\"lazy\"><\/iframe><\/div><\/div><\/div><\/div><\/div><\/div><div class=\"wpb_column vc_column_container vc_col-sm-6\"><div class=\"vc_column-inner\"><div class=\"wpb_wrapper\"><\/div><\/div><\/div><\/div>","protected":false},"excerpt":{"rendered":"<p>Wczesnym rankiem wejd\u017a na szczyt Adam's Peak i podziwiaj zapieraj\u0105ce dech w piersiach widoki oraz spektakularny wsch\u00f3d s\u0142o\u0144ca.<\/p>\n<p>Szczyt Adam's Peak (Sri Pada), wznosz\u0105cy si\u0119 na po\u0142udniowo-zachodnim kra\u0144cu kraju wzg\u00f3rz, jest jednym z najbardziej niezwyk\u0142ych zabytk\u00f3w przyrody na Sri Lance i jednym z najs\u0142ynniejszych miejsc pielgrzymkowych. Niczym miniaturowy Matterhorn (Szwajcaria) wystaj\u0105cy z okolicznych wzg\u00f3rz, pi\u0105ty co do wysoko\u015bci szczyt Sri Lanki o dumnej wysoko\u015bci 2243 metr\u00f3w daje wra\u017cenie ekstremalnej wysoko\u015bci.<\/p>\n<p>Na szczycie znajduje si\u0119 klasztor, gdzie w skalnym zag\u0142\u0119bieniu odci\u015bni\u0119to \u015blad stopy o d\u0142ugo\u015bci 1,8 m. Wok\u00f3\u0142 tego miejsca naros\u0142o wiele legend. W oryginalnej, buddyjskiej opowie\u015bci twierdzi si\u0119, \u017ce jest to odcisk stopy samego Buddy. Hindui\u015bci widz\u0105 w nim odcisk stopy Szivy, muzu\u0142manie - Adama, a chrze\u015bcijanie - aposto\u0142a Tomasza.<\/p>\n<p>Wej\u015bcie na Szczyt Adam's Peak tradycyjnie odbywa si\u0119 w nocy, aby zd\u0105\u017cy\u0107 przed \u015bwitem. To najlepsza okazja, by podziwia\u0107 wyj\u0105tkowy widok bez chmur, a jednocze\u015bnie zobaczy\u0107 tajemniczy cie\u0144 szczytu.<\/p>\n<p>Wi\u0119kszo\u015b\u0107 turyst\u00f3w wchodzi na g\u00f3r\u0119 w sezonie pielgrzymkowym, od grudnia do maja. O tej porze roku pogoda na g\u00f3rze jest najlepsza, a szanse na jasny \u015bwit na szczycie s\u0105 najwi\u0119ksze. Stopnie na zboczu g\u00f3ry s\u0105 o\u015bwietlone, a ma\u0142e stragany i sklepy s\u0105 otwarte w nocy, aby zaspokoi\u0107 potrzeby t\u0142um\u00f3w zm\u0119czonych pielgrzym\u00f3w.<\/p>","protected":false},"featured_media":1956,"comment_status":"open","ping_status":"closed","template":"","meta":[],"product_brand":[],"product_cat":[50,55,51,60,62,64],"product_tag":[],"class_list":{"0":"post-1951","1":"product","2":"type-product","3":"status-publish","4":"has-post-thumbnail","6":"product_cat-kultur","7":"product_cat-outdoors","8":"product_cat-natur-landschaften","9":"product_cat-berge","10":"product_cat-menschen-begegnungen","11":"product_cat-sport","13":"first","14":"instock","15":"virtual","16":"product-type-simple"},"_links":{"self":[{"href":"https:\/\/www.travel2srilanka.ch\/pl\/wp-json\/wp\/v2\/product\/1951","targetHints":{"allow":["GET"]}}],"collection":[{"href":"https:\/\/www.travel2srilanka.ch\/pl\/wp-json\/wp\/v2\/product"}],"about":[{"href":"https:\/\/www.travel2srilanka.ch\/pl\/wp-json\/wp\/v2\/types\/product"}],"replies":[{"embeddable":true,"href":"https:\/\/www.travel2srilanka.ch\/pl\/wp-json\/wp\/v2\/comments?post=1951"}],"wp:featuredmedia":[{"embeddable":true,"href":"https:\/\/www.travel2srilanka.ch\/pl\/wp-json\/wp\/v2\/media\/1956"}],"wp:attachment":[{"href":"https:\/\/www.travel2srilanka.ch\/pl\/wp-json\/wp\/v2\/media?parent=1951"}],"wp:term":[{"taxonomy":"product_brand","embeddable":true,"href":"https:\/\/www.travel2srilanka.ch\/pl\/wp-json\/wp\/v2\/product_brand?post=1951"},{"taxonomy":"product_cat","embeddable":true,"href":"https:\/\/www.travel2srilanka.ch\/pl\/wp-json\/wp\/v2\/product_cat?post=1951"},{"taxonomy":"product_tag","embeddable":true,"href":"https:\/\/www.travel2srilanka.ch\/pl\/wp-json\/wp\/v2\/product_tag?post=1951"}],"curies":[{"name":"wp","href":"https:\/\/api.w.org\/{rel}","templated":true}]}}