{"id":1958,"date":"2021-04-18T21:11:33","date_gmt":"2021-04-18T19:11:33","guid":{"rendered":"https:\/\/www.travel2srilanka.ch\/?post_type=product&#038;p=1958"},"modified":"2022-11-13T01:32:24","modified_gmt":"2022-11-13T00:32:24","slug":"golf-im-paradies-royal-colombo-golf-club","status":"publish","type":"product","link":"https:\/\/www.travel2srilanka.ch\/pl\/product\/golf-im-paradies-royal-colombo-golf-club\/","title":{"rendered":"Royal Colombo Golf Club"},"content":{"rendered":"<div class=\"vc_row wpb_row vc_row-fluid\"><div class=\"wpb_column vc_column_container vc_col-sm-4\"><div class=\"vc_column-inner\"><div class=\"wpb_wrapper\"><div class=\"wpb_gmaps_widget wpb_content_element\"><div class=\"wpb_wrapper\"><div class=\"wpb_map_wraper\"><iframe src=\"https:\/\/www.google.com\/maps\/embed?pb=!1m18!1m12!1m3!1d1013984.6880670303!2d79.32389713395183!3d6.905226795010501!2m3!1f0!2f0!3f0!3m2!1i1024!2i768!4f13.1!3m3!1m2!1s0x3ae25985cd8af25f%3A0x238c19485e922864!2sRoyal%20Colombo%20Golf%20Club!5e0!3m2!1sen!2sch!4v1618773314814!5m2!1sen!2sch\" width=\"600\" height=\"450\" style=\"border:0;\" allowfullscreen=\"\" loading=\"lazy\"><\/iframe><\/div><\/div><\/div><\/div><\/div><\/div><div class=\"wpb_column vc_column_container vc_col-sm-8\"><div class=\"vc_column-inner\"><div class=\"wpb_wrapper\">\n\t<div class=\"wpb_video_widget wpb_content_element vc_clearfix   vc_video-aspect-ratio-169 vc_video-el-width-100 vc_video-align-left\" >\n\t\t<div class=\"wpb_wrapper\">\n\t\t\t\n\t\t\t<div class=\"wpb_video_wrapper\"><iframe loading=\"lazy\" title=\"Royal Colombo Golf Club  Walkthrough\" width=\"1180\" height=\"664\" src=\"https:\/\/www.youtube.com\/embed\/6b3gOHfB9Q0?feature=oembed\" frameborder=\"0\" allow=\"accelerometer; autoplay; clipboard-write; encrypted-media; gyroscope; picture-in-picture\" allowfullscreen><\/iframe><\/div>\n\t\t<\/div>\n\t<\/div>\n<\/div><\/div><\/div><\/div>","protected":false},"excerpt":{"rendered":"<p>Kr\u00f3lewski Klub Golfowy Colombo zosta\u0142 za\u0142o\u017cony w 1879 roku i otrzyma\u0142 tytu\u0142 kr\u00f3lewski od Jego Wysoko\u015bci Kr\u00f3la Jerzego V w 1928 roku. W ci\u0105gu tych ponad 130 lat klub golfowy by\u0142 \u015bwiadkiem wielu historii. W czasie II wojny \u015bwiatowej by\u0142 wykorzystywany m.in. jako baza wojskowa.<\/p>\n<p>Samo 18-do\u0142kowe pole golfowe jest urozmaicone i ozdobione wieloma starymi drzewami i ro\u015blinami. Niekt\u00f3re przeszkody wodne, dobrze rozmieszczone bunkry i stara linia kolejowa stanowi\u0105 wyzwanie dla umiej\u0119tno\u015bci golfiarzy. Tory i ziele\u0144 s\u0105 dobrze utrzymane, a domek klubowy z restauracj\u0105, barem i tarasem widokowym zach\u0119ca do wypoczynku po odbytej grze.<\/p>","protected":false},"featured_media":1960,"comment_status":"open","ping_status":"closed","template":"","meta":[],"product_brand":[],"product_cat":[50,55,66,64],"product_tag":[],"class_list":{"0":"post-1958","1":"product","2":"type-product","3":"status-publish","4":"has-post-thumbnail","6":"product_cat-kultur","7":"product_cat-outdoors","8":"product_cat-entspannen-erholen","9":"product_cat-sport","11":"first","12":"instock","13":"virtual","14":"product-type-simple"},"_links":{"self":[{"href":"https:\/\/www.travel2srilanka.ch\/pl\/wp-json\/wp\/v2\/product\/1958","targetHints":{"allow":["GET"]}}],"collection":[{"href":"https:\/\/www.travel2srilanka.ch\/pl\/wp-json\/wp\/v2\/product"}],"about":[{"href":"https:\/\/www.travel2srilanka.ch\/pl\/wp-json\/wp\/v2\/types\/product"}],"replies":[{"embeddable":true,"href":"https:\/\/www.travel2srilanka.ch\/pl\/wp-json\/wp\/v2\/comments?post=1958"}],"wp:featuredmedia":[{"embeddable":true,"href":"https:\/\/www.travel2srilanka.ch\/pl\/wp-json\/wp\/v2\/media\/1960"}],"wp:attachment":[{"href":"https:\/\/www.travel2srilanka.ch\/pl\/wp-json\/wp\/v2\/media?parent=1958"}],"wp:term":[{"taxonomy":"product_brand","embeddable":true,"href":"https:\/\/www.travel2srilanka.ch\/pl\/wp-json\/wp\/v2\/product_brand?post=1958"},{"taxonomy":"product_cat","embeddable":true,"href":"https:\/\/www.travel2srilanka.ch\/pl\/wp-json\/wp\/v2\/product_cat?post=1958"},{"taxonomy":"product_tag","embeddable":true,"href":"https:\/\/www.travel2srilanka.ch\/pl\/wp-json\/wp\/v2\/product_tag?post=1958"}],"curies":[{"name":"wp","href":"https:\/\/api.w.org\/{rel}","templated":true}]}}