{"id":1975,"date":"2021-04-18T21:20:22","date_gmt":"2021-04-18T19:20:22","guid":{"rendered":"https:\/\/www.travel2srilanka.ch\/?post_type=product&#038;p=1975"},"modified":"2026-01-27T02:46:15","modified_gmt":"2026-01-27T01:46:15","slug":"jeep-safari-im-minneriya-nationalpark-der-groesste-treffpunkt-asiatischer-elefanten","status":"publish","type":"product","link":"https:\/\/www.travel2srilanka.ch\/pl\/product\/jeep-safari-im-minneriya-nationalpark-der-groesste-treffpunkt-asiatischer-elefanten\/","title":{"rendered":"Jeep Safari w Parku Narodowym Minneriya - najwi\u0119kszym miejscu spotka\u0144 s\u0142oni azjatyckich"},"content":{"rendered":"<div class=\"vc_row wpb_row vc_row-fluid\"><div class=\"wpb_column vc_column_container vc_col-sm-6\"><div class=\"vc_column-inner\"><div class=\"wpb_wrapper\"><div class=\"wpb_gmaps_widget wpb_content_element\"><div class=\"wpb_wrapper\"><div class=\"wpb_map_wraper\"><iframe src=\"https:\/\/www.google.com\/maps\/embed?pb=!1m18!1m12!1m3!1d1011371.1836970495!2d80.2641492339589!3d8.033053994215525!2m3!1f0!2f0!3f0!3m2!1i1024!2i768!4f13.1!3m3!1m2!1s0x3afb5ffd0f1d29d3%3A0x8c8f30b1807a7102!2sMinneriya%20National%20Safari%20Park!5e0!3m2!1sen!2sch!4v1618773823408!5m2!1sen!2sch\" width=\"600\" height=\"450\" style=\"border:0;\" allowfullscreen=\"\" loading=\"lazy\"><\/iframe><\/div><\/div><\/div><\/div><\/div><\/div><div class=\"wpb_column vc_column_container vc_col-sm-6\"><div class=\"vc_column-inner\"><div class=\"wpb_wrapper\"><\/div><\/div><\/div><\/div>","protected":false},"excerpt":{"rendered":"<p>Park Narodowy Minneriya, po\u0142o\u017cony w centrum popularnego tr\u00f3jk\u0105ta kulturowego Sri Lanki, jest najbardziej znany z ogromnego stada s\u0142oni. W porze suchej, od czerwca do wrze\u015bnia, do 300 s\u0142oni gromadzi si\u0119 wok\u00f3\u0142 staro\u017cytnego zbiornika wodnego Minneriya (datowanego na III wiek n.e.) i korzysta z tego wa\u017cnego \u017ar\u00f3d\u0142a wody. Moment ten jest uwa\u017cany za najwi\u0119ksze na \u015bwiecie zgromadzenie s\u0142oni azjatyckich.<\/p>\n<p>W parku znajduj\u0105 si\u0119 r\u00f3wnie\u017c liczne busze, lasy i tereny podmok\u0142e, a tak\u017ce schronienie makaki grzebieniastej, jeleni sambary, bawo\u0142\u00f3w, krokodyli i gepard\u00f3w. \u0141\u0105cznie w parku narodowym \u017cyj\u0105 24 gatunki ssak\u00f3w, 160 gatunk\u00f3w ptak\u00f3w, 9 gatunk\u00f3w p\u0142az\u00f3w, 25 gatunk\u00f3w gad\u00f3w, 26 gatunk\u00f3w ryb i 75 gatunk\u00f3w motyli.<\/p>","protected":false},"featured_media":1976,"comment_status":"open","ping_status":"closed","template":"","meta":[],"product_brand":[],"product_cat":[55,51,63,53,56],"product_tag":[],"class_list":{"0":"post-1975","1":"product","2":"type-product","3":"status-publish","4":"has-post-thumbnail","6":"product_cat-outdoors","7":"product_cat-natur-landschaften","8":"product_cat-nationalparks","9":"product_cat-pflanzenwelt","10":"product_cat-tierwelt","12":"first","13":"instock","14":"virtual","15":"product-type-simple"},"_links":{"self":[{"href":"https:\/\/www.travel2srilanka.ch\/pl\/wp-json\/wp\/v2\/product\/1975","targetHints":{"allow":["GET"]}}],"collection":[{"href":"https:\/\/www.travel2srilanka.ch\/pl\/wp-json\/wp\/v2\/product"}],"about":[{"href":"https:\/\/www.travel2srilanka.ch\/pl\/wp-json\/wp\/v2\/types\/product"}],"replies":[{"embeddable":true,"href":"https:\/\/www.travel2srilanka.ch\/pl\/wp-json\/wp\/v2\/comments?post=1975"}],"wp:featuredmedia":[{"embeddable":true,"href":"https:\/\/www.travel2srilanka.ch\/pl\/wp-json\/wp\/v2\/media\/1976"}],"wp:attachment":[{"href":"https:\/\/www.travel2srilanka.ch\/pl\/wp-json\/wp\/v2\/media?parent=1975"}],"wp:term":[{"taxonomy":"product_brand","embeddable":true,"href":"https:\/\/www.travel2srilanka.ch\/pl\/wp-json\/wp\/v2\/product_brand?post=1975"},{"taxonomy":"product_cat","embeddable":true,"href":"https:\/\/www.travel2srilanka.ch\/pl\/wp-json\/wp\/v2\/product_cat?post=1975"},{"taxonomy":"product_tag","embeddable":true,"href":"https:\/\/www.travel2srilanka.ch\/pl\/wp-json\/wp\/v2\/product_tag?post=1975"}],"curies":[{"name":"wp","href":"https:\/\/api.w.org\/{rel}","templated":true}]}}