{"id":1986,"date":"2021-04-18T21:27:09","date_gmt":"2021-04-18T19:27:09","guid":{"rendered":"https:\/\/www.travel2srilanka.ch\/?post_type=product&#038;p=1986"},"modified":"2022-07-24T15:52:31","modified_gmt":"2022-07-24T13:52:31","slug":"jeep-safari-im-udawalawe-nationalpark-das-elefantenparadies","status":"publish","type":"product","link":"https:\/\/www.travel2srilanka.ch\/pl\/product\/jeep-safari-im-udawalawe-nationalpark-das-elefantenparadies\/","title":{"rendered":"Jeep Safari w Parku Narodowym Udawalawe - raju dla s\u0142oni"},"content":{"rendered":"<div class=\"vc_row wpb_row vc_row-fluid\"><div class=\"wpb_column vc_column_container vc_col-sm-6\"><div class=\"vc_column-inner\"><div class=\"wpb_wrapper\"><div class=\"wpb_gmaps_widget wpb_content_element\"><div class=\"wpb_wrapper\"><div class=\"wpb_map_wraper\"><iframe src=\"https:\/\/www.google.com\/maps\/embed?pb=!1m18!1m12!1m3!1d1014952.122916536!2d80.32826573394924!3d6.438113295342097!2m3!1f0!2f0!3f0!3m2!1i1024!2i768!4f13.1!3m3!1m2!1s0x3ae408ff88887e79%3A0xaf12e79ffbd980d7!2sUdawalawe%20National%20Park%20Safari!5e0!3m2!1sen!2sch!4v1618774198994!5m2!1sen!2sch\" width=\"600\" height=\"450\" style=\"border:0;\" allowfullscreen=\"\" loading=\"lazy\"><\/iframe><\/div><\/div><\/div><\/div><\/div><\/div><div class=\"wpb_column vc_column_container vc_col-sm-6\"><div class=\"vc_column-inner\"><div class=\"wpb_wrapper\"><\/div><\/div><\/div><\/div>","protected":false},"excerpt":{"rendered":"<p>Wybierz si\u0119 na jeep safari do Parku Narodowego Udawalawe, znanego z du\u017cych stad s\u0142oni.<\/p>\n<p>Park Narodowy Udawalawe zosta\u0142 utworzony 30 czerwca 1972 r. jako pi\u0105ty park narodowy Sri Lanki. Jedn\u0105 z najbardziej atrakcyjnych atrakcji parku s\u0105 liczne  tam stada s\u0142oni. Rano i po po\u0142udniu istnieje du\u017ca szansa na zobaczenie tych wspania\u0142ych zwierz\u0105t w ich naturalnym \u015brodowisku. Ca\u0142e stada s\u0142oni mo\u017cna czasem spotka\u0107 w pobli\u017cu rzek i zbiornika Udawalawe.<\/p>\n<p>Idealnym sezonem na odwiedzenie Udawalawe jest regionalna pora sucha, kt\u00f3ra trwa od maja do wrze\u015bnia.<\/p>","protected":false},"featured_media":3485,"comment_status":"open","ping_status":"closed","template":"","meta":[],"product_brand":[],"product_cat":[55,51,63,53,56],"product_tag":[],"class_list":{"0":"post-1986","1":"product","2":"type-product","3":"status-publish","4":"has-post-thumbnail","6":"product_cat-outdoors","7":"product_cat-natur-landschaften","8":"product_cat-nationalparks","9":"product_cat-pflanzenwelt","10":"product_cat-tierwelt","12":"first","13":"instock","14":"virtual","15":"product-type-simple"},"_links":{"self":[{"href":"https:\/\/www.travel2srilanka.ch\/pl\/wp-json\/wp\/v2\/product\/1986","targetHints":{"allow":["GET"]}}],"collection":[{"href":"https:\/\/www.travel2srilanka.ch\/pl\/wp-json\/wp\/v2\/product"}],"about":[{"href":"https:\/\/www.travel2srilanka.ch\/pl\/wp-json\/wp\/v2\/types\/product"}],"replies":[{"embeddable":true,"href":"https:\/\/www.travel2srilanka.ch\/pl\/wp-json\/wp\/v2\/comments?post=1986"}],"wp:featuredmedia":[{"embeddable":true,"href":"https:\/\/www.travel2srilanka.ch\/pl\/wp-json\/wp\/v2\/media\/3485"}],"wp:attachment":[{"href":"https:\/\/www.travel2srilanka.ch\/pl\/wp-json\/wp\/v2\/media?parent=1986"}],"wp:term":[{"taxonomy":"product_brand","embeddable":true,"href":"https:\/\/www.travel2srilanka.ch\/pl\/wp-json\/wp\/v2\/product_brand?post=1986"},{"taxonomy":"product_cat","embeddable":true,"href":"https:\/\/www.travel2srilanka.ch\/pl\/wp-json\/wp\/v2\/product_cat?post=1986"},{"taxonomy":"product_tag","embeddable":true,"href":"https:\/\/www.travel2srilanka.ch\/pl\/wp-json\/wp\/v2\/product_tag?post=1986"}],"curies":[{"name":"wp","href":"https:\/\/api.w.org\/{rel}","templated":true}]}}