{"id":2006,"date":"2021-04-18T21:35:11","date_gmt":"2021-04-18T19:35:11","guid":{"rendered":"https:\/\/www.travel2srilanka.ch\/?post_type=product&#038;p=2006"},"modified":"2022-04-02T02:11:24","modified_gmt":"2022-04-02T00:11:24","slug":"traditionelle-kandyan-tanzshow-mit-feuerlaeufern","status":"publish","type":"product","link":"https:\/\/www.travel2srilanka.ch\/pl\/product\/traditionelle-kandyan-tanzshow-mit-feuerlaeufern\/","title":{"rendered":"Pokaz tradycyjnego ta\u0144ca kandyjskiego z udzia\u0142em ognia"},"content":{"rendered":"<div class=\"vc_row wpb_row vc_row-fluid\"><div class=\"wpb_column vc_column_container vc_col-sm-6\"><div class=\"vc_column-inner\"><div class=\"wpb_wrapper\"><div class=\"wpb_gmaps_widget wpb_content_element\"><div class=\"wpb_wrapper\"><div class=\"wpb_map_wraper\"><iframe src=\"https:\/\/www.google.com\/maps\/embed?pb=!1m18!1m12!1m3!1d1013132.6333938803!2d80.08208433395417!3d7.292001894736929!2m3!1f0!2f0!3f0!3m2!1i1024!2i768!4f13.1!3m3!1m2!1s0x3ae367b7edd6cd45%3A0x3725fe8aa212dbe0!2sKandyan%20Cultural%20Centre!5e0!3m2!1sen!2sch!4v1618774739642!5m2!1sen!2sch\" width=\"600\" height=\"450\" style=\"border:0;\" allowfullscreen=\"\" loading=\"lazy\"><\/iframe><\/div><\/div><\/div><\/div><\/div><\/div><div class=\"wpb_column vc_column_container vc_col-sm-6\"><div class=\"vc_column-inner\"><div class=\"wpb_wrapper\">\n\t<div class=\"wpb_text_column wpb_content_element\" >\n\t\t<div class=\"wpb_wrapper\">\n\t\t\t<p>Arty\u015bci i rzemie\u015blnicy w Kr\u00f3lestwie Kandy byli bardzo dobrze zorganizowani i przekazywali swoj\u0105 wiedz\u0119 i umiej\u0119tno\u015bci z pokolenia na pokolenie. Nawet ma\u0142\u017ce\u0144stwa odbywa\u0142y si\u0119 w obr\u0119bie tej samej grupy, tak \u017ce rzemios\u0142o by\u0142o \u015bci\u015ble strze\u017cone. Wszystkie te \"gildie \" - stowarzyszenia dzia\u0142a\u0142y pod patronatem kr\u00f3la. Kiedy po Konwencji Kandyjskiej z 1815 r. kr\u00f3lestwo sta\u0142o si\u0119 protektoratem Imperium Brytyjskiego, wi\u0119kszo\u015b\u0107 artyst\u00f3w i rzemie\u015blnik\u00f3w straci\u0142a \u017ar\u00f3d\u0142o utrzymania, nie maj\u0105c praw kr\u00f3lewskich. Gildie zosta\u0142y rozwi\u0105zane, a tylko kilka rodzin kontynuowa\u0142o swoje rzemios\u0142o.<\/p>\n<p>Stowarzyszenie Sztuki Kandyan zosta\u0142o za\u0142o\u017cone w 1882 roku przez przedstawiciela rz\u0105du brytyjskiego na Prowincj\u0119 Centraln\u0105 w celu zjednoczenia tradycyjnych artyst\u00f3w i rzemie\u015blnik\u00f3w w Kandy.<\/p>\n\n\t\t<\/div>\n\t<\/div>\n<\/div><\/div><\/div><\/div>","protected":false},"excerpt":{"rendered":"<p>We\u017a udzia\u0142 w Kandyan Cultural Show w Kandyan Arts &amp; Cultural Centre i podziwiaj imponuj\u0105ce wyst\u0119py pe\u0142nych gracji i rytmu tancerzy i b\u0119bniarzy, zako\u0144czone pokazem chodzenia po ogniu.<\/p>\n<p>Kandyan Art Association to stowarzyszenie za\u0142o\u017cone w 1882 roku w celu o\u017cywienia tradycyjnych kandyjskich sztuk i rzemios\u0142 (takich jak tkactwo, rze\u017aba w drewnie, malarstwo, jubilerstwo, muzyka i taniec) oraz wspierania tradycyjnych rzemie\u015blnik\u00f3w poprzez zapewnienie im rynku zbytu.<\/p>","protected":false},"featured_media":2964,"comment_status":"open","ping_status":"closed","template":"","meta":[],"product_brand":[],"product_cat":[50,62],"product_tag":[],"class_list":{"0":"post-2006","1":"product","2":"type-product","3":"status-publish","4":"has-post-thumbnail","6":"product_cat-kultur","7":"product_cat-menschen-begegnungen","9":"first","10":"instock","11":"virtual","12":"product-type-simple"},"_links":{"self":[{"href":"https:\/\/www.travel2srilanka.ch\/pl\/wp-json\/wp\/v2\/product\/2006","targetHints":{"allow":["GET"]}}],"collection":[{"href":"https:\/\/www.travel2srilanka.ch\/pl\/wp-json\/wp\/v2\/product"}],"about":[{"href":"https:\/\/www.travel2srilanka.ch\/pl\/wp-json\/wp\/v2\/types\/product"}],"replies":[{"embeddable":true,"href":"https:\/\/www.travel2srilanka.ch\/pl\/wp-json\/wp\/v2\/comments?post=2006"}],"wp:featuredmedia":[{"embeddable":true,"href":"https:\/\/www.travel2srilanka.ch\/pl\/wp-json\/wp\/v2\/media\/2964"}],"wp:attachment":[{"href":"https:\/\/www.travel2srilanka.ch\/pl\/wp-json\/wp\/v2\/media?parent=2006"}],"wp:term":[{"taxonomy":"product_brand","embeddable":true,"href":"https:\/\/www.travel2srilanka.ch\/pl\/wp-json\/wp\/v2\/product_brand?post=2006"},{"taxonomy":"product_cat","embeddable":true,"href":"https:\/\/www.travel2srilanka.ch\/pl\/wp-json\/wp\/v2\/product_cat?post=2006"},{"taxonomy":"product_tag","embeddable":true,"href":"https:\/\/www.travel2srilanka.ch\/pl\/wp-json\/wp\/v2\/product_tag?post=2006"}],"curies":[{"name":"wp","href":"https:\/\/api.w.org\/{rel}","templated":true}]}}