{"id":2010,"date":"2021-04-19T20:22:03","date_gmt":"2021-04-19T18:22:03","guid":{"rendered":"https:\/\/www.travel2srilanka.ch\/?post_type=product&#038;p=2010"},"modified":"2021-04-19T20:27:38","modified_gmt":"2021-04-19T18:27:38","slug":"kanufahrt-auf-dem-fluss-gemuetlich-flussabwaerts","status":"publish","type":"product","link":"https:\/\/www.travel2srilanka.ch\/pl\/product\/kanufahrt-auf-dem-fluss-gemuetlich-flussabwaerts\/","title":{"rendered":"Sp\u0142yw kajakowy rzek\u0105 - spokojny sp\u0142yw w d\u00f3\u0142 rzeki"},"content":{"rendered":"<div class=\"vc_row wpb_row vc_row-fluid\"><div class=\"wpb_column vc_column_container vc_col-sm-6\"><div class=\"vc_column-inner\"><div class=\"wpb_wrapper\"><div class=\"wpb_gmaps_widget wpb_content_element\"><div class=\"wpb_wrapper\"><div class=\"wpb_map_wraper\"><iframe src=\"https:\/\/www.google.com\/maps\/embed?pb=!1m18!1m12!1m3!1d1014345.0309315125!2d79.71197223395083!3d6.735009995131234!2m3!1f0!2f0!3f0!3m2!1i1024!2i768!4f13.1!3m3!1m2!1s0x0%3A0x0!2zNsKwNDQnMDYuMCJOIDgwwrAxNicyMC4yIkU!5e0!3m2!1sen!2sch!4v1618856807703!5m2!1sen!2sch\" width=\"600\" height=\"450\" style=\"border:0;\" allowfullscreen=\"\" loading=\"lazy\"><\/iframe><\/div><\/div><\/div><\/div><\/div><\/div><div class=\"wpb_column vc_column_container vc_col-sm-6\"><div class=\"vc_column-inner\"><div class=\"wpb_wrapper\"><\/div><\/div><\/div><\/div>","protected":false},"excerpt":{"rendered":"<p>Wybierz si\u0119 na wycieczk\u0119 kajakiem po rzece Kaluganga i podziwiaj bujn\u0105, nieska\u017con\u0105 przyrod\u0119, proste \u017cycie wiejskie i inne panoramy po obu stronach brzegu. Podr\u00f3\u017c prowadzi przez spokojne wody w\u015br\u00f3d r\u00f3\u017cnorodnych gatunk\u00f3w ptak\u00f3w. Jest to przygoda pe\u0142na zabawy dla amator\u00f3w i zaawansowanych kajakarzy.<\/p>","protected":false},"featured_media":2011,"comment_status":"open","ping_status":"closed","template":"","meta":[],"product_brand":[],"product_cat":[55,51,53,65,62,64],"product_tag":[],"class_list":{"0":"post-2010","1":"product","2":"type-product","3":"status-publish","4":"has-post-thumbnail","6":"product_cat-outdoors","7":"product_cat-natur-landschaften","8":"product_cat-pflanzenwelt","9":"product_cat-abenteuer","10":"product_cat-menschen-begegnungen","11":"product_cat-sport","13":"first","14":"instock","15":"virtual","16":"product-type-simple"},"_links":{"self":[{"href":"https:\/\/www.travel2srilanka.ch\/pl\/wp-json\/wp\/v2\/product\/2010","targetHints":{"allow":["GET"]}}],"collection":[{"href":"https:\/\/www.travel2srilanka.ch\/pl\/wp-json\/wp\/v2\/product"}],"about":[{"href":"https:\/\/www.travel2srilanka.ch\/pl\/wp-json\/wp\/v2\/types\/product"}],"replies":[{"embeddable":true,"href":"https:\/\/www.travel2srilanka.ch\/pl\/wp-json\/wp\/v2\/comments?post=2010"}],"wp:featuredmedia":[{"embeddable":true,"href":"https:\/\/www.travel2srilanka.ch\/pl\/wp-json\/wp\/v2\/media\/2011"}],"wp:attachment":[{"href":"https:\/\/www.travel2srilanka.ch\/pl\/wp-json\/wp\/v2\/media?parent=2010"}],"wp:term":[{"taxonomy":"product_brand","embeddable":true,"href":"https:\/\/www.travel2srilanka.ch\/pl\/wp-json\/wp\/v2\/product_brand?post=2010"},{"taxonomy":"product_cat","embeddable":true,"href":"https:\/\/www.travel2srilanka.ch\/pl\/wp-json\/wp\/v2\/product_cat?post=2010"},{"taxonomy":"product_tag","embeddable":true,"href":"https:\/\/www.travel2srilanka.ch\/pl\/wp-json\/wp\/v2\/product_tag?post=2010"}],"curies":[{"name":"wp","href":"https:\/\/api.w.org\/{rel}","templated":true}]}}