{"id":2013,"date":"2021-04-19T20:28:26","date_gmt":"2021-04-19T18:28:26","guid":{"rendered":"https:\/\/www.travel2srilanka.ch\/?post_type=product&#038;p=2013"},"modified":"2022-07-23T02:10:53","modified_gmt":"2022-07-23T00:10:53","slug":"nine-arch-bridge-der-insta-hotspot-schlechthin","status":"publish","type":"product","link":"https:\/\/www.travel2srilanka.ch\/pl\/product\/nine-arch-bridge-der-insta-hotspot-schlechthin\/","title":{"rendered":"Nine Arch Bridge - Hotspot na instagramie"},"content":{"rendered":"<div class=\"vc_row wpb_row vc_row-fluid\"><div class=\"wpb_column vc_column_container vc_col-sm-6\"><div class=\"vc_column-inner\"><div class=\"wpb_wrapper\"><div class=\"wpb_gmaps_widget wpb_content_element\"><div class=\"wpb_wrapper\"><div class=\"wpb_map_wraper\"><iframe src=\"https:\/\/www.google.com\/maps\/embed?pb=!1m18!1m12!1m3!1d1014045.4569258712!2d80.50054373395159!3d6.8768150950306675!2m3!1f0!2f0!3f0!3m2!1i1024!2i768!4f13.1!3m3!1m2!1s0x3ae465cc4e6b3ceb%3A0x71f8fd744e280558!2sNine%20Arches%20Bridge%2C%20Ella%2C%20Sri%20Lanka!5e0!3m2!1sen!2sch!4v1618857087697!5m2!1sen!2sch\" width=\"600\" height=\"450\" style=\"border:0;\" allowfullscreen=\"\" loading=\"lazy\"><\/iframe><\/div><\/div><\/div><\/div><\/div><\/div><div class=\"wpb_column vc_column_container vc_col-sm-6\"><div class=\"vc_column-inner\"><div class=\"wpb_wrapper\"><\/div><\/div><\/div><\/div>","protected":false},"excerpt":{"rendered":"<p>Nieco dalej od Elli znajduje si\u0119 most Nine Arch Bridge, kt\u00f3ry jest dodatkowo (nie bez przyczyny!) zaznaczony jako Instagram-Hotspot.<\/p>\n<p>Wielu mo\u017ce dziwi\u0107 fakt, \u017ce most mo\u017ce sta\u0107 si\u0119 tak popularn\u0105 atrakcj\u0105 turystyczn\u0105. Most Nine Arch Bridge, przecinaj\u0105cy zielone wzg\u00f3rza pomi\u0119dzy stacjami kolejowymi Ella i Demodara, jest nie tylko pi\u0119kny, ale tak\u017ce stanowi jeden z najlepszych przyk\u0142ad\u00f3w budownictwa z epoki kolonialnej i jest niesamowitym osi\u0105gni\u0119ciem architektonicznym.<\/p>\n<p>Plotka g\u0142osi, \u017ce gdy rozpocz\u0119to budow\u0119 mostu, wybuch\u0142a I wojna \u015bwiatowa mi\u0119dzy mocarstwami europejskimi, a stal przeznaczona na budow\u0119 zosta\u0142a przetransportowana do brytyjskich projekt\u00f3w wojennych na froncie. W rezultacie prace zosta\u0142y wstrzymane, co sk\u0142oni\u0142o miejscowych do doko\u0144czenia budowy mostu do 1921 r. przy u\u017cyciu kamiennych blok\u00f3w i cementu, ale bez stali. Do dzi\u015b most o d\u0142ugo\u015bci 91 m i wysoko\u015bci 24 m jest ca\u0142kowicie pozbawiony stalowych d\u017awigar\u00f3w i uwa\u017cany jest za wyj\u0105tkowo dobry przyk\u0142ad ludzkiej pomys\u0142owo\u015bci.<\/p>\n<p>Obecnie most cieszy si\u0119 popularno\u015bci\u0105 zar\u00f3wno w\u015br\u00f3d turyst\u00f3w, jak i mieszka\u0144c\u00f3w, kt\u00f3rzy przyje\u017cd\u017caj\u0105 tu z daleka, aby zobaczy\u0107 s\u0142ynny niebieski poci\u0105g, powoli wij\u0105cy si\u0119 po mo\u015bcie.<\/p>","protected":false},"featured_media":2014,"comment_status":"open","ping_status":"closed","template":"","meta":[],"product_brand":[],"product_cat":[50,55,51,60,61],"product_tag":[],"class_list":{"0":"post-2013","1":"product","2":"type-product","3":"status-publish","4":"has-post-thumbnail","6":"product_cat-kultur","7":"product_cat-outdoors","8":"product_cat-natur-landschaften","9":"product_cat-berge","10":"product_cat-instagram-hotspots","12":"first","13":"instock","14":"virtual","15":"product-type-simple"},"_links":{"self":[{"href":"https:\/\/www.travel2srilanka.ch\/pl\/wp-json\/wp\/v2\/product\/2013","targetHints":{"allow":["GET"]}}],"collection":[{"href":"https:\/\/www.travel2srilanka.ch\/pl\/wp-json\/wp\/v2\/product"}],"about":[{"href":"https:\/\/www.travel2srilanka.ch\/pl\/wp-json\/wp\/v2\/types\/product"}],"replies":[{"embeddable":true,"href":"https:\/\/www.travel2srilanka.ch\/pl\/wp-json\/wp\/v2\/comments?post=2013"}],"wp:featuredmedia":[{"embeddable":true,"href":"https:\/\/www.travel2srilanka.ch\/pl\/wp-json\/wp\/v2\/media\/2014"}],"wp:attachment":[{"href":"https:\/\/www.travel2srilanka.ch\/pl\/wp-json\/wp\/v2\/media?parent=2013"}],"wp:term":[{"taxonomy":"product_brand","embeddable":true,"href":"https:\/\/www.travel2srilanka.ch\/pl\/wp-json\/wp\/v2\/product_brand?post=2013"},{"taxonomy":"product_cat","embeddable":true,"href":"https:\/\/www.travel2srilanka.ch\/pl\/wp-json\/wp\/v2\/product_cat?post=2013"},{"taxonomy":"product_tag","embeddable":true,"href":"https:\/\/www.travel2srilanka.ch\/pl\/wp-json\/wp\/v2\/product_tag?post=2013"}],"curies":[{"name":"wp","href":"https:\/\/api.w.org\/{rel}","templated":true}]}}