{"id":2034,"date":"2021-04-19T20:47:30","date_gmt":"2021-04-19T18:47:30","guid":{"rendered":"https:\/\/www.travel2srilanka.ch\/?post_type=product&#038;p=2034"},"modified":"2021-04-19T21:13:04","modified_gmt":"2021-04-19T19:13:04","slug":"nuwara-eliya-golf-club-geniesse-die-frische-bergluft","status":"publish","type":"product","link":"https:\/\/www.travel2srilanka.ch\/pl\/product\/nuwara-eliya-golf-club-geniesse-die-frische-bergluft\/","title":{"rendered":"Nuwara Eliya Golf Club - \u015bwie\u017ce, g\u00f3rskie powietrze"},"content":{"rendered":"<div class=\"vc_row wpb_row vc_row-fluid\"><div class=\"wpb_column vc_column_container vc_col-sm-6\"><div class=\"vc_column-inner\"><div class=\"wpb_wrapper\"><div class=\"wpb_gmaps_widget wpb_content_element\"><div class=\"wpb_wrapper\"><div class=\"wpb_map_wraper\"><iframe src=\"https:\/\/www.google.com\/maps\/embed?pb=!1m18!1m12!1m3!1d1013841.4565809845!2d80.20542793395217!3d6.971736994963373!2m3!1f0!2f0!3f0!3m2!1i1024!2i768!4f13.1!3m3!1m2!1s0x3ae381b2ed41bd67%3A0x210439c71d5fbf76!2sNuwara%20Eliya%20Golf%20Club!5e0!3m2!1sen!2sch!4v1618858822406!5m2!1sen!2sch\" width=\"600\" height=\"450\" style=\"border:0;\" allowfullscreen=\"\" loading=\"lazy\"><\/iframe><\/div><\/div><\/div><\/div><\/div><\/div><div class=\"wpb_column vc_column_container vc_col-sm-6\"><div class=\"vc_column-inner\"><div class=\"wpb_wrapper\">\n\t<div class=\"wpb_text_column wpb_content_element\" >\n\t\t<div class=\"wpb_wrapper\">\n\t\t\t<p>Powsta\u0142 on g\u0142\u00f3wnie z my\u015bl\u0105 o rekreacji i wypoczynku brytyjskich wojskowych i urz\u0119dnik\u00f3w pa\u0144stwowych w okresie kolonialnym, a p\u00f3\u017aniej s\u0142u\u017cy\u0142 tak\u017ce rolnikom, kt\u00f3rzy uprawiali ziemi\u0119 wok\u00f3\u0142 Nuwara Eliya pod upraw\u0119 herbaty. Do dzi\u015b kultywuje niekt\u00f3re zwyczaje i tradycje z kolonialnej przesz\u0142o\u015bci Sri Lanki. Ta osobliwa mieszanka uroku starego \u015bwiata z nowoczesnymi rozwi\u0105zaniami nadaje klubowi szczeg\u00f3ln\u0105 aur\u0119 i urok.<\/p>\n<p>Nuwara Eliya, podobnie jak Sri Lanka, jest znana na ca\u0142ym \u015bwiecie z wysokiej jako\u015bci czarnej herbaty, uprawianej i produkowanej na plantacjach otaczaj\u0105cych klub golfowy. Mimo \u017ce klub znajduje si\u0119 blisko miasta, wci\u0105\u017c zachowuje atmosfer\u0119 ekskluzywno\u015bci, tak \u017ce wchodz\u0105c do \u015brodka, przenosisz si\u0119 do \u015bwiata pisanego przez up\u0142yw historii.<\/p>\n\n\t\t<\/div>\n\t<\/div>\n<\/div><\/div><\/div><\/div><div class=\"vc_row wpb_row vc_row-fluid\"><div class=\"wpb_column vc_column_container vc_col-sm-12\"><div class=\"vc_column-inner\"><div class=\"wpb_wrapper\">\n\t<div class=\"wpb_video_widget wpb_content_element vc_clearfix   vc_video-aspect-ratio-169 vc_video-el-width-100 vc_video-align-left\" >\n\t\t<div class=\"wpb_wrapper\">\n\t\t\t\n\t\t\t<div class=\"wpb_video_wrapper\"><iframe loading=\"lazy\" title=\"Nuwara Eliya Golf Club\" width=\"1180\" height=\"664\" src=\"https:\/\/www.youtube.com\/embed\/f9BVrzCWlBA?feature=oembed\" frameborder=\"0\" allow=\"accelerometer; autoplay; clipboard-write; encrypted-media; gyroscope; picture-in-picture\" allowfullscreen><\/iframe><\/div>\n\t\t<\/div>\n\t<\/div>\n<\/div><\/div><\/div><\/div>","protected":false},"excerpt":{"rendered":"<p>Zapomnij o codziennej rutynie, graj\u0105c w golfa w \u015bwie\u017cym g\u00f3rskim powietrzu na wysoko\u015bci ponad 2000 m n.p.m. w Nuwara Eliya.<\/p>\n<p>Klub golfowy Nuwara Eliya Golf Club, za\u0142o\u017cony w 1889 roku, jest jednym z najstarszych klub\u00f3w golfowych w Azji i prawdopodobnie na \u015bwiecie. Klub jest uwa\u017cany za instytucj\u0119 przesi\u0105kni\u0119t\u0105 tradycj\u0105 i histori\u0105, oferuj\u0105c\u0105 atmosfer\u0119, kt\u00f3ra nie ma sobie r\u00f3wnych w ca\u0142ym kraju.<\/p>\n<p>18-do\u0142kowe pole sk\u0142ada si\u0119 z d\u0142ugich, w\u0105skich fairway'\u00f3w, otoczonych rz\u0119dami strzelistych eukaliptus\u00f3w, eleganckich cyprys\u00f3w i g\u0119stych zaro\u015bli akacji. Teren, na kt\u00f3rym znajduj\u0105 si\u0119 rozleg\u0142e doliny i wzg\u00f3rza oraz liczne przeszkody wodne, stawia przed wymagaj\u0105cymi golfistami wiele stymuluj\u0105cych wyzwa\u0144. Jednak pomimo naturalnych przeszk\u00f3d, pole golfowe jest atrakcyjne zar\u00f3wno dla zwyk\u0142ych golfist\u00f3w, jak i zapalonych amator\u00f3w. Mile widziani s\u0105 golfi\u015bci w ka\u017cdym wieku i na ka\u017cdym poziomie umiej\u0119tno\u015bci.<\/p>","protected":false},"featured_media":2035,"comment_status":"open","ping_status":"closed","template":"","meta":[],"product_brand":[],"product_cat":[50,55,60,64],"product_tag":[],"class_list":{"0":"post-2034","1":"product","2":"type-product","3":"status-publish","4":"has-post-thumbnail","6":"product_cat-kultur","7":"product_cat-outdoors","8":"product_cat-berge","9":"product_cat-sport","11":"first","12":"instock","13":"virtual","14":"product-type-simple"},"_links":{"self":[{"href":"https:\/\/www.travel2srilanka.ch\/pl\/wp-json\/wp\/v2\/product\/2034","targetHints":{"allow":["GET"]}}],"collection":[{"href":"https:\/\/www.travel2srilanka.ch\/pl\/wp-json\/wp\/v2\/product"}],"about":[{"href":"https:\/\/www.travel2srilanka.ch\/pl\/wp-json\/wp\/v2\/types\/product"}],"replies":[{"embeddable":true,"href":"https:\/\/www.travel2srilanka.ch\/pl\/wp-json\/wp\/v2\/comments?post=2034"}],"wp:featuredmedia":[{"embeddable":true,"href":"https:\/\/www.travel2srilanka.ch\/pl\/wp-json\/wp\/v2\/media\/2035"}],"wp:attachment":[{"href":"https:\/\/www.travel2srilanka.ch\/pl\/wp-json\/wp\/v2\/media?parent=2034"}],"wp:term":[{"taxonomy":"product_brand","embeddable":true,"href":"https:\/\/www.travel2srilanka.ch\/pl\/wp-json\/wp\/v2\/product_brand?post=2034"},{"taxonomy":"product_cat","embeddable":true,"href":"https:\/\/www.travel2srilanka.ch\/pl\/wp-json\/wp\/v2\/product_cat?post=2034"},{"taxonomy":"product_tag","embeddable":true,"href":"https:\/\/www.travel2srilanka.ch\/pl\/wp-json\/wp\/v2\/product_tag?post=2034"}],"curies":[{"name":"wp","href":"https:\/\/api.w.org\/{rel}","templated":true}]}}