{"id":2045,"date":"2021-04-19T21:35:07","date_gmt":"2021-04-19T19:35:07","guid":{"rendered":"https:\/\/www.travel2srilanka.ch\/?post_type=product&#038;p=2045"},"modified":"2021-04-19T21:39:48","modified_gmt":"2021-04-19T19:39:48","slug":"wildwasser-rafting","status":"publish","type":"product","link":"https:\/\/www.travel2srilanka.ch\/pl\/product\/wildwasser-rafting\/","title":{"rendered":"Rafting"},"content":{"rendered":"<div class=\"vc_row wpb_row vc_row-fluid\"><div class=\"wpb_column vc_column_container vc_col-sm-6\"><div class=\"vc_column-inner\"><div class=\"wpb_wrapper\"><div class=\"wpb_gmaps_widget wpb_content_element\"><div class=\"wpb_wrapper\"><div class=\"wpb_map_wraper\"><iframe src=\"https:\/\/www.google.com\/maps\/embed?pb=!1m18!1m12!1m3!1d1013798.5012676165!2d79.85961904342463!3d6.991560769189297!2m3!1f0!2f0!3f0!3m2!1i1024!2i768!4f13.1!3m3!1m2!1s0x3ae3a01d4b2a337b%3A0x54abb9abd813b04a!2sKitulgala%2C%20Sri%20Lanka!5e0!3m2!1sen!2sch!4v1618861126462!5m2!1sen!2sch\" width=\"600\" height=\"450\" style=\"border:0;\" allowfullscreen=\"\" loading=\"lazy\"><\/iframe><\/div><\/div><\/div><\/div><\/div><\/div><div class=\"wpb_column vc_column_container vc_col-sm-6\"><div class=\"vc_column-inner\"><div class=\"wpb_wrapper\"><\/div><\/div><\/div><\/div>","protected":false},"excerpt":{"rendered":"<p>Masz okazj\u0119 prze\u017cy\u0107 White Water Rafting w malowniczej rzece Kelani, pokonuj\u0105c 5 g\u0142\u00f3wnych i 4 mniejsze rw\u0105ce potoki. Ta atrakcja jest przeznaczona dla os\u00f3b powy\u017cej 10 roku \u017cycia.<\/p>\n<p>Instruktorzy posiadaj\u0105 sprz\u0119t asekuracyjny, nowoczesne tratwy oraz przeprowadz\u0105 przed sp\u0142ywem wyczerpuj\u0105c\u0105 instrukcj\u0119 bezpiecze\u0144stwa. Dystans sp\u0142ywu wynosi oko\u0142o 5 km.<\/p>","protected":false},"featured_media":2046,"comment_status":"open","ping_status":"closed","template":"","meta":[],"product_brand":[],"product_cat":[55,51,60,65,64],"product_tag":[],"class_list":{"0":"post-2045","1":"product","2":"type-product","3":"status-publish","4":"has-post-thumbnail","6":"product_cat-outdoors","7":"product_cat-natur-landschaften","8":"product_cat-berge","9":"product_cat-abenteuer","10":"product_cat-sport","12":"first","13":"instock","14":"virtual","15":"product-type-simple"},"_links":{"self":[{"href":"https:\/\/www.travel2srilanka.ch\/pl\/wp-json\/wp\/v2\/product\/2045","targetHints":{"allow":["GET"]}}],"collection":[{"href":"https:\/\/www.travel2srilanka.ch\/pl\/wp-json\/wp\/v2\/product"}],"about":[{"href":"https:\/\/www.travel2srilanka.ch\/pl\/wp-json\/wp\/v2\/types\/product"}],"replies":[{"embeddable":true,"href":"https:\/\/www.travel2srilanka.ch\/pl\/wp-json\/wp\/v2\/comments?post=2045"}],"wp:featuredmedia":[{"embeddable":true,"href":"https:\/\/www.travel2srilanka.ch\/pl\/wp-json\/wp\/v2\/media\/2046"}],"wp:attachment":[{"href":"https:\/\/www.travel2srilanka.ch\/pl\/wp-json\/wp\/v2\/media?parent=2045"}],"wp:term":[{"taxonomy":"product_brand","embeddable":true,"href":"https:\/\/www.travel2srilanka.ch\/pl\/wp-json\/wp\/v2\/product_brand?post=2045"},{"taxonomy":"product_cat","embeddable":true,"href":"https:\/\/www.travel2srilanka.ch\/pl\/wp-json\/wp\/v2\/product_cat?post=2045"},{"taxonomy":"product_tag","embeddable":true,"href":"https:\/\/www.travel2srilanka.ch\/pl\/wp-json\/wp\/v2\/product_tag?post=2045"}],"curies":[{"name":"wp","href":"https:\/\/api.w.org\/{rel}","templated":true}]}}