{"id":2047,"date":"2021-04-19T21:50:24","date_gmt":"2021-04-19T19:50:24","guid":{"rendered":"https:\/\/www.travel2srilanka.ch\/?post_type=product&#038;p=2047"},"modified":"2025-07-05T14:46:50","modified_gmt":"2025-07-05T12:46:50","slug":"worlds-end-wanderung-im-atemberaubenden-horton-plains-nationalpark","status":"publish","type":"product","link":"https:\/\/www.travel2srilanka.ch\/pl\/product\/worlds-end-wanderung-im-atemberaubenden-horton-plains-nationalpark\/","title":{"rendered":"World's End - w\u0119dr\u00f3wka przez zapieraj\u0105cy dech w piersiach Park Narodowy Horton Plains"},"content":{"rendered":"<div class=\"vc_row wpb_row vc_row-fluid\"><div class=\"wpb_column vc_column_container vc_col-sm-6\"><div class=\"vc_column-inner\"><div class=\"wpb_wrapper\"><div class=\"wpb_gmaps_widget wpb_content_element\"><div class=\"wpb_wrapper\"><div class=\"wpb_map_wraper\"><iframe src=\"https:\/\/www.google.com\/maps\/embed?pb=!1m18!1m12!1m3!1d1014204.077815888!2d80.24710183395128!3d6.802097495083609!2m3!1f0!2f0!3f0!3m2!1i1024!2i768!4f13.1!3m3!1m2!1s0x3ae3882edb4b78ef%3A0xcebca89153777249!2sHorton%20Plains%20National%20Park!5e0!3m2!1sen!2sch!4v1618862011112!5m2!1sen!2sch\" width=\"600\" height=\"450\" style=\"border:0;\" allowfullscreen=\"\" loading=\"lazy\"><\/iframe><\/div><\/div><\/div><\/div><\/div><\/div><div class=\"wpb_column vc_column_container vc_col-sm-6\"><div class=\"vc_column-inner\"><div class=\"wpb_wrapper\">\n\t<div class=\"wpb_text_column wpb_content_element\" >\n\t\t<div class=\"wpb_wrapper\">\n\t\t\t<p>R\u00f3wnina Hortona jest znana jako pi\u0119kny obszar trawiastych r\u00f3wnin na wysoko\u015bci od oko\u0142o 2100 do 2300 m n.p.m., otoczona lasami g\u00f3rskimi i chmurami, z kt\u00f3rych wznosz\u0105 si\u0119 szczyty Kirigalpotha i Thotupola - drugi i trzeci co do wysoko\u015bci szczyt g\u00f3rski Sri Lanki. Przez \u015brodek r\u00f3wniny przep\u0142ywa czysty, klarowny strumie\u0144, w kt\u00f3rym kilkadziesi\u0105t lat temu pojawi\u0142y si\u0119 pstr\u0105gi. St\u0105d mo\u017cesz przej\u015b\u0107 do \"Ma\u0142ego i Du\u017cego Ko\u0144ca \u015awiata\", sk\u0105d roztaczaj\u0105 si\u0119 wspania\u0142e widoki na wzg\u00f3rza, kt\u00f3re rozci\u0105gaj\u0105 si\u0119 na nizinie usianej jeziorami.<\/p>\n\n\t\t<\/div>\n\t<\/div>\n<\/div><\/div><\/div><\/div>","protected":false},"excerpt":{"rendered":"<p>Wybierz si\u0119 na piesz\u0105 wycieczk\u0119 z przewodnikiem przez Park Narodowy Horton Plains (ok. 3 godz.) na \"koniec \u015bwiata\", aby podziwia\u0107 zapieraj\u0105ce dech w piersiach widoki i zobaczy\u0107 jelenie Sambhur w ich naturalnym \u015brodowisku. Mo\u017cna tu r\u00f3wnie\u017c zobaczy\u0107 motyle, ma\u0142py nied\u017awiedzie, r\u00f3\u017cne gatunki ptak\u00f3w, orchidee oraz wiele rzadkich drzew i ro\u015blin. Bogactwo r\u00f3\u017cnorodno\u015bci biologicznej jest tu przeogromne.<\/p>","protected":false},"featured_media":2049,"comment_status":"open","ping_status":"closed","template":"","meta":[],"product_brand":[],"product_cat":[55,51,60,63,53,56],"product_tag":[],"class_list":{"0":"post-2047","1":"product","2":"type-product","3":"status-publish","4":"has-post-thumbnail","6":"product_cat-outdoors","7":"product_cat-natur-landschaften","8":"product_cat-berge","9":"product_cat-nationalparks","10":"product_cat-pflanzenwelt","11":"product_cat-tierwelt","13":"first","14":"instock","15":"virtual","16":"product-type-simple"},"_links":{"self":[{"href":"https:\/\/www.travel2srilanka.ch\/pl\/wp-json\/wp\/v2\/product\/2047","targetHints":{"allow":["GET"]}}],"collection":[{"href":"https:\/\/www.travel2srilanka.ch\/pl\/wp-json\/wp\/v2\/product"}],"about":[{"href":"https:\/\/www.travel2srilanka.ch\/pl\/wp-json\/wp\/v2\/types\/product"}],"replies":[{"embeddable":true,"href":"https:\/\/www.travel2srilanka.ch\/pl\/wp-json\/wp\/v2\/comments?post=2047"}],"wp:featuredmedia":[{"embeddable":true,"href":"https:\/\/www.travel2srilanka.ch\/pl\/wp-json\/wp\/v2\/media\/2049"}],"wp:attachment":[{"href":"https:\/\/www.travel2srilanka.ch\/pl\/wp-json\/wp\/v2\/media?parent=2047"}],"wp:term":[{"taxonomy":"product_brand","embeddable":true,"href":"https:\/\/www.travel2srilanka.ch\/pl\/wp-json\/wp\/v2\/product_brand?post=2047"},{"taxonomy":"product_cat","embeddable":true,"href":"https:\/\/www.travel2srilanka.ch\/pl\/wp-json\/wp\/v2\/product_cat?post=2047"},{"taxonomy":"product_tag","embeddable":true,"href":"https:\/\/www.travel2srilanka.ch\/pl\/wp-json\/wp\/v2\/product_tag?post=2047"}],"curies":[{"name":"wp","href":"https:\/\/api.w.org\/{rel}","templated":true}]}}