{"id":2051,"date":"2021-04-19T21:55:59","date_gmt":"2021-04-19T19:55:59","guid":{"rendered":"https:\/\/www.travel2srilanka.ch\/?post_type=product&#038;p=2051"},"modified":"2025-07-05T14:47:12","modified_gmt":"2025-07-05T12:47:12","slug":"zugfahrt-durch-die-hochebenen","status":"publish","type":"product","link":"https:\/\/www.travel2srilanka.ch\/pl\/product\/zugfahrt-durch-die-hochebenen\/","title":{"rendered":"Podr\u00f3\u017c poci\u0105giem przez wy\u017cyny kraju"},"content":{"rendered":"<div class=\"vc_row wpb_row vc_row-fluid\"><div class=\"wpb_column vc_column_container vc_col-sm-6\"><div class=\"vc_column-inner\"><div class=\"wpb_wrapper\"><div class=\"wpb_gmaps_widget wpb_content_element\"><div class=\"wpb_wrapper\"><div class=\"wpb_map_wraper\"><iframe src=\"https:\/\/www.google.com\/maps\/embed?pb=!1m18!1m12!1m3!1d1014047.6757636874!2d80.48680543395163!3d6.8757754950314185!2m3!1f0!2f0!3f0!3m2!1i1024!2i768!4f13.1!3m3!1m2!1s0x3ae465b3ed7aab67%3A0xa5c0659aa3e47484!2sElla%20Railway%20Station!5e0!3m2!1sen!2sch!4v1618862317794!5m2!1sen!2sch\" width=\"600\" height=\"450\" style=\"border:0;\" allowfullscreen=\"\" loading=\"lazy\"><\/iframe><\/div><\/div><\/div><\/div><\/div><\/div><div class=\"wpb_column vc_column_container vc_col-sm-6\"><div class=\"vc_column-inner\"><div class=\"wpb_wrapper\"><\/div><\/div><\/div><\/div>","protected":false},"excerpt":{"rendered":"<p>Wybierz si\u0119 w podr\u00f3\u017c poci\u0105giem z Kandy do Ella lub z Peradeniya do Nanuoya i zachwy\u0107 si\u0119 urzekaj\u0105c\u0105 drog\u0105 przez r\u00f3\u017cnorodne krajobrazy, w tym plantacje herbaty, lasy, doliny i klify.<\/p>\n<p>Przejazd poci\u0105giem przez wy\u017cyny Sri Lanki nie na darmo jest opisywana przez niezliczonych bloger\u00f3w podr\u00f3\u017cniczych jako najpi\u0119kniejsza podr\u00f3\u017c poci\u0105giem na \u015bwiecie. Sama podr\u00f3\u017c jest raczej powolna i wyboista, ale zapieraj\u0105ce dech w piersiach widoki i zobaczenie na w\u0142asne oczy, jak miejscowi wskakuj\u0105 i wysiadaj\u0105 z poci\u0105gu, by sprzedawa\u0107 przek\u0105ski, s\u0105 warte tego do\u015bwiadczenia. W poci\u0105gu wyst\u0119puje podzia\u0142 na 1, 2 i 3 klas\u0119, przy czym z 1 klasy korzystaj\u0105 g\u0142\u00f3wnie tury\u015bci. Na d\u0142u\u017cszych trasach polecamy komfortow\u0105 pierwsz\u0105 klas\u0119, z klimatyzacj\u0105 i zamykanym przedzia\u0142em. Ci, kt\u00f3rzy s\u0105 nieco bardziej odwa\u017cni, mog\u0105 wybra\u0107 klas\u0119 2, gdzie posiada si\u0119 prywatne miejsc\u00f3wki i mo\u017cna otworzy\u0107 okna i drzwi lub klas\u0119 3.<\/p>\n<p>Nieco dalej od Elli znajduje si\u0119 most Nine Arch Bridge, kt\u00f3ry jest dodatkowo (nie bez przyczyny!) zaznaczony jako Instagram-Hotspot.<\/p>","protected":false},"featured_media":3233,"comment_status":"open","ping_status":"closed","template":"","meta":[],"product_brand":[],"product_cat":[50,51,60,53,65,61],"product_tag":[],"class_list":{"0":"post-2051","1":"product","2":"type-product","3":"status-publish","4":"has-post-thumbnail","6":"product_cat-kultur","7":"product_cat-natur-landschaften","8":"product_cat-berge","9":"product_cat-pflanzenwelt","10":"product_cat-abenteuer","11":"product_cat-instagram-hotspots","13":"first","14":"instock","15":"shipping-taxable","16":"product-type-simple"},"_links":{"self":[{"href":"https:\/\/www.travel2srilanka.ch\/pl\/wp-json\/wp\/v2\/product\/2051","targetHints":{"allow":["GET"]}}],"collection":[{"href":"https:\/\/www.travel2srilanka.ch\/pl\/wp-json\/wp\/v2\/product"}],"about":[{"href":"https:\/\/www.travel2srilanka.ch\/pl\/wp-json\/wp\/v2\/types\/product"}],"replies":[{"embeddable":true,"href":"https:\/\/www.travel2srilanka.ch\/pl\/wp-json\/wp\/v2\/comments?post=2051"}],"wp:featuredmedia":[{"embeddable":true,"href":"https:\/\/www.travel2srilanka.ch\/pl\/wp-json\/wp\/v2\/media\/3233"}],"wp:attachment":[{"href":"https:\/\/www.travel2srilanka.ch\/pl\/wp-json\/wp\/v2\/media?parent=2051"}],"wp:term":[{"taxonomy":"product_brand","embeddable":true,"href":"https:\/\/www.travel2srilanka.ch\/pl\/wp-json\/wp\/v2\/product_brand?post=2051"},{"taxonomy":"product_cat","embeddable":true,"href":"https:\/\/www.travel2srilanka.ch\/pl\/wp-json\/wp\/v2\/product_cat?post=2051"},{"taxonomy":"product_tag","embeddable":true,"href":"https:\/\/www.travel2srilanka.ch\/pl\/wp-json\/wp\/v2\/product_tag?post=2051"}],"curies":[{"name":"wp","href":"https:\/\/api.w.org\/{rel}","templated":true}]}}