{"id":2778,"date":"2021-11-22T17:39:10","date_gmt":"2021-11-22T16:39:10","guid":{"rendered":"https:\/\/www.travel2srilanka.ch\/?post_type=product&#038;p=2778"},"modified":"2022-04-04T22:37:29","modified_gmt":"2022-04-04T20:37:29","slug":"surfen","status":"publish","type":"product","link":"https:\/\/www.travel2srilanka.ch\/pl\/product\/surfen\/","title":{"rendered":"Surfing"},"content":{"rendered":"<div class=\"vc_row wpb_row vc_row-fluid\"><div class=\"wpb_column vc_column_container vc_col-sm-6\"><div class=\"vc_column-inner\"><div class=\"wpb_wrapper\"><div class=\"wpb_gmaps_widget wpb_content_element\"><div class=\"wpb_wrapper\"><div class=\"wpb_map_wraper\"><iframe loading=\"lazy\" src=\"https:\/\/www.google.com\/maps\/d\/embed?mid=1puAYqvv9DQhLnJv73Sqqn6PTO_wykwlv\" width=\"640\" height=\"480\"><\/iframe><\/div><\/div><\/div><\/div><\/div><\/div><div class=\"wpb_column vc_column_container vc_col-sm-6\"><div class=\"vc_column-inner\"><div class=\"wpb_wrapper\"><\/div><\/div><\/div><\/div>","protected":false},"excerpt":{"rendered":"<p>Sri Lanka jest znana na ca\u0142ym \u015bwiecie z surfingu i oferuje fale dla wszystkich poziom\u00f3w zaawansowania. Niezale\u017cnie od tego, czy jeste\u015b zapalonym surferem, czy pocz\u0105tkuj\u0105cym, czy wolisz d\u0142ugie piaszczyste pla\u017ce, czy ma\u0142e zatoczki, na Sri Lance ka\u017cdy znajdzie co\u015b dla siebie.<\/p>\n<p>Surferzy przyje\u017cd\u017caj\u0105 na Sri Lank\u0119 przez ca\u0142y rok, poniewa\u017c pory roku sprawiaj\u0105, \u017ce po jednej stronie wyspy zawsze s\u0105 fale i zawsze jest pogoda. Na po\u0142udniu najlepiej jest wybra\u0107 si\u0119 w okresie od listopada do maja, natomiast na wschodnim wybrze\u017cu zaleca si\u0119 okres od kwietnia do pa\u017adziernika, kiedy fale s\u0105 d\u0142u\u017csze. Najpopularniejsze rejony to Unawatuna i Hikkaduwa na po\u0142udniowym zachodzie, Weligama na po\u0142udniu i Arugam Bay na wschodzie.<\/p>\n<p>Na poni\u017cszej mapie zebrali\u015bmy dla Ciebie najlepsze miejsca do surfowania. W zale\u017cno\u015bci od planu podr\u00f3\u017cy i pory roku, oczywi\u015bcie zabierzemy Ci\u0119 na najlepsz\u0105 i najbardziej odpowiedni\u0105 pla\u017c\u0119.<\/p>","protected":false},"featured_media":2779,"comment_status":"open","ping_status":"closed","template":"","meta":[],"product_brand":[],"product_cat":[55,51,54,65,61,64],"product_tag":[],"class_list":{"0":"post-2778","1":"product","2":"type-product","3":"status-publish","4":"has-post-thumbnail","6":"product_cat-outdoors","7":"product_cat-natur-landschaften","8":"product_cat-straende","9":"product_cat-abenteuer","10":"product_cat-instagram-hotspots","11":"product_cat-sport","13":"first","14":"instock","15":"virtual","16":"product-type-simple"},"_links":{"self":[{"href":"https:\/\/www.travel2srilanka.ch\/pl\/wp-json\/wp\/v2\/product\/2778","targetHints":{"allow":["GET"]}}],"collection":[{"href":"https:\/\/www.travel2srilanka.ch\/pl\/wp-json\/wp\/v2\/product"}],"about":[{"href":"https:\/\/www.travel2srilanka.ch\/pl\/wp-json\/wp\/v2\/types\/product"}],"replies":[{"embeddable":true,"href":"https:\/\/www.travel2srilanka.ch\/pl\/wp-json\/wp\/v2\/comments?post=2778"}],"wp:featuredmedia":[{"embeddable":true,"href":"https:\/\/www.travel2srilanka.ch\/pl\/wp-json\/wp\/v2\/media\/2779"}],"wp:attachment":[{"href":"https:\/\/www.travel2srilanka.ch\/pl\/wp-json\/wp\/v2\/media?parent=2778"}],"wp:term":[{"taxonomy":"product_brand","embeddable":true,"href":"https:\/\/www.travel2srilanka.ch\/pl\/wp-json\/wp\/v2\/product_brand?post=2778"},{"taxonomy":"product_cat","embeddable":true,"href":"https:\/\/www.travel2srilanka.ch\/pl\/wp-json\/wp\/v2\/product_cat?post=2778"},{"taxonomy":"product_tag","embeddable":true,"href":"https:\/\/www.travel2srilanka.ch\/pl\/wp-json\/wp\/v2\/product_tag?post=2778"}],"curies":[{"name":"wp","href":"https:\/\/api.w.org\/{rel}","templated":true}]}}