{"id":2793,"date":"2021-12-15T16:35:45","date_gmt":"2021-12-15T15:35:45","guid":{"rendered":"https:\/\/www.travel2srilanka.ch\/?post_type=product&#038;p=2793"},"modified":"2022-07-24T19:23:44","modified_gmt":"2022-07-24T17:23:44","slug":"walbeobachtung","status":"publish","type":"product","link":"https:\/\/www.travel2srilanka.ch\/pl\/product\/walbeobachtung\/","title":{"rendered":"Obserwacja wieloryb\u00f3w - \u0142agodnych olbrzym\u00f3w m\u00f3rz"},"content":{"rendered":"<div class=\"vc_row wpb_row vc_row-fluid\"><div class=\"wpb_column vc_column_container vc_col-sm-6\"><div class=\"vc_column-inner\"><div class=\"wpb_wrapper\"><div class=\"wpb_gmaps_widget wpb_content_element\"><div class=\"wpb_wrapper\"><div class=\"wpb_map_wraper\"><iframe loading=\"lazy\" src=\"https:\/\/www.google.com\/maps\/d\/embed?mid=12251XwWpRvhSiV_RDEvkkMkPcG8iH3qU&ehbc=2E312F\" width=\"640\" height=\"480\"><\/iframe><\/div><\/div><\/div><\/div><\/div><\/div><div class=\"wpb_column vc_column_container vc_col-sm-6\"><div class=\"vc_column-inner\"><div class=\"wpb_wrapper\">\n\t<div class=\"wpb_text_column wpb_content_element\" >\n\t\t<div class=\"wpb_wrapper\">\n\t\t\t<p><strong>Mirissa<\/strong> to najpewniejsze miejsce do zobaczenie wieloryb\u00f3w na Sri Lance, poniewa\u017c prawdopodobie\u0144stwo ich wyst\u0105pienia o odpowiedniej porze roku wynosi nawet 90%.<\/p>\n<p>Wi\u0119kszo\u015b\u0107 wycieczek \u0142odzi\u0105 rozpoczyna si\u0119 o 6:30 rano i trwa \u015brednio od 3 do 5 godzin, w zale\u017cno\u015bci od pogody i warunk\u00f3w na morzu. Z tego 40 minut do 1 godziny to czas przeznaczony na obserwacj\u0119 wieloryb\u00f3w. Najcz\u0119\u015bciej wyst\u0119puj\u0105 tu wieloryby b\u0142\u0119kitne. Mo\u017cna te\u017c natkn\u0105\u0107 si\u0119 na p\u0142etwale, wieloryby Bryde'a, wieloryby p\u0142etwonogie, delfiny, a rzadziej rekiny wielorybie.<\/p>\n<p><strong>Trincomalee<\/strong> to kolejne wspania\u0142e miejsce do obserwowania wieloryb\u00f3w. Jest to jeden z najg\u0142\u0119bszych i najwi\u0119kszych naturalnych port\u00f3w na \u015bwiecie, w kt\u00f3rym wieloryby b\u0142\u0119kitne spotykaj\u0105 si\u0119, aby odby\u0107 gody. W miesi\u0105cach od czerwca do pa\u017adziernika wieloryby b\u0142\u0119kitne mo\u017cna zobaczy\u0107 w odleg\u0142o\u015bci oko\u0142o 30 minut \u0142odzi\u0105 od brzegu, a czasem tak\u017ce z l\u0105du.<\/p>\n<p>Wi\u0119kszo\u015b\u0107 wycieczek wyrusza z portu w Trincomalee o 6 lub 7 rano. Z tego miejsca wyp\u0142ywa si\u0119 \u0142odzi\u0105 w morze na oko\u0142o p\u00f3\u0142 godziny i ma si\u0119 ogromne szanse na zobaczenie wieloryb\u00f3w b\u0142\u0119kitnych, delfin\u00f3w i \u017c\u00f3\u0142wi. Dost\u0119pne s\u0105 kr\u00f3tkie rejsy portowe (1 godz.), kr\u00f3tkie rejsy (3 godz.) i d\u0142ugie rejsy (5 godz.).<\/p>\n\n\t\t<\/div>\n\t<\/div>\n<\/div><\/div><\/div><\/div>","protected":false},"excerpt":{"rendered":"<p>Sri Lanka jest jednym z najlepszych miejsc na \u015bwiecie do zobaczenia wieloryb\u00f3w. Obserwowanie tych \u0142agodnych olbrzym\u00f3w wykonuj\u0105cych akrobatyczne skoki na morzu to wyj\u0105tkowe prze\u017cycie, kt\u00f3re pami\u0119ta si\u0119 przez ca\u0142e \u017cycie. Najlepsze miejsca do obserwacji wieloryb\u00f3w na Sri Lance znajduj\u0105 si\u0119 u wybrze\u017cy Mirissy i Trincomalee. W Mirissie najlepszy czas na zobaczenie wieloryb\u00f3w to okres od listopada do kwietnia, a w Trincomalee od maja do wrze\u015bnia. Spo\u015br\u00f3d tych miesi\u0119cy najwi\u0119ksz\u0105 popularno\u015bci\u0105 ciesz\u0105 si\u0119 grudzie\u0144, stycze\u0144 i kwiecie\u0144.<\/p>","protected":false},"featured_media":3510,"comment_status":"open","ping_status":"closed","template":"","meta":[],"product_brand":[],"product_cat":[55,51,54,56,65],"product_tag":[],"class_list":{"0":"post-2793","1":"product","2":"type-product","3":"status-publish","4":"has-post-thumbnail","6":"product_cat-outdoors","7":"product_cat-natur-landschaften","8":"product_cat-straende","9":"product_cat-tierwelt","10":"product_cat-abenteuer","12":"first","13":"instock","14":"virtual","15":"product-type-simple"},"_links":{"self":[{"href":"https:\/\/www.travel2srilanka.ch\/pl\/wp-json\/wp\/v2\/product\/2793","targetHints":{"allow":["GET"]}}],"collection":[{"href":"https:\/\/www.travel2srilanka.ch\/pl\/wp-json\/wp\/v2\/product"}],"about":[{"href":"https:\/\/www.travel2srilanka.ch\/pl\/wp-json\/wp\/v2\/types\/product"}],"replies":[{"embeddable":true,"href":"https:\/\/www.travel2srilanka.ch\/pl\/wp-json\/wp\/v2\/comments?post=2793"}],"wp:featuredmedia":[{"embeddable":true,"href":"https:\/\/www.travel2srilanka.ch\/pl\/wp-json\/wp\/v2\/media\/3510"}],"wp:attachment":[{"href":"https:\/\/www.travel2srilanka.ch\/pl\/wp-json\/wp\/v2\/media?parent=2793"}],"wp:term":[{"taxonomy":"product_brand","embeddable":true,"href":"https:\/\/www.travel2srilanka.ch\/pl\/wp-json\/wp\/v2\/product_brand?post=2793"},{"taxonomy":"product_cat","embeddable":true,"href":"https:\/\/www.travel2srilanka.ch\/pl\/wp-json\/wp\/v2\/product_cat?post=2793"},{"taxonomy":"product_tag","embeddable":true,"href":"https:\/\/www.travel2srilanka.ch\/pl\/wp-json\/wp\/v2\/product_tag?post=2793"}],"curies":[{"name":"wp","href":"https:\/\/api.w.org\/{rel}","templated":true}]}}