{"id":2799,"date":"2021-12-17T17:31:33","date_gmt":"2021-12-17T16:31:33","guid":{"rendered":"https:\/\/www.travel2srilanka.ch\/?post_type=product&#038;p=2799"},"modified":"2022-01-12T23:07:47","modified_gmt":"2022-01-12T22:07:47","slug":"tauchen","status":"publish","type":"product","link":"https:\/\/www.travel2srilanka.ch\/pl\/product\/tauchen\/","title":{"rendered":"Nurkowanie - Imponuj\u0105ce rafy koralowe i wraki"},"content":{"rendered":"<div class=\"vc_row wpb_row vc_row-fluid\"><div class=\"wpb_column vc_column_container vc_col-sm-6\"><div class=\"vc_column-inner\"><div class=\"wpb_wrapper\"><div class=\"wpb_gmaps_widget wpb_content_element\"><div class=\"wpb_wrapper\"><div class=\"wpb_map_wraper\"><iframe loading=\"lazy\" src=\"https:\/\/www.google.com\/maps\/d\/embed?mid=1RrgN1XIW_J19Alu1D41QvKNc0MlctfwD&ehbc=2E312F\" width=\"640\" height=\"480\"><\/iframe><\/div><\/div><\/div><\/div><\/div><\/div><div class=\"wpb_column vc_column_container vc_col-sm-6\"><div class=\"vc_column-inner\"><div class=\"wpb_wrapper\">\n\t<div class=\"wpb_text_column wpb_content_element\" >\n\t\t<div class=\"wpb_wrapper\">\n\t\t\t<p>Nurkowanie na Sri Lance jest uzale\u017cnione od sezonowego monsunu. Jednak niezale\u017cnie od pory roku, zawsze mo\u017cna tu znale\u017a\u0107 spektakularne mo\u017cliwo\u015bci nurkowania. Osoby podr\u00f3\u017cuj\u0105ce w okresie od pa\u017adziernika do maja powinny wybra\u0107 si\u0119 na zachodnie i po\u0142udniowo-zachodnie wybrze\u017ce. Od maja do pa\u017adziernika najlepsze warunki panuj\u0105 na p\u00f3\u0142nocno-wschodnim wybrze\u017cu.<\/p>\n<p>&nbsp;<\/p>\n<p>Od kurs\u00f3w dla pocz\u0105tkuj\u0105cych po wyprawy dla ekspert\u00f3w nurkowania - znajdziemy dla Ciebie idealne miejsce. Prosimy o przekazanie nam swoich upodoba\u0144 w polu wiadomo\u015bci w formularzu oferty.<\/p>\n\n\t\t<\/div>\n\t<\/div>\n<\/div><\/div><\/div><\/div>","protected":false},"excerpt":{"rendered":"<p>Wyspa Sri Lanka jest rajem dla nurk\u00f3w. Linia brzegowa o d\u0142ugo\u015bci prawie 1600 km sprawia, \u017ce nie brakuje tu fenomenalnych mo\u017cliwo\u015bci nurkowania. Od wyj\u0105tkowych nurkowa\u0144 we wrakach po t\u0119tni\u0105ce \u017cyciem, zdrowe rafy koralowe, jest tu wiele miejsc, kt\u00f3re zachwyc\u0105 nawet najbardziej do\u015bwiadczonych nurk\u00f3w.<\/p>\n<p>Od spotka\u0144 z ma\u0142ymi rybami, po te wi\u0119ksze, a mo\u017ce nawet wieloryba b\u0142\u0119kitnego - b\u0119dziesz zaskoczony r\u00f3\u017cnorodno\u015bci\u0105 \u017cycia morskiego w tropikalnych wodach Sri Lanki.<\/p>","protected":false},"featured_media":2852,"comment_status":"open","ping_status":"closed","template":"","meta":[],"product_brand":[],"product_cat":[55,51,52,54,56,65,64],"product_tag":[],"class_list":{"0":"post-2799","1":"product","2":"type-product","3":"status-publish","4":"has-post-thumbnail","6":"product_cat-outdoors","7":"product_cat-natur-landschaften","8":"product_cat-lagunen-mangroven","9":"product_cat-straende","10":"product_cat-tierwelt","11":"product_cat-abenteuer","12":"product_cat-sport","14":"first","15":"instock","16":"virtual","17":"product-type-simple"},"_links":{"self":[{"href":"https:\/\/www.travel2srilanka.ch\/pl\/wp-json\/wp\/v2\/product\/2799","targetHints":{"allow":["GET"]}}],"collection":[{"href":"https:\/\/www.travel2srilanka.ch\/pl\/wp-json\/wp\/v2\/product"}],"about":[{"href":"https:\/\/www.travel2srilanka.ch\/pl\/wp-json\/wp\/v2\/types\/product"}],"replies":[{"embeddable":true,"href":"https:\/\/www.travel2srilanka.ch\/pl\/wp-json\/wp\/v2\/comments?post=2799"}],"wp:featuredmedia":[{"embeddable":true,"href":"https:\/\/www.travel2srilanka.ch\/pl\/wp-json\/wp\/v2\/media\/2852"}],"wp:attachment":[{"href":"https:\/\/www.travel2srilanka.ch\/pl\/wp-json\/wp\/v2\/media?parent=2799"}],"wp:term":[{"taxonomy":"product_brand","embeddable":true,"href":"https:\/\/www.travel2srilanka.ch\/pl\/wp-json\/wp\/v2\/product_brand?post=2799"},{"taxonomy":"product_cat","embeddable":true,"href":"https:\/\/www.travel2srilanka.ch\/pl\/wp-json\/wp\/v2\/product_cat?post=2799"},{"taxonomy":"product_tag","embeddable":true,"href":"https:\/\/www.travel2srilanka.ch\/pl\/wp-json\/wp\/v2\/product_tag?post=2799"}],"curies":[{"name":"wp","href":"https:\/\/api.w.org\/{rel}","templated":true}]}}