{"id":3160,"date":"2022-04-11T21:53:43","date_gmt":"2022-04-11T19:53:43","guid":{"rendered":"https:\/\/www.travel2srilanka.ch\/?post_type=product&#038;p=3160"},"modified":"2022-04-30T17:04:09","modified_gmt":"2022-04-30T15:04:09","slug":"fluss-safari","status":"publish","type":"product","link":"https:\/\/www.travel2srilanka.ch\/pl\/product\/fluss-safari\/","title":{"rendered":"Wodne Safari - zwiedzanie przybrze\u017ca"},"content":{"rendered":"<div class=\"vc_row wpb_row vc_row-fluid\"><div class=\"wpb_column vc_column_container vc_col-sm-6\"><div class=\"vc_column-inner\"><div class=\"wpb_wrapper\"><div class=\"wpb_gmaps_widget wpb_content_element\"><div class=\"wpb_wrapper\"><div class=\"wpb_map_wraper\"><iframe src=\"https:\/\/www.google.com\/maps\/embed?pb=!1m18!1m12!1m3!1d1171993.770030859!2d80.05447875179621!3d6.706938731826734!2m3!1f0!2f0!3f0!3m2!1i1024!2i768!4f13.1!3m3!1m2!1s0x3ae180f06ea9bb1b%3A0x561e2543dfa329a5!2sBalapitiya%2C%20Sri%20Lanka!5e0!3m2!1sde!2sch!4v1649707137552!5m2!1sde!2sch\" width=\"600\" height=\"450\" style=\"border:0;\" allowfullscreen=\"\" loading=\"lazy\" referrerpolicy=\"no-referrer-when-downgrade\"><\/iframe><\/div><\/div><\/div><\/div><\/div><\/div><div class=\"wpb_column vc_column_container vc_col-sm-6\"><div class=\"vc_column-inner\"><div class=\"wpb_wrapper\"><\/div><\/div><\/div><\/div>","protected":false},"excerpt":{"rendered":"<p>Uj\u015bcie rzeki Madu Ganga to ekosystem przybrze\u017cny z\u0142o\u017cony z las\u00f3w mangrowych i wysp. Jest to prawdopodobnie jeden z ostatnich zachowanych obszar\u00f3w dziewiczego lasu mangrowego na Sri Lance. Wycieczka \u0142odzi\u0105 to wspania\u0142y spos\u00f3b, aby zobaczy\u0107 setki gatunk\u00f3w ro\u015blin i zwierz\u0105t - to miejsce gdzie ma\u0142py jedz\u0105 owoce na drzewach, jaszczury wolno sun\u0105 po wodzie, a kormorany, czaple i zimorodki cierpliwie czekaj\u0105 na brzegu, wypatruj\u0105c ofiary.<\/p>\n<p>G\u0142\u00f3wnym \u017ar\u00f3d\u0142em dochod\u00f3w miejscowej ludno\u015bci w tym regionie Sri Lanki jest produkcja cynamonu. Podczas wycieczki mo\u017cna zakupi\u0107 miejscowy cynamon, a tak\u017ce zobaczy\u0107, jak wygl\u0105da jego tradycyjny proces obr\u00f3bki.<\/p>\n<p>Ci, kt\u00f3rzy nie zajmuj\u0105 si\u0119 produkcj\u0105 cynamonu, zarabiaj\u0105 na \u017cycie, \u0142owi\u0105c ryby lub pracuj\u0105c na \u0142odzi. Rybacy siedz\u0105 na du\u017cych ga\u0142\u0119ziach ustawionych w wodzie i \u0142owi\u0105 ryby za pomoc\u0105 tyczek lub zastawiaj\u0105 w rzece pu\u0142apki, w kt\u00f3re \u0142api\u0105 przep\u0142ywaj\u0105ce ryby.<\/p>\n<p>Innym, ciekawym do\u015bwiadczeniem jest masa\u017c st\u00f3p - \"fish pedicure\" na \u015bwie\u017cym powietrzu. Masa\u017c i skubanie nask\u00f3rka jest bardzo popularne na ca\u0142ym \u015bwiecie, zw\u0142aszcza w krajach Azji Wschodniej. Szczeg\u00f3ln\u0105 cech\u0105 masa\u017cu na Sri Lance jest to, \u017ce ryby s\u0105 tu hodowane bezpo\u015brednio w rzece, a wi\u0119c w ich naturalnym \u015brodowisku.<\/p>","protected":false},"featured_media":3161,"comment_status":"open","ping_status":"closed","template":"","meta":[],"product_brand":[],"product_cat":[55,51,52,53,56,65,62],"product_tag":[],"class_list":{"0":"post-3160","1":"product","2":"type-product","3":"status-publish","4":"has-post-thumbnail","6":"product_cat-outdoors","7":"product_cat-natur-landschaften","8":"product_cat-lagunen-mangroven","9":"product_cat-pflanzenwelt","10":"product_cat-tierwelt","11":"product_cat-abenteuer","12":"product_cat-menschen-begegnungen","14":"first","15":"instock","16":"virtual","17":"product-type-simple"},"_links":{"self":[{"href":"https:\/\/www.travel2srilanka.ch\/pl\/wp-json\/wp\/v2\/product\/3160","targetHints":{"allow":["GET"]}}],"collection":[{"href":"https:\/\/www.travel2srilanka.ch\/pl\/wp-json\/wp\/v2\/product"}],"about":[{"href":"https:\/\/www.travel2srilanka.ch\/pl\/wp-json\/wp\/v2\/types\/product"}],"replies":[{"embeddable":true,"href":"https:\/\/www.travel2srilanka.ch\/pl\/wp-json\/wp\/v2\/comments?post=3160"}],"wp:featuredmedia":[{"embeddable":true,"href":"https:\/\/www.travel2srilanka.ch\/pl\/wp-json\/wp\/v2\/media\/3161"}],"wp:attachment":[{"href":"https:\/\/www.travel2srilanka.ch\/pl\/wp-json\/wp\/v2\/media?parent=3160"}],"wp:term":[{"taxonomy":"product_brand","embeddable":true,"href":"https:\/\/www.travel2srilanka.ch\/pl\/wp-json\/wp\/v2\/product_brand?post=3160"},{"taxonomy":"product_cat","embeddable":true,"href":"https:\/\/www.travel2srilanka.ch\/pl\/wp-json\/wp\/v2\/product_cat?post=3160"},{"taxonomy":"product_tag","embeddable":true,"href":"https:\/\/www.travel2srilanka.ch\/pl\/wp-json\/wp\/v2\/product_tag?post=3160"}],"curies":[{"name":"wp","href":"https:\/\/api.w.org\/{rel}","templated":true}]}}