{"id":3235,"date":"2022-04-12T22:21:34","date_gmt":"2022-04-12T20:21:34","guid":{"rendered":"https:\/\/www.travel2srilanka.ch\/?post_type=product&#038;p=3235"},"modified":"2022-04-28T15:15:53","modified_gmt":"2022-04-28T13:15:53","slug":"little-adams-peak","status":"publish","type":"product","link":"https:\/\/www.travel2srilanka.ch\/pl\/product\/little-adams-peak\/","title":{"rendered":"Little Adam\u2019s Peak \u2013 wspania\u0142y punkt widokowy"},"content":{"rendered":"<div class=\"vc_row wpb_row vc_row-fluid\"><div class=\"wpb_column vc_column_container vc_col-sm-6\"><div class=\"vc_column-inner\"><div class=\"wpb_wrapper\"><div class=\"wpb_gmaps_widget wpb_content_element\"><div class=\"wpb_wrapper\"><div class=\"wpb_map_wraper\"><iframe src=\"https:\/\/www.google.com\/maps\/embed?pb=!1m18!1m12!1m3!1d1206060.8022757575!2d80.32754047499539!3d6.817097156350463!2m3!1f0!2f0!3f0!3m2!1i1024!2i768!4f13.1!3m3!1m2!1s0x3ae465c4a6a9d73b%3A0x493f44762ee4d216!2sLittle%20Adam&#39;s%20Peak!5e0!3m2!1sde!2sch!4v1649794862297!5m2!1sde!2sch\" width=\"600\" height=\"450\" style=\"border:0;\" allowfullscreen=\"\" loading=\"lazy\" referrerpolicy=\"no-referrer-when-downgrade\"><\/iframe><\/div><\/div><\/div><\/div><\/div><\/div><div class=\"wpb_column vc_column_container vc_col-sm-6\"><div class=\"vc_column-inner\"><div class=\"wpb_wrapper\"><\/div><\/div><\/div><\/div>","protected":false},"excerpt":{"rendered":"<p>W\u0119dr\u00f3wka na Little Adam's Peak w Elli to jedno z najpi\u0119kniejszych do\u015bwiadcze\u0144 na Sri Lance. Po dobrze oznakowanej \u015bcie\u017cce mo\u017cna bez problemu wej\u015b\u0107 na szczyt. Wej\u015bcie na g\u00f3r\u0119 jest raczej \u0142atwe i zajmuje oko\u0142o godziny. Widok na bujny pag\u00f3rkowaty krajobraz Sri Lanki zapiera dech w piersiach. Podczas drogi spotkasz wielu turyst\u00f3w id\u0105cych tym samym szlakiem - b\u0119dzie to dobry znak, je\u015bli wybierasz si\u0119 na t\u0119 w\u0119dr\u00f3wk\u0119 po raz pierwszy.<\/p>\n<p>Szczytu Little Adam's Peak nie nale\u017cy myli\u0107 z pielgrzymim szczytem Adam's Peak, kt\u00f3ry znajduje si\u0119 nieco dalej i wymaga znacznie trudniejszej i d\u0142u\u017cszej w\u0119dr\u00f3wki. Nazwa zosta\u0142a jednak przyj\u0119ta, poniewa\u017c Little Adam's Peak ma ten sam kszta\u0142t, jednak w mniejszej wersji.<\/p>\n<p>Mniej wi\u0119cej w po\u0142owie trasy mo\u017cna natkn\u0105\u0107 si\u0119 na park przyg\u00f3d Flying Ravana Adventure, kt\u00f3ry oferuje r\u00f3\u017cne specjalne zaj\u0119cia na \u015bwie\u017cym powietrzu. Nale\u017c\u0105 do nich: Zipline, off-road quadami, zjazdy na linie, jazda na rowerze, strzelanie z \u0142uku i karabin\u00f3w pneumatycznych.<\/p>\n<p>Z czterogwiazdkowego hotelu 98 Acres mo\u017cna w p\u00f3\u0142 godziny wej\u015b\u0107 bezpo\u015brednio na szczyt. W odleg\u0142o\u015bci 10 minut od hotelu znajduj\u0105 si\u0119 atrakcje Flying Ravana.<\/p>","protected":false},"featured_media":3236,"comment_status":"open","ping_status":"closed","template":"","meta":[],"product_brand":[],"product_cat":[65,60,66,61,51,55,53],"product_tag":[],"class_list":{"0":"post-3235","1":"product","2":"type-product","3":"status-publish","4":"has-post-thumbnail","6":"product_cat-abenteuer","7":"product_cat-berge","8":"product_cat-entspannen-erholen","9":"product_cat-instagram-hotspots","10":"product_cat-natur-landschaften","11":"product_cat-outdoors","12":"product_cat-pflanzenwelt","14":"first","15":"instock","16":"virtual","17":"product-type-simple"},"_links":{"self":[{"href":"https:\/\/www.travel2srilanka.ch\/pl\/wp-json\/wp\/v2\/product\/3235","targetHints":{"allow":["GET"]}}],"collection":[{"href":"https:\/\/www.travel2srilanka.ch\/pl\/wp-json\/wp\/v2\/product"}],"about":[{"href":"https:\/\/www.travel2srilanka.ch\/pl\/wp-json\/wp\/v2\/types\/product"}],"replies":[{"embeddable":true,"href":"https:\/\/www.travel2srilanka.ch\/pl\/wp-json\/wp\/v2\/comments?post=3235"}],"wp:featuredmedia":[{"embeddable":true,"href":"https:\/\/www.travel2srilanka.ch\/pl\/wp-json\/wp\/v2\/media\/3236"}],"wp:attachment":[{"href":"https:\/\/www.travel2srilanka.ch\/pl\/wp-json\/wp\/v2\/media?parent=3235"}],"wp:term":[{"taxonomy":"product_brand","embeddable":true,"href":"https:\/\/www.travel2srilanka.ch\/pl\/wp-json\/wp\/v2\/product_brand?post=3235"},{"taxonomy":"product_cat","embeddable":true,"href":"https:\/\/www.travel2srilanka.ch\/pl\/wp-json\/wp\/v2\/product_cat?post=3235"},{"taxonomy":"product_tag","embeddable":true,"href":"https:\/\/www.travel2srilanka.ch\/pl\/wp-json\/wp\/v2\/product_tag?post=3235"}],"curies":[{"name":"wp","href":"https:\/\/api.w.org\/{rel}","templated":true}]}}