{"id":3249,"date":"2022-04-12T22:45:32","date_gmt":"2022-04-12T20:45:32","guid":{"rendered":"https:\/\/www.travel2srilanka.ch\/?post_type=product&#038;p=3249"},"modified":"2022-11-13T01:28:38","modified_gmt":"2022-11-13T00:28:38","slug":"zipline","status":"publish","type":"product","link":"https:\/\/www.travel2srilanka.ch\/pl\/product\/zipline\/","title":{"rendered":"Zipline Flying Ravana Ella"},"content":{"rendered":"<div class=\"vc_row wpb_row vc_row-fluid\"><div class=\"wpb_column vc_column_container vc_col-sm-4\"><div class=\"vc_column-inner\"><div class=\"wpb_wrapper\"><div class=\"wpb_gmaps_widget wpb_content_element\"><div class=\"wpb_wrapper\"><div class=\"wpb_map_wraper\"><iframe src=\"https:\/\/www.google.com\/maps\/embed?pb=!1m18!1m12!1m3!1d1277414.3937791276!2d80.24669087810577!3d6.951723607181508!2m3!1f0!2f0!3f0!3m2!1i1024!2i768!4f13.1!3m3!1m2!1s0x3ae465767f6c6707%3A0x4a975162cb36da71!2sFlying%20Ravana%20Mega%20Zipline!5e0!3m2!1sde!2sch!4v1649796248951!5m2!1sde!2sch\" width=\"600\" height=\"450\" style=\"border:0;\" allowfullscreen=\"\" loading=\"lazy\" referrerpolicy=\"no-referrer-when-downgrade\"><\/iframe><\/div><\/div><\/div><\/div><\/div><\/div><div class=\"wpb_column vc_column_container vc_col-sm-8\"><div class=\"vc_column-inner\"><div class=\"wpb_wrapper\">\n\t<div class=\"wpb_video_widget wpb_content_element vc_clearfix   vc_video-aspect-ratio-169 vc_video-el-width-100 vc_video-align-left\" >\n\t\t<div class=\"wpb_wrapper\">\n\t\t\t\n\t\t\t<div class=\"wpb_video_wrapper\"><iframe loading=\"lazy\" title=\"Flying Ravana Mega Zip Line\" width=\"1180\" height=\"664\" src=\"https:\/\/www.youtube.com\/embed\/anwI6-7XzGg?feature=oembed\" frameborder=\"0\" allow=\"accelerometer; autoplay; clipboard-write; encrypted-media; gyroscope; picture-in-picture\" allowfullscreen><\/iframe><\/div>\n\t\t<\/div>\n\t<\/div>\n<\/div><\/div><\/div><\/div>","protected":false},"excerpt":{"rendered":"<p>Linia zipline z dwoma kolejkami linowymi rozci\u0105ga si\u0119 na d\u0142ugo\u015bci ponad p\u00f3\u0142 kilometra, gdzie szybowa\u0107 mo\u017cesz z pr\u0119dko\u015bci\u0105 nawet do 80 km\/h i oferuje fantastyczny widok na pi\u0119kny pag\u00f3rkowaty krajobraz Sri Lanki.<\/p>\n<p>Przejazd rozpoczyna si\u0119 od wej\u015bcia na Mini Adam's Peak, sk\u0105d szybowa\u0107 b\u0119dziesz nad plantacjami herbaty i bujn\u0105 ro\u015blinno\u015bci\u0105 z widokiem na s\u0142ynn\u0105 Ella Gap. Zipline i instruktorzy s\u0105 certyfikowani przez Europejskie Stowarzyszenie Linowe (ERCA), aby zapewni\u0107 go\u015bciom maksymalne bezpiecze\u0144stwo.<\/p>","protected":false},"featured_media":3250,"comment_status":"open","ping_status":"closed","template":"","meta":[],"product_brand":[],"product_cat":[55,51,60,65,62,61],"product_tag":[],"class_list":{"0":"post-3249","1":"product","2":"type-product","3":"status-publish","4":"has-post-thumbnail","6":"product_cat-outdoors","7":"product_cat-natur-landschaften","8":"product_cat-berge","9":"product_cat-abenteuer","10":"product_cat-menschen-begegnungen","11":"product_cat-instagram-hotspots","13":"first","14":"instock","15":"virtual","16":"product-type-simple"},"_links":{"self":[{"href":"https:\/\/www.travel2srilanka.ch\/pl\/wp-json\/wp\/v2\/product\/3249","targetHints":{"allow":["GET"]}}],"collection":[{"href":"https:\/\/www.travel2srilanka.ch\/pl\/wp-json\/wp\/v2\/product"}],"about":[{"href":"https:\/\/www.travel2srilanka.ch\/pl\/wp-json\/wp\/v2\/types\/product"}],"replies":[{"embeddable":true,"href":"https:\/\/www.travel2srilanka.ch\/pl\/wp-json\/wp\/v2\/comments?post=3249"}],"wp:featuredmedia":[{"embeddable":true,"href":"https:\/\/www.travel2srilanka.ch\/pl\/wp-json\/wp\/v2\/media\/3250"}],"wp:attachment":[{"href":"https:\/\/www.travel2srilanka.ch\/pl\/wp-json\/wp\/v2\/media?parent=3249"}],"wp:term":[{"taxonomy":"product_brand","embeddable":true,"href":"https:\/\/www.travel2srilanka.ch\/pl\/wp-json\/wp\/v2\/product_brand?post=3249"},{"taxonomy":"product_cat","embeddable":true,"href":"https:\/\/www.travel2srilanka.ch\/pl\/wp-json\/wp\/v2\/product_cat?post=3249"},{"taxonomy":"product_tag","embeddable":true,"href":"https:\/\/www.travel2srilanka.ch\/pl\/wp-json\/wp\/v2\/product_tag?post=3249"}],"curies":[{"name":"wp","href":"https:\/\/api.w.org\/{rel}","templated":true}]}}