{"id":3264,"date":"2022-04-13T23:39:00","date_gmt":"2022-04-13T21:39:00","guid":{"rendered":"https:\/\/www.travel2srilanka.ch\/?post_type=product&#038;p=3264"},"modified":"2022-05-12T22:24:09","modified_gmt":"2022-05-12T20:24:09","slug":"hikkaduwa","status":"publish","type":"product","link":"https:\/\/www.travel2srilanka.ch\/pl\/product\/hikkaduwa\/","title":{"rendered":"Hikkaduwa - raj dla surfer\u00f3w"},"content":{"rendered":"<div class=\"vc_row wpb_row vc_row-fluid\"><div class=\"wpb_column vc_column_container vc_col-sm-4\"><div class=\"vc_column-inner\"><div class=\"wpb_wrapper\"><div class=\"wpb_gmaps_widget wpb_content_element\"><div class=\"wpb_wrapper\"><div class=\"wpb_map_wraper\"><iframe src=\"https:\/\/www.google.com\/maps\/embed?pb=!1m18!1m12!1m3!1d1015188.3852093554!2d79.9020515414602!3d6.318816734884705!2m3!1f0!2f0!3f0!3m2!1i1024!2i768!4f13.1!3m3!1m2!1s0x3ae177fbcae7226d%3A0x373eeb50aad15308!2sHikkaduwa%2C%20Sri%20Lanka!5e0!3m2!1sde!2sch!4v1649885897685!5m2!1sde!2sch\" width=\"600\" height=\"450\" style=\"border:0;\" allowfullscreen=\"\" loading=\"lazy\" referrerpolicy=\"no-referrer-when-downgrade\"><\/iframe><\/div><\/div><\/div><\/div><\/div><\/div><div class=\"wpb_column vc_column_container vc_col-sm-8\"><div class=\"vc_column-inner\"><div class=\"wpb_wrapper\">\n\t<div class=\"wpb_video_widget wpb_content_element vc_clearfix   vc_video-aspect-ratio-169 vc_video-el-width-100 vc_video-align-left\" >\n\t\t<div class=\"wpb_wrapper\">\n\t\t\t\n\t\t\t<div class=\"wpb_video_wrapper\"><iframe loading=\"lazy\" title=\"Surfing Hotspot Hikkaduwa Beach in Sri Lanka - Travel2SriLanka.ch\" width=\"1180\" height=\"664\" src=\"https:\/\/www.youtube.com\/embed\/DfKd5P3DpXw?feature=oembed\" frameborder=\"0\" allow=\"accelerometer; autoplay; clipboard-write; encrypted-media; gyroscope; picture-in-picture\" allowfullscreen><\/iframe><\/div>\n\t\t<\/div>\n\t<\/div>\n<\/div><\/div><\/div><\/div>","protected":false},"excerpt":{"rendered":"<p>Hikkaduwa jest jednym z najlepszych miejsc do surfowania na Sri Lance i oferuje czyste, ciep\u0142e wody. Wielko\u015b\u0107 fal waha si\u0119 od 1 do 3,5 metra. Surfing w rejonie Hikkaduwa cieszy si\u0119 \u015bwiatow\u0105 s\u0142aw\u0105, a najlepsze fale mo\u017cna podziwia\u0107 w porze suchej, od listopada do marca. Znajduj\u0105 si\u0119 tu r\u00f3wnie\u017c ponad cztery r\u00f3\u017cne wraki statk\u00f3w, kt\u00f3re mo\u017cna odkrywa\u0107 podczas nurkowanie, a tak\u017ce r\u00f3\u017cne sklepy nurkowe oferuj\u0105ce kursy PADI i odpowiedni sprz\u0119t do nurkowania.<\/p>\n<p>Hikkaduwa oferuje wiele hoteli, sklep\u00f3w, bar\u00f3w, restauracji i pensjonat\u00f3w. Pla\u017ce s\u0105 pi\u0119kne i szerokie, a p\u0142ywanie jest tu bezpieczne. Imponuj\u0105ca rafa koralowa le\u017cy tu\u017c przy brzegu i wci\u0105\u017c zamieszkiwana jest przez egzotyczne ryby i \u017c\u00f3\u0142wie morskie, cho\u0107 niestety du\u017ca jej cz\u0119\u015b\u0107 zosta\u0142a zniszczona. Mimo to, nadal mo\u017cna uprawia\u0107 tu snorkeling lub wycieczki \u0142odzi\u0105 ze szklanym dnem aby zobaczy\u0107 rafy koralowe.<\/p>\n<p>Podczas dnia, przed zachodem s\u0142o\u0144ca na pla\u017cy wiele bar\u00f3w oferuje posi\u0142ki i koktajle, gdzie mo\u017cna odpocz\u0105\u0107 podziwiaj\u0105c surfer\u00f3w p\u0142ywaj\u0105cych po falach. Wieczorem natomiast bary na pla\u017cy zapewniaj\u0105 imprezy i rozrywk\u0119.<\/p>","protected":false},"featured_media":3265,"comment_status":"open","ping_status":"closed","template":"","meta":[],"product_brand":[],"product_cat":[55,51,54,66,61,57,64],"product_tag":[],"class_list":{"0":"post-3264","1":"product","2":"type-product","3":"status-publish","4":"has-post-thumbnail","6":"product_cat-outdoors","7":"product_cat-natur-landschaften","8":"product_cat-straende","9":"product_cat-entspannen-erholen","10":"product_cat-instagram-hotspots","11":"product_cat-nightlife","12":"product_cat-sport","14":"first","15":"instock","16":"virtual","17":"product-type-simple"},"_links":{"self":[{"href":"https:\/\/www.travel2srilanka.ch\/pl\/wp-json\/wp\/v2\/product\/3264","targetHints":{"allow":["GET"]}}],"collection":[{"href":"https:\/\/www.travel2srilanka.ch\/pl\/wp-json\/wp\/v2\/product"}],"about":[{"href":"https:\/\/www.travel2srilanka.ch\/pl\/wp-json\/wp\/v2\/types\/product"}],"replies":[{"embeddable":true,"href":"https:\/\/www.travel2srilanka.ch\/pl\/wp-json\/wp\/v2\/comments?post=3264"}],"wp:featuredmedia":[{"embeddable":true,"href":"https:\/\/www.travel2srilanka.ch\/pl\/wp-json\/wp\/v2\/media\/3265"}],"wp:attachment":[{"href":"https:\/\/www.travel2srilanka.ch\/pl\/wp-json\/wp\/v2\/media?parent=3264"}],"wp:term":[{"taxonomy":"product_brand","embeddable":true,"href":"https:\/\/www.travel2srilanka.ch\/pl\/wp-json\/wp\/v2\/product_brand?post=3264"},{"taxonomy":"product_cat","embeddable":true,"href":"https:\/\/www.travel2srilanka.ch\/pl\/wp-json\/wp\/v2\/product_cat?post=3264"},{"taxonomy":"product_tag","embeddable":true,"href":"https:\/\/www.travel2srilanka.ch\/pl\/wp-json\/wp\/v2\/product_tag?post=3264"}],"curies":[{"name":"wp","href":"https:\/\/api.w.org\/{rel}","templated":true}]}}