{"id":3273,"date":"2022-04-13T23:54:49","date_gmt":"2022-04-13T21:54:49","guid":{"rendered":"https:\/\/www.travel2srilanka.ch\/?post_type=product&#038;p=3273"},"modified":"2022-05-06T22:45:57","modified_gmt":"2022-05-06T20:45:57","slug":"coconut-tree-hill","status":"publish","type":"product","link":"https:\/\/www.travel2srilanka.ch\/pl\/product\/coconut-tree-hill\/","title":{"rendered":"Wzg\u00f3rze Coconut Tree Mirissa"},"content":{"rendered":"<div class=\"vc_row wpb_row vc_row-fluid\"><div class=\"wpb_column vc_column_container vc_col-sm-6\"><div class=\"vc_column-inner\"><div class=\"wpb_wrapper\"><div class=\"wpb_gmaps_widget wpb_content_element\"><div class=\"wpb_wrapper\"><div class=\"wpb_map_wraper\"><iframe src=\"https:\/\/www.google.com\/maps\/embed?pb=!1m18!1m12!1m3!1d1015337.4431862378!2d79.95463120748019!3d6.242384537568109!2m3!1f0!2f0!3f0!3m2!1i1024!2i768!4f13.1!3m3!1m2!1s0x3ae13e324bc0846b%3A0x35758cdcba8dedcf!2sCoconut%20Tree%20Hill!5e0!3m2!1sde!2sch!4v1649886851604!5m2!1sde!2sch\" width=\"600\" height=\"450\" style=\"border:0;\" allowfullscreen=\"\" loading=\"lazy\" referrerpolicy=\"no-referrer-when-downgrade\"><\/iframe><\/div><\/div><\/div><\/div><\/div><\/div><div class=\"wpb_column vc_column_container vc_col-sm-6\"><div class=\"vc_column-inner\"><div class=\"wpb_wrapper\"><\/div><\/div><\/div><\/div>","protected":false},"excerpt":{"rendered":"<p>Wzg\u00f3rze Coconut Tree to prawdopodobnie najbardziej znane miejsce w Mirissie i jedno z najpopularniejszych miejsc dla \"Instagramer\u00f3w\". Z tego niewielkiego wzg\u00f3rza rozci\u0105ga si\u0119 fantastyczny widok na zatok\u0119 Mirissy i nieko\u0144cz\u0105ce si\u0119 morze a\u017c po horyzont. Do wzg\u00f3rza Coconut Tree mo\u017cna dotrze\u0107 pieszo w oko\u0142o 10-15 minut z pla\u017cy Mirissy lub bezpo\u015brednio z drogi. Dost\u0119p przez pla\u017c\u0119 jest czasem utrudniony przez wzburzone morze lub podczas pory deszczowej.<\/p>\n<p>Aby unikn\u0105\u0107 t\u0142um\u00f3w, warto wybra\u0107 si\u0119 tam wcze\u015bnie rano. Jednak warto pami\u0119ta\u0107, \u017ce zach\u00f3d s\u0142o\u0144ca ze Wzg\u00f3rza jest spektakularny. Z pewno\u015bci\u0105 mo\u017cna tu zrobi\u0107 wspania\u0142e pami\u0105tkowe zdj\u0119cie z podr\u00f3\u017cy po Sri Lance.<\/p>","protected":false},"featured_media":3274,"comment_status":"open","ping_status":"closed","template":"","meta":[],"product_brand":[],"product_cat":[51,54,66,61],"product_tag":[],"class_list":{"0":"post-3273","1":"product","2":"type-product","3":"status-publish","4":"has-post-thumbnail","6":"product_cat-natur-landschaften","7":"product_cat-straende","8":"product_cat-entspannen-erholen","9":"product_cat-instagram-hotspots","11":"first","12":"instock","13":"virtual","14":"product-type-simple"},"_links":{"self":[{"href":"https:\/\/www.travel2srilanka.ch\/pl\/wp-json\/wp\/v2\/product\/3273","targetHints":{"allow":["GET"]}}],"collection":[{"href":"https:\/\/www.travel2srilanka.ch\/pl\/wp-json\/wp\/v2\/product"}],"about":[{"href":"https:\/\/www.travel2srilanka.ch\/pl\/wp-json\/wp\/v2\/types\/product"}],"replies":[{"embeddable":true,"href":"https:\/\/www.travel2srilanka.ch\/pl\/wp-json\/wp\/v2\/comments?post=3273"}],"wp:featuredmedia":[{"embeddable":true,"href":"https:\/\/www.travel2srilanka.ch\/pl\/wp-json\/wp\/v2\/media\/3274"}],"wp:attachment":[{"href":"https:\/\/www.travel2srilanka.ch\/pl\/wp-json\/wp\/v2\/media?parent=3273"}],"wp:term":[{"taxonomy":"product_brand","embeddable":true,"href":"https:\/\/www.travel2srilanka.ch\/pl\/wp-json\/wp\/v2\/product_brand?post=3273"},{"taxonomy":"product_cat","embeddable":true,"href":"https:\/\/www.travel2srilanka.ch\/pl\/wp-json\/wp\/v2\/product_cat?post=3273"},{"taxonomy":"product_tag","embeddable":true,"href":"https:\/\/www.travel2srilanka.ch\/pl\/wp-json\/wp\/v2\/product_tag?post=3273"}],"curies":[{"name":"wp","href":"https:\/\/api.w.org\/{rel}","templated":true}]}}