{"id":3286,"date":"2022-04-14T00:15:13","date_gmt":"2022-04-13T22:15:13","guid":{"rendered":"https:\/\/www.travel2srilanka.ch\/?post_type=product&#038;p=3286"},"modified":"2022-05-04T18:57:40","modified_gmt":"2022-05-04T16:57:40","slug":"mirissa","status":"publish","type":"product","link":"https:\/\/www.travel2srilanka.ch\/pl\/product\/mirissa\/","title":{"rendered":"Mirissa - relaks i surfing"},"content":{"rendered":"<div class=\"vc_row wpb_row vc_row-fluid\"><div class=\"wpb_column vc_column_container vc_col-sm-6\"><div class=\"vc_column-inner\"><div class=\"wpb_wrapper\"><div class=\"wpb_gmaps_widget wpb_content_element\"><div class=\"wpb_wrapper\"><div class=\"wpb_map_wraper\"><iframe src=\"https:\/\/www.google.com\/maps\/embed?pb=!1m18!1m12!1m3!1d608363.5158748692!2d80.21450260720809!3d6.009342656733171!2m3!1f0!2f0!3f0!3m2!1i1024!2i768!4f13.1!3m3!1m2!1s0x3ae13fce3177dc59%3A0xa2d8a78b36dc9c90!2sMirissa%2C%20Sri%20Lanka!5e0!3m2!1sde!2sch!4v1649888078713!5m2!1sde!2sch\" width=\"600\" height=\"450\" style=\"border:0;\" allowfullscreen=\"\" loading=\"lazy\" referrerpolicy=\"no-referrer-when-downgrade\"><\/iframe><\/div><\/div><\/div><\/div><\/div><\/div><div class=\"wpb_column vc_column_container vc_col-sm-6\"><div class=\"vc_column-inner\"><div class=\"wpb_wrapper\"><\/div><\/div><\/div><\/div>","protected":false},"excerpt":{"rendered":"<p>Mirissa jest najwi\u0119kszym portem rybackim na po\u0142udniowym wybrze\u017cu i znajduje si\u0119 bezpo\u015brednio na po\u0142udniowym kra\u0144cu Sri Lanki. Ma\u0142a miejscowo\u015b\u0107 nadmorska i jej du\u017ca pla\u017ca s\u0105 pi\u0119kne i otoczone g\u0119stym gajem palmowym. Miasto jest po\u0142o\u017cone na niewielkim wzg\u00f3rzu, kt\u00f3re wznosi si\u0119 za pla\u017c\u0105.<\/p>\n<p>Pla\u017ca w Mirissie ma kszta\u0142t strza\u0142ki, kt\u00f3rej czubek wystaje do morza. To naturalne molo sprawia, \u017ce fale s\u0105 spokojne i nadaj\u0105 si\u0119 do p\u0142ywania. Pla\u017ce pokryte s\u0105 mi\u0119kkim, drobnym piaskiem, a woda jest przejrzysta. Ponadto Mirissa jest najs\u0142ynniejszym punktem startowym wycieczek na Sri Lance na obserwacj\u0119 wieloryb\u00f3w.<\/p>\n<p>Najwa\u017cniejsze miejsca w Mirissie to popularne i lubiane przez \"Instagramer\u00f3w\" Wzg\u00f3rze Coconut Tree, pla\u017ca dla surfer\u00f3w oraz odosobniona \"Secret Beach\", do kt\u00f3rej dost\u0119p jest raczej trudny. Mirissa jest r\u00f3wnie\u017c bardzo popularna w\u015br\u00f3d turyst\u00f3w podr\u00f3\u017cuj\u0105cych z plecakiem po Sri Lance.<\/p>","protected":false},"featured_media":3287,"comment_status":"open","ping_status":"closed","template":"","meta":[],"product_brand":[],"product_cat":[55,51,54,66,64],"product_tag":[],"class_list":{"0":"post-3286","1":"product","2":"type-product","3":"status-publish","4":"has-post-thumbnail","6":"product_cat-outdoors","7":"product_cat-natur-landschaften","8":"product_cat-straende","9":"product_cat-entspannen-erholen","10":"product_cat-sport","12":"first","13":"instock","14":"virtual","15":"product-type-simple"},"_links":{"self":[{"href":"https:\/\/www.travel2srilanka.ch\/pl\/wp-json\/wp\/v2\/product\/3286","targetHints":{"allow":["GET"]}}],"collection":[{"href":"https:\/\/www.travel2srilanka.ch\/pl\/wp-json\/wp\/v2\/product"}],"about":[{"href":"https:\/\/www.travel2srilanka.ch\/pl\/wp-json\/wp\/v2\/types\/product"}],"replies":[{"embeddable":true,"href":"https:\/\/www.travel2srilanka.ch\/pl\/wp-json\/wp\/v2\/comments?post=3286"}],"wp:featuredmedia":[{"embeddable":true,"href":"https:\/\/www.travel2srilanka.ch\/pl\/wp-json\/wp\/v2\/media\/3287"}],"wp:attachment":[{"href":"https:\/\/www.travel2srilanka.ch\/pl\/wp-json\/wp\/v2\/media?parent=3286"}],"wp:term":[{"taxonomy":"product_brand","embeddable":true,"href":"https:\/\/www.travel2srilanka.ch\/pl\/wp-json\/wp\/v2\/product_brand?post=3286"},{"taxonomy":"product_cat","embeddable":true,"href":"https:\/\/www.travel2srilanka.ch\/pl\/wp-json\/wp\/v2\/product_cat?post=3286"},{"taxonomy":"product_tag","embeddable":true,"href":"https:\/\/www.travel2srilanka.ch\/pl\/wp-json\/wp\/v2\/product_tag?post=3286"}],"curies":[{"name":"wp","href":"https:\/\/api.w.org\/{rel}","templated":true}]}}