{"id":3302,"date":"2022-04-14T10:17:57","date_gmt":"2022-04-14T08:17:57","guid":{"rendered":"https:\/\/www.travel2srilanka.ch\/?post_type=product&#038;p=3302"},"modified":"2022-04-29T21:24:10","modified_gmt":"2022-04-29T19:24:10","slug":"lake-gregory","status":"publish","type":"product","link":"https:\/\/www.travel2srilanka.ch\/pl\/product\/lake-gregory\/","title":{"rendered":"Speed Boat lub Jet Ski na jeziorze Gregory"},"content":{"rendered":"<div class=\"vc_row wpb_row vc_row-fluid\"><div class=\"wpb_column vc_column_container vc_col-sm-6\"><div class=\"vc_column-inner\"><div class=\"wpb_wrapper\"><div class=\"wpb_gmaps_widget wpb_content_element\"><div class=\"wpb_wrapper\"><div class=\"wpb_map_wraper\"><iframe src=\"https:\/\/www.google.com\/maps\/embed?pb=!1m18!1m12!1m3!1d1444145.025821599!2d79.95255560634105!3d6.982398021303039!2m3!1f0!2f0!3f0!3m2!1i1024!2i768!4f13.1!3m3!1m2!1s0x3ae380f70b675859%3A0x3362d6f28dc32189!2sLake%20Gregory!5e0!3m2!1sde!2sch!4v1649924241229!5m2!1sde!2sch\" width=\"600\" height=\"450\" style=\"border:0;\" allowfullscreen=\"\" loading=\"lazy\" referrerpolicy=\"no-referrer-when-downgrade\"><\/iframe><\/div><\/div><\/div><\/div><\/div><\/div><div class=\"wpb_column vc_column_container vc_col-sm-6\"><div class=\"vc_column-inner\"><div class=\"wpb_wrapper\"><\/div><\/div><\/div><\/div>","protected":false},"excerpt":{"rendered":"<p>Jezioro Gregory to zbiornik wodny w sercu ma\u0142ego miasteczka Nuwara Eliya na Sri Lance, otoczony plantacjami herbaty. Zbiornik powsta\u0142 za kadencji brytyjskiego gubernatora Sir Williama Gregory'ego w 1873 roku i do dzi\u015b jest znanym miejscem do uprawiania sport\u00f3w wodnych i innych zaj\u0119\u0107 rekreacyjnych.<\/p>\n<p>Park przy jeziorze oferuje r\u00f3\u017cne atrakcje, takie jak przeja\u017cd\u017cki motor\u00f3wkami, skuterami wodnymi, peda\u0142ami, kucykami, wypo\u017cyczalnie rower\u00f3w i wiele innych. Wok\u00f3\u0142 jeziora biegnie dobrze utrzymana \u015bcie\u017cka spacerowa o d\u0142ugo\u015bci ok. 5 km, a tak\u017ce kilka ma\u0142ych restauracji i bar\u00f3w - idealnych na spokojny piknik na \u015bwie\u017cym powietrzu.<\/p>","protected":false},"featured_media":3303,"comment_status":"open","ping_status":"closed","template":"","meta":[],"product_brand":[],"product_cat":[55,51,60,65],"product_tag":[],"class_list":{"0":"post-3302","1":"product","2":"type-product","3":"status-publish","4":"has-post-thumbnail","6":"product_cat-outdoors","7":"product_cat-natur-landschaften","8":"product_cat-berge","9":"product_cat-abenteuer","11":"first","12":"instock","13":"virtual","14":"product-type-simple"},"_links":{"self":[{"href":"https:\/\/www.travel2srilanka.ch\/pl\/wp-json\/wp\/v2\/product\/3302","targetHints":{"allow":["GET"]}}],"collection":[{"href":"https:\/\/www.travel2srilanka.ch\/pl\/wp-json\/wp\/v2\/product"}],"about":[{"href":"https:\/\/www.travel2srilanka.ch\/pl\/wp-json\/wp\/v2\/types\/product"}],"replies":[{"embeddable":true,"href":"https:\/\/www.travel2srilanka.ch\/pl\/wp-json\/wp\/v2\/comments?post=3302"}],"wp:featuredmedia":[{"embeddable":true,"href":"https:\/\/www.travel2srilanka.ch\/pl\/wp-json\/wp\/v2\/media\/3303"}],"wp:attachment":[{"href":"https:\/\/www.travel2srilanka.ch\/pl\/wp-json\/wp\/v2\/media?parent=3302"}],"wp:term":[{"taxonomy":"product_brand","embeddable":true,"href":"https:\/\/www.travel2srilanka.ch\/pl\/wp-json\/wp\/v2\/product_brand?post=3302"},{"taxonomy":"product_cat","embeddable":true,"href":"https:\/\/www.travel2srilanka.ch\/pl\/wp-json\/wp\/v2\/product_cat?post=3302"},{"taxonomy":"product_tag","embeddable":true,"href":"https:\/\/www.travel2srilanka.ch\/pl\/wp-json\/wp\/v2\/product_tag?post=3302"}],"curies":[{"name":"wp","href":"https:\/\/api.w.org\/{rel}","templated":true}]}}