{"id":3310,"date":"2022-04-16T12:49:40","date_gmt":"2022-04-16T10:49:40","guid":{"rendered":"https:\/\/www.travel2srilanka.ch\/?post_type=product&#038;p=3310"},"modified":"2022-04-30T18:25:44","modified_gmt":"2022-04-30T16:25:44","slug":"tee-fabrik","status":"publish","type":"product","link":"https:\/\/www.travel2srilanka.ch\/pl\/product\/tee-fabrik\/","title":{"rendered":"Wizyta w fabryce herbaty - st\u0105d pochodzi s\u0142ynna czarna herbata"},"content":{"rendered":"<div class=\"vc_row wpb_row vc_row-fluid\"><div class=\"wpb_column vc_column_container vc_col-sm-6\"><div class=\"vc_column-inner\"><div class=\"wpb_wrapper\"><div class=\"wpb_gmaps_widget wpb_content_element\"><div class=\"wpb_wrapper\"><div class=\"wpb_map_wraper\"><iframe src=\"https:\/\/www.google.com\/maps\/embed?pb=!1m18!1m12!1m3!1d1363129.823189798!2d79.98305100798473!3d6.969222074459153!2m3!1f0!2f0!3f0!3m2!1i1024!2i768!4f13.1!3m3!1m2!1s0x3ae380434e1554c7%3A0x291608404c937d9c!2sNuwara%20Eliya%2C%20Sri%20Lanka!5e0!3m2!1sde!2sch!4v1650106132689!5m2!1sde!2sch\" width=\"600\" height=\"450\" style=\"border:0;\" allowfullscreen=\"\" loading=\"lazy\" referrerpolicy=\"no-referrer-when-downgrade\"><\/iframe><\/div><\/div><\/div><\/div><\/div><\/div><div class=\"wpb_column vc_column_container vc_col-sm-6\"><div class=\"vc_column-inner\"><div class=\"wpb_wrapper\"><\/div><\/div><\/div><\/div>","protected":false},"excerpt":{"rendered":"<p>Sri Lanka jest jednym z najwi\u0119kszych eksporter\u00f3w herbaty na \u015bwiecie i posiada pr\u0119\u017cnie dzia\u0142aj\u0105cy przemys\u0142 herbaciany, kt\u00f3ry dominuje na centralnych wy\u017cynach wyspy. Wprowadzenie herbaty przez brytyjskiego plantatora Jamesa Taylora w 1867 r. zasadniczo zmieni\u0142o topografi\u0119, a nawet demografi\u0119 Sri Lanki.<\/p>\n<p>Wizyta w fabryce herbaty na Sri Lance daje mo\u017cliwo\u015b\u0107 zobaczenia, pow\u0105chania, posmakowania i dotkni\u0119cia herbaty na ka\u017cdym etapie procesu produkcji oraz zrozumienia, dlaczego niekt\u00f3re herbaty smakuj\u0105 tak, a nie inaczej.<\/p>\n<p>Zbieracze przynosz\u0105 do fabryki zerwane li\u015bcie herbaty w specjalnych koszach. St\u0105d li\u015bcie s\u0105 fermentowane, suszone i sortowane. W wielu fabrykach znaczna cz\u0119\u015b\u0107 ci\u0119\u017ckiego sprz\u0119tu pochodzi jeszcze z czas\u00f3w brytyjskich.<\/p>\n<p>Wycieczki mo\u017cna organizowa\u0107 w r\u00f3\u017cnych miejscach i zazwyczaj ko\u0144cz\u0105 si\u0119 degustacj\u0105 r\u00f3\u017cnych odmian uprawianych na plantacji. Zwiedzanie fabryki trwa oko\u0142o godziny i jest r\u00f3wnie\u017c dobr\u0105 okazj\u0105 do zakupu wysokiej jako\u015bci cejlo\u0144skiej herbaty bezpo\u015brednio od producenta.<\/p>","protected":false},"featured_media":3311,"comment_status":"open","ping_status":"closed","template":"","meta":[],"product_brand":[],"product_cat":[50,51,60,62],"product_tag":[],"class_list":{"0":"post-3310","1":"product","2":"type-product","3":"status-publish","4":"has-post-thumbnail","6":"product_cat-kultur","7":"product_cat-natur-landschaften","8":"product_cat-berge","9":"product_cat-menschen-begegnungen","11":"first","12":"instock","13":"virtual","14":"product-type-simple"},"_links":{"self":[{"href":"https:\/\/www.travel2srilanka.ch\/pl\/wp-json\/wp\/v2\/product\/3310","targetHints":{"allow":["GET"]}}],"collection":[{"href":"https:\/\/www.travel2srilanka.ch\/pl\/wp-json\/wp\/v2\/product"}],"about":[{"href":"https:\/\/www.travel2srilanka.ch\/pl\/wp-json\/wp\/v2\/types\/product"}],"replies":[{"embeddable":true,"href":"https:\/\/www.travel2srilanka.ch\/pl\/wp-json\/wp\/v2\/comments?post=3310"}],"wp:featuredmedia":[{"embeddable":true,"href":"https:\/\/www.travel2srilanka.ch\/pl\/wp-json\/wp\/v2\/media\/3311"}],"wp:attachment":[{"href":"https:\/\/www.travel2srilanka.ch\/pl\/wp-json\/wp\/v2\/media?parent=3310"}],"wp:term":[{"taxonomy":"product_brand","embeddable":true,"href":"https:\/\/www.travel2srilanka.ch\/pl\/wp-json\/wp\/v2\/product_brand?post=3310"},{"taxonomy":"product_cat","embeddable":true,"href":"https:\/\/www.travel2srilanka.ch\/pl\/wp-json\/wp\/v2\/product_cat?post=3310"},{"taxonomy":"product_tag","embeddable":true,"href":"https:\/\/www.travel2srilanka.ch\/pl\/wp-json\/wp\/v2\/product_tag?post=3310"}],"curies":[{"name":"wp","href":"https:\/\/api.w.org\/{rel}","templated":true}]}}