{"id":3334,"date":"2022-04-16T13:51:20","date_gmt":"2022-04-16T11:51:20","guid":{"rendered":"https:\/\/www.travel2srilanka.ch\/?post_type=product&#038;p=3334"},"modified":"2022-04-28T17:14:31","modified_gmt":"2022-04-28T15:14:31","slug":"wassersport","status":"publish","type":"product","link":"https:\/\/www.travel2srilanka.ch\/pl\/product\/wassersport\/","title":{"rendered":"Sporty wodne - wakeboard, narty wodne, \u0142\u00f3d\u017a typu banan, skuter wodny itp."},"content":{"rendered":"<div class=\"vc_row wpb_row vc_row-fluid\"><div class=\"wpb_column vc_column_container vc_col-sm-6\"><div class=\"vc_column-inner\"><div class=\"wpb_wrapper\"><div class=\"wpb_gmaps_widget wpb_content_element\"><div class=\"wpb_wrapper\"><div class=\"wpb_map_wraper\"><iframe src=\"https:\/\/www.google.com\/maps\/embed?pb=!1m18!1m12!1m3!1d979103.4281162649!2d79.86097937074695!3d6.365544299869552!2m3!1f0!2f0!3f0!3m2!1i1024!2i768!4f13.1!3m3!1m2!1s0x3ae22e900168ca21%3A0x96c438f00a68c060!2sBentota%2C%20Sri%20Lanka!5e0!3m2!1sde!2sch!4v1650109850466!5m2!1sde!2sch\" width=\"600\" height=\"450\" style=\"border:0;\" allowfullscreen=\"\" loading=\"lazy\" referrerpolicy=\"no-referrer-when-downgrade\"><\/iframe><\/div><\/div><\/div><\/div><\/div><\/div><div class=\"wpb_column vc_column_container vc_col-sm-6\"><div class=\"vc_column-inner\"><div class=\"wpb_wrapper\"><\/div><\/div><\/div><\/div>","protected":false},"excerpt":{"rendered":"<p>Prze\u017cyj zabaw\u0119 i akcj\u0119 na wodzie. Laguna Bentona to prawdopodobnie najs\u0142ynniejsze miejsce na Sri Lance do uprawiania sport\u00f3w wodnych. Istnieje wiele r\u00f3\u017cnych o\u015brodk\u00f3w sport\u00f3w wodnych oferuj\u0105cych r\u00f3\u017cnego rodzaju atrakcje. Nale\u017c\u0105 do nich: wakeboarding, narty wodne, banan boat, jet ski, tuba\/donut, flyfish, sofa boat i canoeing.<\/p>\n<p>Jednym z naszych ulubionych o\u015brodk\u00f3w jest Siggi's Watersports Centre. Siggi by\u0142 mistrzem \u015bwiata w narciarstwie wodnym. Przesympatyczny ch\u0142opak z du\u017c\u0105 wiedz\u0105 na temat sport\u00f3w wodnych na Sri Lance. Naucz si\u0119 je\u017adzi\u0107 na nartach wodnych od najlepszych!<\/p>","protected":false},"featured_media":3335,"comment_status":"open","ping_status":"closed","template":"","meta":[],"product_brand":[],"product_cat":[55,52,54,65,64],"product_tag":[],"class_list":{"0":"post-3334","1":"product","2":"type-product","3":"status-publish","4":"has-post-thumbnail","6":"product_cat-outdoors","7":"product_cat-lagunen-mangroven","8":"product_cat-straende","9":"product_cat-abenteuer","10":"product_cat-sport","12":"first","13":"instock","14":"virtual","15":"product-type-simple"},"_links":{"self":[{"href":"https:\/\/www.travel2srilanka.ch\/pl\/wp-json\/wp\/v2\/product\/3334","targetHints":{"allow":["GET"]}}],"collection":[{"href":"https:\/\/www.travel2srilanka.ch\/pl\/wp-json\/wp\/v2\/product"}],"about":[{"href":"https:\/\/www.travel2srilanka.ch\/pl\/wp-json\/wp\/v2\/types\/product"}],"replies":[{"embeddable":true,"href":"https:\/\/www.travel2srilanka.ch\/pl\/wp-json\/wp\/v2\/comments?post=3334"}],"wp:featuredmedia":[{"embeddable":true,"href":"https:\/\/www.travel2srilanka.ch\/pl\/wp-json\/wp\/v2\/media\/3335"}],"wp:attachment":[{"href":"https:\/\/www.travel2srilanka.ch\/pl\/wp-json\/wp\/v2\/media?parent=3334"}],"wp:term":[{"taxonomy":"product_brand","embeddable":true,"href":"https:\/\/www.travel2srilanka.ch\/pl\/wp-json\/wp\/v2\/product_brand?post=3334"},{"taxonomy":"product_cat","embeddable":true,"href":"https:\/\/www.travel2srilanka.ch\/pl\/wp-json\/wp\/v2\/product_cat?post=3334"},{"taxonomy":"product_tag","embeddable":true,"href":"https:\/\/www.travel2srilanka.ch\/pl\/wp-json\/wp\/v2\/product_tag?post=3334"}],"curies":[{"name":"wp","href":"https:\/\/api.w.org\/{rel}","templated":true}]}}