{"id":3345,"date":"2022-04-16T14:52:42","date_gmt":"2022-04-16T12:52:42","guid":{"rendered":"https:\/\/www.travel2srilanka.ch\/?post_type=product&#038;p=3345"},"modified":"2022-11-13T01:28:52","modified_gmt":"2022-11-13T00:28:52","slug":"quad-tour","status":"publish","type":"product","link":"https:\/\/www.travel2srilanka.ch\/pl\/product\/quad-tour\/","title":{"rendered":"Wycieczka quadem - offroad na plantacjach herbaty"},"content":{"rendered":"<div class=\"vc_row wpb_row vc_row-fluid\"><div class=\"wpb_column vc_column_container vc_col-sm-4\"><div class=\"vc_column-inner\"><div class=\"wpb_wrapper\"><div class=\"wpb_gmaps_widget wpb_content_element\"><div class=\"wpb_wrapper\"><div class=\"wpb_map_wraper\"><iframe src=\"https:\/\/www.google.com\/maps\/embed?pb=!1m18!1m12!1m3!1d1277414.3937791276!2d80.24669087810577!3d6.951723607181508!2m3!1f0!2f0!3f0!3m2!1i1024!2i768!4f13.1!3m3!1m2!1s0x3ae465767f6c6707%3A0x4a975162cb36da71!2sFlying%20Ravana%20Mega%20Zipline!5e0!3m2!1sde!2sch!4v1649796248951!5m2!1sde!2sch\" width=\"600\" height=\"450\" style=\"border:0;\" allowfullscreen=\"\" loading=\"lazy\" referrerpolicy=\"no-referrer-when-downgrade\"><\/iframe><\/div><\/div><\/div><\/div><\/div><\/div><div class=\"wpb_column vc_column_container vc_col-sm-8\"><div class=\"vc_column-inner\"><div class=\"wpb_wrapper\">\n\t<div class=\"wpb_video_widget wpb_content_element vc_clearfix   vc_video-aspect-ratio-169 vc_video-el-width-100 vc_video-align-left\" >\n\t\t<div class=\"wpb_wrapper\">\n\t\t\t\n\t\t\t<div class=\"wpb_video_wrapper\"><iframe loading=\"lazy\" title=\"Flying Ravana Adventures - ATV Sri Lanka\" width=\"1180\" height=\"664\" src=\"https:\/\/www.youtube.com\/embed\/EK0_3b0VQnw?feature=oembed\" frameborder=\"0\" allow=\"accelerometer; autoplay; clipboard-write; encrypted-media; gyroscope; picture-in-picture\" allowfullscreen><\/iframe><\/div>\n\t\t<\/div>\n\t<\/div>\n<\/div><\/div><\/div><\/div>","protected":false},"excerpt":{"rendered":"<p>Wskocz na pot\u0119\u017cny quad i objed\u017a teren Flying Ravana w Elli. Specjalnie przygotowany teren off-road to ekscytuj\u0105ca trasa, zw\u0142aszcza dla mi\u0142o\u015bnik\u00f3w adrenaliny. Prowadzi przez wszelkiego rodzaju b\u0142otniste i gruntowe \u015bcie\u017cki, wzg\u00f3rza i zbocza, pola herbaciane i d\u017cungl\u0119, mijaj\u0105c malownicze punkty widokowe na przepi\u0119kne krajobrazy Sri Lanki. Po drodze odkryjesz kultowy i prywatny punkt fotograficzny \"Ravana Lookout\", z najszerszym i najczystszym, 270-stopniowym widokiem na Ella Gap.<\/p>\n<p>Zesp\u00f3\u0142 Flying Ravana dba o bezpiecze\u0144stwo uczestnik\u00f3w, zapewniaj\u0105c przewodnika i wyposa\u017caj\u0105c ich w odpowiedni, certyfikowany sprz\u0119t ochronny. Program trwa jedn\u0105 godzin\u0119, w tym wliczaj\u0105c szkolenie.<\/p>","protected":false},"featured_media":3346,"comment_status":"open","ping_status":"closed","template":"","meta":[],"product_brand":[],"product_cat":[55,51,60,65,61],"product_tag":[],"class_list":{"0":"post-3345","1":"product","2":"type-product","3":"status-publish","4":"has-post-thumbnail","6":"product_cat-outdoors","7":"product_cat-natur-landschaften","8":"product_cat-berge","9":"product_cat-abenteuer","10":"product_cat-instagram-hotspots","12":"first","13":"instock","14":"virtual","15":"product-type-simple"},"_links":{"self":[{"href":"https:\/\/www.travel2srilanka.ch\/pl\/wp-json\/wp\/v2\/product\/3345","targetHints":{"allow":["GET"]}}],"collection":[{"href":"https:\/\/www.travel2srilanka.ch\/pl\/wp-json\/wp\/v2\/product"}],"about":[{"href":"https:\/\/www.travel2srilanka.ch\/pl\/wp-json\/wp\/v2\/types\/product"}],"replies":[{"embeddable":true,"href":"https:\/\/www.travel2srilanka.ch\/pl\/wp-json\/wp\/v2\/comments?post=3345"}],"wp:featuredmedia":[{"embeddable":true,"href":"https:\/\/www.travel2srilanka.ch\/pl\/wp-json\/wp\/v2\/media\/3346"}],"wp:attachment":[{"href":"https:\/\/www.travel2srilanka.ch\/pl\/wp-json\/wp\/v2\/media?parent=3345"}],"wp:term":[{"taxonomy":"product_brand","embeddable":true,"href":"https:\/\/www.travel2srilanka.ch\/pl\/wp-json\/wp\/v2\/product_brand?post=3345"},{"taxonomy":"product_cat","embeddable":true,"href":"https:\/\/www.travel2srilanka.ch\/pl\/wp-json\/wp\/v2\/product_cat?post=3345"},{"taxonomy":"product_tag","embeddable":true,"href":"https:\/\/www.travel2srilanka.ch\/pl\/wp-json\/wp\/v2\/product_tag?post=3345"}],"curies":[{"name":"wp","href":"https:\/\/api.w.org\/{rel}","templated":true}]}}