{"id":3385,"date":"2022-05-07T12:44:49","date_gmt":"2022-05-07T10:44:49","guid":{"rendered":"https:\/\/www.travel2srilanka.ch\/?post_type=product&#038;p=3385"},"modified":"2022-11-13T00:35:45","modified_gmt":"2022-11-12T23:35:45","slug":"beachdays","status":"publish","type":"product","link":"https:\/\/www.travel2srilanka.ch\/pl\/product\/beachdays\/","title":{"rendered":"Pla\u017cowanie - relaks na pla\u017cy"},"content":{"rendered":"<div class=\"vc_row wpb_row vc_row-fluid\"><div class=\"wpb_column vc_column_container vc_col-sm-6\"><div class=\"vc_column-inner\"><div class=\"wpb_wrapper\"><div class=\"wpb_gmaps_widget wpb_content_element\"><div class=\"wpb_wrapper\"><div class=\"wpb_map_wraper\"><iframe loading=\"lazy\" src=\"https:\/\/www.google.com\/maps\/d\/embed?mid=1aV6xWE7ZllFv5fA266VRyxjDiNIVeTqG&ehbc=2E312F\" width=\"640\" height=\"480\"><\/iframe><\/div><\/div><\/div><\/div><\/div><\/div><div class=\"wpb_column vc_column_container vc_col-sm-6\"><div class=\"vc_column-inner\"><div class=\"wpb_wrapper\">\n\t<div class=\"wpb_video_widget wpb_content_element vc_clearfix   vc_video-aspect-ratio-169 vc_video-el-width-100 vc_video-align-left\" >\n\t\t<div class=\"wpb_wrapper\">\n\t\t\t\n\t\t\t<div class=\"wpb_video_wrapper\"><iframe loading=\"lazy\" title=\"Surfing Hotspot Hikkaduwa Beach in Sri Lanka - Travel2SriLanka.ch\" width=\"1180\" height=\"664\" src=\"https:\/\/www.youtube.com\/embed\/DfKd5P3DpXw?feature=oembed\" frameborder=\"0\" allow=\"accelerometer; autoplay; clipboard-write; encrypted-media; gyroscope; picture-in-picture\" allowfullscreen><\/iframe><\/div>\n\t\t<\/div>\n\t<\/div>\n<\/div><\/div><\/div><\/div>","protected":false},"excerpt":{"rendered":"<p>Wyspa Sri Lanka jest prawdziwym, naturalnym rajem i s\u0142ynie z niezliczonych i r\u00f3\u017cnorodnych pla\u017c. Ludzie z ca\u0142ego \u015bwiata przyje\u017cd\u017caj\u0105 tu, aby odkry\u0107 najlepsze pla\u017ce kraju. Malownicze widoki tych pi\u0119knych, piaszczystych pla\u017c zapraszaj\u0105 do relaksu i odpr\u0119\u017cenia przy szumie fal.<\/p>\n<p>Planowanie z wyprzedzeniem jest wa\u017cne, poniewa\u017c Sri Lanka ma dwie pory monsunowe, kt\u00f3re wp\u0142ywaj\u0105 na r\u00f3\u017cne obszary wyspy w r\u00f3\u017cnym czasie. O\u015brodki wypoczynkowe i pla\u017ce na zachodzie i po\u0142udniowym zachodzie powinno si\u0119 unika\u0107 od maja do wrze\u015bnia, natomiast na wschodzie i p\u00f3\u0142nocy pora deszczowa trwa od pa\u017adziernika do lutego.<\/p>\n<p>Wystarczy wpisa\u0107 w uwagach, w formularzu, ile dni urlopu na Sri Lance chcieliby\u015bcie sp\u0119dzi\u0107 wypoczywaj\u0105c na pla\u017cy. Nast\u0119pnie zaplanujemy dla Pa\u0144stwa najlepszy, mo\u017cliwy o\u015brodek pla\u017cowy zgodnie z Pa\u0144stwa planem podr\u00f3\u017cy i por\u0105 roku. Dla przyk\u0142adu Bentota w sezonie zimowym jest idealna dla rodzin lub os\u00f3b preferuj\u0105cych cisz\u0119 i spok\u00f3j. Z kolei Hikkaduwa jest popularna w\u015br\u00f3d surfer\u00f3w. W sezonie letnim najcz\u0119\u015bciej wybieramy pla\u017ce na wschodnim wybrze\u017cu, aby unikn\u0105\u0107 deszczu na po\u0142udniowym zachodzie.<\/p>","protected":false},"featured_media":3406,"comment_status":"open","ping_status":"closed","template":"..\/public\/views\/revslider-page-template.php","meta":[],"product_brand":[],"product_cat":[51,52,54,66],"product_tag":[],"class_list":{"0":"post-3385","1":"product","2":"type-product","3":"status-publish","4":"has-post-thumbnail","6":"product_cat-natur-landschaften","7":"product_cat-lagunen-mangroven","8":"product_cat-straende","9":"product_cat-entspannen-erholen","11":"first","12":"instock","13":"virtual","14":"product-type-simple"},"_links":{"self":[{"href":"https:\/\/www.travel2srilanka.ch\/pl\/wp-json\/wp\/v2\/product\/3385","targetHints":{"allow":["GET"]}}],"collection":[{"href":"https:\/\/www.travel2srilanka.ch\/pl\/wp-json\/wp\/v2\/product"}],"about":[{"href":"https:\/\/www.travel2srilanka.ch\/pl\/wp-json\/wp\/v2\/types\/product"}],"replies":[{"embeddable":true,"href":"https:\/\/www.travel2srilanka.ch\/pl\/wp-json\/wp\/v2\/comments?post=3385"}],"wp:featuredmedia":[{"embeddable":true,"href":"https:\/\/www.travel2srilanka.ch\/pl\/wp-json\/wp\/v2\/media\/3406"}],"wp:attachment":[{"href":"https:\/\/www.travel2srilanka.ch\/pl\/wp-json\/wp\/v2\/media?parent=3385"}],"wp:term":[{"taxonomy":"product_brand","embeddable":true,"href":"https:\/\/www.travel2srilanka.ch\/pl\/wp-json\/wp\/v2\/product_brand?post=3385"},{"taxonomy":"product_cat","embeddable":true,"href":"https:\/\/www.travel2srilanka.ch\/pl\/wp-json\/wp\/v2\/product_cat?post=3385"},{"taxonomy":"product_tag","embeddable":true,"href":"https:\/\/www.travel2srilanka.ch\/pl\/wp-json\/wp\/v2\/product_tag?post=3385"}],"curies":[{"name":"wp","href":"https:\/\/api.w.org\/{rel}","templated":true}]}}